{"id":17522,"date":"2024-09-16T03:37:15","date_gmt":"2024-09-16T01:37:15","guid":{"rendered":"https:\/\/shop.polonarko.com\/produkt\/polonarko-basic-noir-rouge\/"},"modified":"2024-10-09T13:54:47","modified_gmt":"2024-10-09T11:54:47","slug":"polonarko-basic-noir-rouge","status":"publish","type":"product","link":"https:\/\/shop.polonarko.com\/fr\/produkt\/polonarko-basic-noir-rouge\/","title":{"rendered":"POLONARKO \u00ab\u00a0BASIC\u00a0\u00bb NOIR-ROUGE"},"content":{"rendered":"\t\t<div data-elementor-type=\"wp-post\" data-elementor-id=\"17522\" class=\"elementor elementor-17522 elementor-15918\">\n\t\t\t\t<div class=\"elementor-element elementor-element-64b7356 e-flex e-con-boxed wd-section-disabled e-con e-parent\" data-id=\"64b7356\" data-element_type=\"container\">\n\t\t\t\t\t<div class=\"e-con-inner\">\n\t\t\t\t<div class=\"elementor-element elementor-element-5aa2ace elementor-widget elementor-widget-wd_image_or_svg\" data-id=\"5aa2ace\" data-element_type=\"widget\" data-widget_type=\"wd_image_or_svg.default\">\n\t\t\t\t<div class=\"elementor-widget-container\">\n\t\t\t\n\t\t<div class=\"wd-image text-center\">\n\t\t\t\t\t\t\t\t<img fetchpriority=\"high\" decoding=\"async\" width=\"400\" height=\"200\" src=\"https:\/\/shop.polonarko.com\/wp-content\/uploads\/2024\/08\/logo-400x200.webp\" class=\"attachment-medium size-medium\" alt=\"Polonarko logo\" srcset=\"https:\/\/shop.polonarko.com\/wp-content\/uploads\/2024\/08\/logo-400x200.webp 400w, https:\/\/shop.polonarko.com\/wp-content\/uploads\/2024\/08\/logo-1300x650.webp 1300w, https:\/\/shop.polonarko.com\/wp-content\/uploads\/2024\/08\/logo-768x384.webp 768w, https:\/\/shop.polonarko.com\/wp-content\/uploads\/2024\/08\/logo-1536x768.webp 1536w, https:\/\/shop.polonarko.com\/wp-content\/uploads\/2024\/08\/logo-2048x1024.webp 2048w, https:\/\/shop.polonarko.com\/wp-content\/uploads\/2024\/08\/logo-860x430.webp 860w, https:\/\/shop.polonarko.com\/wp-content\/uploads\/2024\/08\/logo-430x215.webp 430w, https:\/\/shop.polonarko.com\/wp-content\/uploads\/2024\/08\/logo-700x350.webp 700w, https:\/\/shop.polonarko.com\/wp-content\/uploads\/2024\/08\/logo-150x75.webp 150w, https:\/\/shop.polonarko.com\/wp-content\/uploads\/2024\/08\/logo-e1726125761427.webp 1200w\" sizes=\"(max-width: 400px) 100vw, 400px\" \/>\t\t\t\t\t<\/div>\n\n\t\t\t\t<\/div>\n\t\t\t\t<\/div>\n\t\t\t\t\t<\/div>\n\t\t\t\t<\/div>\n\t\t<div class=\"elementor-element elementor-element-02a77ce e-flex e-con-boxed wd-section-disabled e-con e-parent\" data-id=\"02a77ce\" data-element_type=\"container\">\n\t\t\t\t\t<div class=\"e-con-inner\">\n\t\t\t\t<div class=\"elementor-element elementor-element-354f25a elementor-widget elementor-widget-wd_table\" data-id=\"354f25a\" data-element_type=\"widget\" data-widget_type=\"wd_table.default\">\n\t\t\t\t<div class=\"elementor-widget-container\">\n\t\t\t\t\t<div class=\"wd-el-table-wrap wd-reset-all-last\">\n\t\t\t<table class=\"wd-el-table\">\n\t\t\t\t\t\t\t\t\t<thead class=\"text-left\">\n\t\t\t\t\t\t\t\t\t\t\t\t\t\t\t\t\t\t\t\t\t\t\t\t\t\t\t\t\t\t<tr class=\"wd-table-row elementor-repeater-item-0853997\">\n\t\t\t\t\t\t\t\t\t\t\t\t\t\t\t\t\t\t\t\t\t\t\t\t\t\t\t\t\t\t\t\t\t\t\t\t<th class=\"wd-table-cell elementor-repeater-item-b5614aa\" colspan=\"1\" rowspan=\"1\">\n\t\t\t\t\t\t\t\t\t<p>dimensions W CM<\/p>\t\t\t\t\t\t\t\t<\/th>\n\t\t\t\t\t\t\t\t\t\t\t\t\t\t\t\t\t\t\t\t\t\t\t\t\t\t\t\t<th class=\"wd-table-cell elementor-repeater-item-592843c\" colspan=\"1\" rowspan=\"1\">\n\t\t\t\t\t\t\t\t\t<p>petit<\/p>\t\t\t\t\t\t\t\t<\/th>\n\t\t\t\t\t\t\t\t\t\t\t\t\t\t\t\t\t\t\t\t\t\t\t\t\t\t\t\t<th class=\"wd-table-cell elementor-repeater-item-b8ea54a\" colspan=\"1\" rowspan=\"1\">\n\t\t\t\t\t\t\t\t\t<p>moyen<\/p>\t\t\t\t\t\t\t\t<\/th>\n\t\t\t\t\t\t\t\t\t\t\t\t\t\t\t\t\t\t\t\t\t\t\t\t\t\t\t\t<th class=\"wd-table-cell elementor-repeater-item-18ada3f\" colspan=\"1\" rowspan=\"1\">\n\t\t\t\t\t\t\t\t\t<p>important<\/p>\t\t\t\t\t\t\t\t<\/th>\n\t\t\t\t\t\t\t\t\t\t\t\t\t\t\t\t\t\t\t\t\t\t\t\t\t\t\t\t<th class=\"wd-table-cell elementor-repeater-item-5ec0c09\" colspan=\"1\" rowspan=\"1\">\n\t\t\t\t\t\t\t\t\t<p>tr\u00e8s grand<\/p>\t\t\t\t\t\t\t\t<\/th>\n\t\t\t\t\t\t\t\t\t\t\t\t\t\t\t\t\t\t\t<\/tr>\n\t\t\t\t\t<\/thead>\n\t\t\t\t\n\t\t\t\t<tbody class=\"text-left\">\n\t\t\t\t\t\t\t\t\t\t\t\t\t\t\t\t\t\t\t\t\t\t\t\t\t\t<tr class=\"wd-table-row elementor-repeater-item-3b90a33\">\n\t\t\t\t\t\t\t\t\t\t\t\t\t\t\t\t\t\t\t\t\t\t\t\t\t\t\t\t\t\t\t<td class=\"wd-table-cell elementor-repeater-item-13dc106\" colspan=\"1\" rowspan=\"1\">\n\t\t\t\t\t\t\t<p><strong>LONGUEUR DU CHEMISIER<\/strong><\/p>\t\t\t\t\t\t\t<\/td>\n\t\t\t\t\t\t\t\t\t\t\t\t\t\t\t\t\t\t\t\t\t\t\t\t<td class=\"wd-table-cell elementor-repeater-item-b3aa7d3\" colspan=\"1\" rowspan=\"1\">\n\t\t\t\t\t\t\t<p>76 CM<\/p>\t\t\t\t\t\t\t<\/td>\n\t\t\t\t\t\t\t\t\t\t\t\t\t\t\t\t\t\t\t\t\t\t\t\t<td class=\"wd-table-cell elementor-repeater-item-576b39e\" colspan=\"1\" rowspan=\"1\">\n\t\t\t\t\t\t\t<p>78 CM<\/p>\t\t\t\t\t\t\t<\/td>\n\t\t\t\t\t\t\t\t\t\t\t\t\t\t\t\t\t\t\t\t\t\t\t\t<td class=\"wd-table-cell elementor-repeater-item-ccdf645\" colspan=\"1\" rowspan=\"1\">\n\t\t\t\t\t\t\t<p>80 CM<\/p>\t\t\t\t\t\t\t<\/td>\n\t\t\t\t\t\t\t\t\t\t\t\t\t\t\t\t\t\t\t\t\t\t\t\t<td class=\"wd-table-cell elementor-repeater-item-e0752e5\" colspan=\"1\" rowspan=\"1\">\n\t\t\t\t\t\t\t<p>82 CM<\/p>\t\t\t\t\t\t\t<\/td>\n\t\t\t\t\t\t\t\t\t\t\t\t\t\t\t\t\t\t\t\t\t\t\t\t\t\t\t\t\t\t\t\t<\/tr>\n\t\t\t\t\t\t\t\t<tr class=\"wd-table-row elementor-repeater-item-3ba53f4\">\n\t\t\t\t\t\t\t\t\t\t\t\t\t\t\t\t\t\t\t\t\t\t\t\t\t\t\t\t\t\t\t<td class=\"wd-table-cell elementor-repeater-item-dbbf925\" colspan=\"1\" rowspan=\"1\">\n\t\t\t\t\t\t\t<p><strong>LARGEUR<\/strong><br><strong>DANS LA POITRINE<\/strong><\/p>\t\t\t\t\t\t\t<\/td>\n\t\t\t\t\t\t\t\t\t\t\t\t\t\t\t\t\t\t\t\t\t\t\t\t<td class=\"wd-table-cell elementor-repeater-item-e7247a0\" colspan=\"1\" rowspan=\"1\">\n\t\t\t\t\t\t\t<p>57 CM<\/p>\t\t\t\t\t\t\t<\/td>\n\t\t\t\t\t\t\t\t\t\t\t\t\t\t\t\t\t\t\t\t\t\t\t\t<td class=\"wd-table-cell elementor-repeater-item-1e06644\" colspan=\"1\" rowspan=\"1\">\n\t\t\t\t\t\t\t<p>60 CM<\/p>\t\t\t\t\t\t\t<\/td>\n\t\t\t\t\t\t\t\t\t\t\t\t\t\t\t\t\t\t\t\t\t\t\t\t<td class=\"wd-table-cell elementor-repeater-item-c80c2c6\" colspan=\"1\" rowspan=\"1\">\n\t\t\t\t\t\t\t<p>63 CM<\/p>\t\t\t\t\t\t\t<\/td>\n\t\t\t\t\t\t\t\t\t\t\t\t\t\t\t\t\t\t\t\t\t\t\t\t<td class=\"wd-table-cell elementor-repeater-item-e1ac5c5\" colspan=\"1\" rowspan=\"1\">\n\t\t\t\t\t\t\t<p>66 CM<\/p>\t\t\t\t\t\t\t<\/td>\n\t\t\t\t\t\t\t\t\t\t\t\t\t\t\t\t\t\t\t\t\t\t\t\t\t\t\t\t\t\t\t\t<\/tr>\n\t\t\t\t\t\t\t\t<tr class=\"wd-table-row elementor-repeater-item-fa18be5\">\n\t\t\t\t\t\t\t\t\t\t\t\t\t\t\t\t\t\t\t\t\t\t\t\t\t\t\t\t\t\t\t<td class=\"wd-table-cell elementor-repeater-item-0fc9001\" colspan=\"1\" rowspan=\"1\">\n\t\t\t\t\t\t\t<p><strong>LONGUEUR DE LA GAINE<\/strong><\/p>\t\t\t\t\t\t\t<\/td>\n\t\t\t\t\t\t\t\t\t\t\t\t\t\t\t\t\t\t\t\t\t\t\t\t<td class=\"wd-table-cell elementor-repeater-item-58d9e76\" colspan=\"1\" rowspan=\"1\">\n\t\t\t\t\t\t\t<p>21 CM<\/p>\t\t\t\t\t\t\t<\/td>\n\t\t\t\t\t\t\t\t\t\t\t\t\t\t\t\t\t\t\t\t\t\t\t\t<td class=\"wd-table-cell elementor-repeater-item-da2f071\" colspan=\"1\" rowspan=\"1\">\n\t\t\t\t\t\t\t<p>22 CM<\/p>\t\t\t\t\t\t\t<\/td>\n\t\t\t\t\t\t\t\t\t\t\t\t\t\t\t\t\t\t\t\t\t\t\t\t<td class=\"wd-table-cell elementor-repeater-item-c4a1fa8\" colspan=\"1\" rowspan=\"1\">\n\t\t\t\t\t\t\t<p>23 CM<\/p>\t\t\t\t\t\t\t<\/td>\n\t\t\t\t\t\t\t\t\t\t\t\t\t\t\t\t\t\t\t\t\t\t\t\t<td class=\"wd-table-cell elementor-repeater-item-f78365d\" colspan=\"1\" rowspan=\"1\">\n\t\t\t\t\t\t\t<p>24 CM<\/p>\t\t\t\t\t\t\t<\/td>\n\t\t\t\t\t\t\t\t\t\t\t\t\t\t\t\t<\/tr>\n\t\t\t\t<\/tbody>\n\t\t\t<\/table>\n\t\t<\/div>\n\t\t\t\t<\/div>\n\t\t\t\t<\/div>\n\t\t\t\t\t<\/div>\n\t\t\t\t<\/div>\n\t\t\t\t<\/div>\n\t\t","protected":false},"excerpt":{"rendered":"<p>LE T-SHIRT \u00ab\u00a0BASIC\u00a0\u00bb DE POLONARKO EST EN 100% COTON. CHAQUE T-SHIRT A SON PROPRE NUM\u00c9RO ET EST LIMIT\u00c9 EN NOMBRE. LE GRAMMAGE EST DE 240 G\/M\u00b2, CE QUI DONNE UNE IMPRESSION DE HAUTE QUALIT\u00c9. LA MATI\u00c8RE A \u00c9T\u00c9 MERCERIS\u00c9E POUR AM\u00c9LIORER SA DURABILIT\u00c9. IL S&rsquo;AGIT D&rsquo;UNE BRODERIE EN JERSEY SIMPLE. LE T-SHIRT EST SURDIMENSIONN\u00c9, CE QUI LE REND EXTR\u00caMEMENT CONFORTABLE ET RESPIRANT. LE DEVANT DU T-SHIRT EST ORN\u00c9 D&rsquo;UNE BRODERIE \u00c9PAISSE ET DURABLE PORTANT LE LOGO DE NOTRE MARQUE. LE T-SHIRT EST \u00c9GALEMENT DOT\u00c9 D&rsquo;\u00c9TIQUETTES EN SILICONE HYPOALLERG\u00c9NIQUES ET D&rsquo;UNE POCHE CACH\u00c9E SOUS LA RECETTE DE LAVAGE.       <\/p>\n","protected":false},"featured_media":18118,"template":"","meta":[],"product_brand":[],"product_cat":[103],"product_tag":[],"class_list":{"0":"post-17522","1":"product","2":"type-product","3":"status-publish","4":"has-post-thumbnail","6":"product_cat-vetements","8":"first","9":"instock","10":"shipping-taxable","11":"purchasable","12":"product-type-variable"},"yoast_head":"<!-- This site is optimized with the Yoast SEO plugin v24.6 - https:\/\/yoast.com\/wordpress\/plugins\/seo\/ -->\n<title>POLONARKO &quot;BASIC&quot; NOIR-ROUGE - POLONARKO<\/title>\n<meta name=\"robots\" content=\"index, follow, max-snippet:-1, max-image-preview:large, max-video-preview:-1\" \/>\n<link rel=\"canonical\" href=\"https:\/\/shop.polonarko.com\/fr\/produkt\/polonarko-basic-noir-rouge\/\" \/>\n<meta property=\"og:locale\" content=\"fr_FR\" \/>\n<meta property=\"og:type\" content=\"article\" \/>\n<meta property=\"og:title\" content=\"POLONARKO &quot;BASIC&quot; NOIR-ROUGE - POLONARKO\" \/>\n<meta property=\"og:description\" content=\"LE T-SHIRT &quot;BASIC&quot; DE POLONARKO EST EN 100% COTON. CHAQUE T-SHIRT A SON PROPRE NUM\u00c9RO ET EST LIMIT\u00c9 EN NOMBRE. LE GRAMMAGE EST DE 240 G\/M\u00b2, CE QUI DONNE UNE IMPRESSION DE HAUTE QUALIT\u00c9. LA MATI\u00c8RE A \u00c9T\u00c9 MERCERIS\u00c9E POUR AM\u00c9LIORER SA DURABILIT\u00c9. IL S&#039;AGIT D&#039;UNE BRODERIE EN JERSEY SIMPLE. LE T-SHIRT EST SURDIMENSIONN\u00c9, CE QUI LE REND EXTR\u00caMEMENT CONFORTABLE ET RESPIRANT. LE DEVANT DU T-SHIRT EST ORN\u00c9 D&#039;UNE BRODERIE \u00c9PAISSE ET DURABLE PORTANT LE LOGO DE NOTRE MARQUE. LE T-SHIRT EST \u00c9GALEMENT DOT\u00c9 D&#039;\u00c9TIQUETTES EN SILICONE HYPOALLERG\u00c9NIQUES ET D&#039;UNE POCHE CACH\u00c9E SOUS LA RECETTE DE LAVAGE.\" \/>\n<meta property=\"og:url\" content=\"https:\/\/shop.polonarko.com\/fr\/produkt\/polonarko-basic-noir-rouge\/\" \/>\n<meta property=\"og:site_name\" content=\"POLONARKO\" \/>\n<meta property=\"article:modified_time\" content=\"2024-10-09T11:54:47+00:00\" \/>\n<meta property=\"og:image\" content=\"https:\/\/shop.polonarko.com\/wp-content\/uploads\/2024\/09\/czarnaczerwony.jpg\" \/>\n\t<meta property=\"og:image:width\" content=\"1200\" \/>\n\t<meta property=\"og:image:height\" content=\"1200\" \/>\n\t<meta property=\"og:image:type\" content=\"image\/jpeg\" \/>\n<meta name=\"twitter:card\" content=\"summary_large_image\" \/>\n<script type=\"application\/ld+json\" class=\"yoast-schema-graph\">{\"@context\":\"https:\/\/schema.org\",\"@graph\":[{\"@type\":\"WebPage\",\"@id\":\"https:\/\/shop.polonarko.com\/fr\/produkt\/polonarko-basic-noir-rouge\/\",\"url\":\"https:\/\/shop.polonarko.com\/fr\/produkt\/polonarko-basic-noir-rouge\/\",\"name\":\"POLONARKO \\\"BASIC\\\" NOIR-ROUGE - POLONARKO\",\"isPartOf\":{\"@id\":\"https:\/\/shop.polonarko.com\/fr\/#website\"},\"primaryImageOfPage\":{\"@id\":\"https:\/\/shop.polonarko.com\/fr\/produkt\/polonarko-basic-noir-rouge\/#primaryimage\"},\"image\":{\"@id\":\"https:\/\/shop.polonarko.com\/fr\/produkt\/polonarko-basic-noir-rouge\/#primaryimage\"},\"thumbnailUrl\":\"https:\/\/shop.polonarko.com\/wp-content\/uploads\/2025\/03\/Czarna-czerwone-logo.png\",\"datePublished\":\"2024-09-16T01:37:15+00:00\",\"dateModified\":\"2024-10-09T11:54:47+00:00\",\"breadcrumb\":{\"@id\":\"https:\/\/shop.polonarko.com\/fr\/produkt\/polonarko-basic-noir-rouge\/#breadcrumb\"},\"inLanguage\":\"fr-FR\",\"potentialAction\":[{\"@type\":\"ReadAction\",\"target\":[\"https:\/\/shop.polonarko.com\/fr\/produkt\/polonarko-basic-noir-rouge\/\"]}]},{\"@type\":\"ImageObject\",\"inLanguage\":\"fr-FR\",\"@id\":\"https:\/\/shop.polonarko.com\/fr\/produkt\/polonarko-basic-noir-rouge\/#primaryimage\",\"url\":\"https:\/\/shop.polonarko.com\/wp-content\/uploads\/2025\/03\/Czarna-czerwone-logo.png\",\"contentUrl\":\"https:\/\/shop.polonarko.com\/wp-content\/uploads\/2025\/03\/Czarna-czerwone-logo.png\"},{\"@type\":\"BreadcrumbList\",\"@id\":\"https:\/\/shop.polonarko.com\/fr\/produkt\/polonarko-basic-noir-rouge\/#breadcrumb\",\"itemListElement\":[{\"@type\":\"ListItem\",\"position\":1,\"name\":\"Strona g\u0142\u00f3wna\",\"item\":\"https:\/\/shop.polonarko.com\/fr\/\"},{\"@type\":\"ListItem\",\"position\":2,\"name\":\"Sklep\",\"item\":\"https:\/\/shop.polonarko.com\/sklep\/\"},{\"@type\":\"ListItem\",\"position\":3,\"name\":\"POLONARKO &#8220;BASIC&#8221; NOIR-ROUGE\"}]},{\"@type\":\"WebSite\",\"@id\":\"https:\/\/shop.polonarko.com\/fr\/#website\",\"url\":\"https:\/\/shop.polonarko.com\/fr\/\",\"name\":\"POLONARKO\",\"description\":\"POLONARKO C'EST LES V\u00caTEMENTS, LA CULTURE, LA R\u00c9BELLION, LA MUSIQUE, LE GRAFFITI. POLONARKO C'EST DU FUDAMENT. ALLEZ SUR LE SITE ET INSCRIVEZ-VOUS \u00c0 LA COMMUNAUT\u00c9. \",\"publisher\":{\"@id\":\"https:\/\/shop.polonarko.com\/fr\/#organization\"},\"potentialAction\":[{\"@type\":\"SearchAction\",\"target\":{\"@type\":\"EntryPoint\",\"urlTemplate\":\"https:\/\/shop.polonarko.com\/fr\/?s={search_term_string}\"},\"query-input\":{\"@type\":\"PropertyValueSpecification\",\"valueRequired\":true,\"valueName\":\"search_term_string\"}}],\"inLanguage\":\"fr-FR\"},{\"@type\":\"Organization\",\"@id\":\"https:\/\/shop.polonarko.com\/fr\/#organization\",\"name\":\"POLONARKO\",\"url\":\"https:\/\/shop.polonarko.com\/fr\/\",\"logo\":{\"@type\":\"ImageObject\",\"inLanguage\":\"fr-FR\",\"@id\":\"https:\/\/shop.polonarko.com\/fr\/#\/schema\/logo\/image\/\",\"url\":\"https:\/\/shop.polonarko.com\/wp-content\/uploads\/2024\/08\/cropped-logo-e1726125761427.webp\",\"contentUrl\":\"https:\/\/shop.polonarko.com\/wp-content\/uploads\/2024\/08\/cropped-logo-e1726125761427.webp\",\"width\":512,\"height\":512,\"caption\":\"POLONARKO\"},\"image\":{\"@id\":\"https:\/\/shop.polonarko.com\/fr\/#\/schema\/logo\/image\/\"},\"sameAs\":[\"https:\/\/www.instagram.com\/polonarkoclothing\/\",\"https:\/\/www.tiktok.com\/@polonarkoclothing\"]}]}<\/script>\n<!-- \/ Yoast SEO plugin. -->","yoast_head_json":{"title":"POLONARKO \"BASIC\" NOIR-ROUGE - POLONARKO","robots":{"index":"index","follow":"follow","max-snippet":"max-snippet:-1","max-image-preview":"max-image-preview:large","max-video-preview":"max-video-preview:-1"},"canonical":"https:\/\/shop.polonarko.com\/fr\/produkt\/polonarko-basic-noir-rouge\/","og_locale":"fr_FR","og_type":"article","og_title":"POLONARKO \"BASIC\" NOIR-ROUGE - POLONARKO","og_description":"LE T-SHIRT \"BASIC\" DE POLONARKO EST EN 100% COTON. CHAQUE T-SHIRT A SON PROPRE NUM\u00c9RO ET EST LIMIT\u00c9 EN NOMBRE. LE GRAMMAGE EST DE 240 G\/M\u00b2, CE QUI DONNE UNE IMPRESSION DE HAUTE QUALIT\u00c9. LA MATI\u00c8RE A \u00c9T\u00c9 MERCERIS\u00c9E POUR AM\u00c9LIORER SA DURABILIT\u00c9. IL S'AGIT D'UNE BRODERIE EN JERSEY SIMPLE. LE T-SHIRT EST SURDIMENSIONN\u00c9, CE QUI LE REND EXTR\u00caMEMENT CONFORTABLE ET RESPIRANT. LE DEVANT DU T-SHIRT EST ORN\u00c9 D'UNE BRODERIE \u00c9PAISSE ET DURABLE PORTANT LE LOGO DE NOTRE MARQUE. LE T-SHIRT EST \u00c9GALEMENT DOT\u00c9 D'\u00c9TIQUETTES EN SILICONE HYPOALLERG\u00c9NIQUES ET D'UNE POCHE CACH\u00c9E SOUS LA RECETTE DE LAVAGE.","og_url":"https:\/\/shop.polonarko.com\/fr\/produkt\/polonarko-basic-noir-rouge\/","og_site_name":"POLONARKO","article_modified_time":"2024-10-09T11:54:47+00:00","og_image":[{"width":1200,"height":1200,"url":"https:\/\/shop.polonarko.com\/wp-content\/uploads\/2024\/09\/czarnaczerwony.jpg","type":"image\/jpeg"}],"twitter_card":"summary_large_image","schema":{"@context":"https:\/\/schema.org","@graph":[{"@type":"WebPage","@id":"https:\/\/shop.polonarko.com\/fr\/produkt\/polonarko-basic-noir-rouge\/","url":"https:\/\/shop.polonarko.com\/fr\/produkt\/polonarko-basic-noir-rouge\/","name":"POLONARKO \"BASIC\" NOIR-ROUGE - POLONARKO","isPartOf":{"@id":"https:\/\/shop.polonarko.com\/fr\/#website"},"primaryImageOfPage":{"@id":"https:\/\/shop.polonarko.com\/fr\/produkt\/polonarko-basic-noir-rouge\/#primaryimage"},"image":{"@id":"https:\/\/shop.polonarko.com\/fr\/produkt\/polonarko-basic-noir-rouge\/#primaryimage"},"thumbnailUrl":"https:\/\/shop.polonarko.com\/wp-content\/uploads\/2025\/03\/Czarna-czerwone-logo.png","datePublished":"2024-09-16T01:37:15+00:00","dateModified":"2024-10-09T11:54:47+00:00","breadcrumb":{"@id":"https:\/\/shop.polonarko.com\/fr\/produkt\/polonarko-basic-noir-rouge\/#breadcrumb"},"inLanguage":"fr-FR","potentialAction":[{"@type":"ReadAction","target":["https:\/\/shop.polonarko.com\/fr\/produkt\/polonarko-basic-noir-rouge\/"]}]},{"@type":"ImageObject","inLanguage":"fr-FR","@id":"https:\/\/shop.polonarko.com\/fr\/produkt\/polonarko-basic-noir-rouge\/#primaryimage","url":"https:\/\/shop.polonarko.com\/wp-content\/uploads\/2025\/03\/Czarna-czerwone-logo.png","contentUrl":"https:\/\/shop.polonarko.com\/wp-content\/uploads\/2025\/03\/Czarna-czerwone-logo.png"},{"@type":"BreadcrumbList","@id":"https:\/\/shop.polonarko.com\/fr\/produkt\/polonarko-basic-noir-rouge\/#breadcrumb","itemListElement":[{"@type":"ListItem","position":1,"name":"Strona g\u0142\u00f3wna","item":"https:\/\/shop.polonarko.com\/fr\/"},{"@type":"ListItem","position":2,"name":"Sklep","item":"https:\/\/shop.polonarko.com\/sklep\/"},{"@type":"ListItem","position":3,"name":"POLONARKO &#8220;BASIC&#8221; NOIR-ROUGE"}]},{"@type":"WebSite","@id":"https:\/\/shop.polonarko.com\/fr\/#website","url":"https:\/\/shop.polonarko.com\/fr\/","name":"POLONARKO","description":"POLONARKO C'EST LES V\u00caTEMENTS, LA CULTURE, LA R\u00c9BELLION, LA MUSIQUE, LE GRAFFITI. POLONARKO C'EST DU FUDAMENT. ALLEZ SUR LE SITE ET INSCRIVEZ-VOUS \u00c0 LA COMMUNAUT\u00c9. ","publisher":{"@id":"https:\/\/shop.polonarko.com\/fr\/#organization"},"potentialAction":[{"@type":"SearchAction","target":{"@type":"EntryPoint","urlTemplate":"https:\/\/shop.polonarko.com\/fr\/?s={search_term_string}"},"query-input":{"@type":"PropertyValueSpecification","valueRequired":true,"valueName":"search_term_string"}}],"inLanguage":"fr-FR"},{"@type":"Organization","@id":"https:\/\/shop.polonarko.com\/fr\/#organization","name":"POLONARKO","url":"https:\/\/shop.polonarko.com\/fr\/","logo":{"@type":"ImageObject","inLanguage":"fr-FR","@id":"https:\/\/shop.polonarko.com\/fr\/#\/schema\/logo\/image\/","url":"https:\/\/shop.polonarko.com\/wp-content\/uploads\/2024\/08\/cropped-logo-e1726125761427.webp","contentUrl":"https:\/\/shop.polonarko.com\/wp-content\/uploads\/2024\/08\/cropped-logo-e1726125761427.webp","width":512,"height":512,"caption":"POLONARKO"},"image":{"@id":"https:\/\/shop.polonarko.com\/fr\/#\/schema\/logo\/image\/"},"sameAs":["https:\/\/www.instagram.com\/polonarkoclothing\/","https:\/\/www.tiktok.com\/@polonarkoclothing"]}]}},"jetpack_sharing_enabled":true,"_links":{"self":[{"href":"https:\/\/shop.polonarko.com\/fr\/wp-json\/wp\/v2\/product\/17522","targetHints":{"allow":["GET"]}}],"collection":[{"href":"https:\/\/shop.polonarko.com\/fr\/wp-json\/wp\/v2\/product"}],"about":[{"href":"https:\/\/shop.polonarko.com\/fr\/wp-json\/wp\/v2\/types\/product"}],"version-history":[{"count":1,"href":"https:\/\/shop.polonarko.com\/fr\/wp-json\/wp\/v2\/product\/17522\/revisions"}],"predecessor-version":[{"id":17527,"href":"https:\/\/shop.polonarko.com\/fr\/wp-json\/wp\/v2\/product\/17522\/revisions\/17527"}],"wp:featuredmedia":[{"embeddable":true,"href":"https:\/\/shop.polonarko.com\/fr\/wp-json\/wp\/v2\/media\/18118"}],"wp:attachment":[{"href":"https:\/\/shop.polonarko.com\/fr\/wp-json\/wp\/v2\/media?parent=17522"}],"wp:term":[{"taxonomy":"product_brand","embeddable":true,"href":"https:\/\/shop.polonarko.com\/fr\/wp-json\/wp\/v2\/product_brand?post=17522"},{"taxonomy":"product_cat","embeddable":true,"href":"https:\/\/shop.polonarko.com\/fr\/wp-json\/wp\/v2\/product_cat?post=17522"},{"taxonomy":"product_tag","embeddable":true,"href":"https:\/\/shop.polonarko.com\/fr\/wp-json\/wp\/v2\/product_tag?post=17522"}],"curies":[{"name":"wp","href":"https:\/\/api.w.org\/{rel}","templated":true}]}}