{"id":17558,"date":"2024-09-21T13:27:37","date_gmt":"2024-09-21T11:27:37","guid":{"rendered":"https:\/\/shop.polonarko.com\/formulaire-de-retrait\/"},"modified":"2024-10-09T15:25:12","modified_gmt":"2024-10-09T13:25:12","slug":"formulaire-de-retrait","status":"publish","type":"page","link":"https:\/\/shop.polonarko.com\/fr\/formulaire-de-retrait\/","title":{"rendered":"FORMULAIRE DE RETRAIT"},"content":{"rendered":"\t\t<div data-elementor-type=\"wp-page\" data-elementor-id=\"17558\" class=\"elementor elementor-17558 elementor-13\">\n\t\t\t\t<div class=\"elementor-element elementor-element-a123270 e-flex e-con-boxed wd-section-disabled e-con e-parent\" data-id=\"a123270\" data-element_type=\"container\">\n\t\t\t\t\t<div class=\"e-con-inner\">\n\t\t\t\t<div class=\"elementor-element elementor-element-3f3caf0 elementor-widget elementor-widget-wd_title\" data-id=\"3f3caf0\" data-element_type=\"widget\" data-widget_type=\"wd_title.default\">\n\t\t\t\t<div class=\"elementor-widget-container\">\n\t\t\t\t\t<div class=\"title-wrapper set-mb-s reset-last-child wd-title-color-default wd-title-style-default wd-title-size-default text-center\">\n\n\t\t\t\n\t\t\t<div class=\"liner-continer\">\n\t\t\t\t<h4 class=\"woodmart-title-container title wd-fontsize-l\">FORMULAIRE DE RETRAIT<\/h4> \n\t\t\t\t\t\t\t<\/div>\n\n\t\t\t\t\t<\/div>\n\t\t\t\t<\/div>\n\t\t\t\t<\/div>\n\t\t\t\t<div class=\"elementor-element elementor-element-74c81b55 text-center color-scheme-inherit elementor-widget elementor-widget-text-editor\" data-id=\"74c81b55\" data-element_type=\"widget\" data-widget_type=\"text-editor.default\">\n\t\t\t\t<div class=\"elementor-widget-container\">\n\t\t\t\t\t\t\t<p><strong>1. DROIT DE R\u00c9TRACTATION<\/strong><\/p>\n<p>Vous avez le droit de r\u00e9silier le contrat dans les 14 jours suivant la r\u00e9ception du produit sans donner de raison. Veuillez noter que le produit ne doit porter aucune trace d&rsquo;utilisation, l&#8217;emballage et le produit doivent \u00eatre complets et ne porter aucune trace d&rsquo;utilisation. Les \u00e9tiquettes doivent rester en place. Vous pouvez renvoyer le produit en utilisant le formulaire de retour joint \u00e0 cette page. Les frais d&rsquo;exp\u00e9dition du retour sont \u00e0 votre charge.    <\/p>\n<p><strong>2. PUBLICIT\u00c9<\/strong><\/p>\n<p>Vous pouvez vous plaindre du produit par e-mail : <strong>polonarkoclothing@gmail.com<\/strong> ou par courrier \u00e0 l&rsquo;adresse suivante : <strong>Powsta\u0144c\u00f3w \u015al\u0105skich 116\/56, 53-333 Wroc\u0142aw.<\/strong> Nous vous recommandons de nous contacter via le formulaire de contact ou par e-mail.<\/p>\n<p>La notification de la plainte doit comprendre:<\/p>\n<ol>\n<li>Nom<\/li>\n<li>Adresse de correspondance<\/li>\n<li>Adresse \u00e9lectronique<\/li>\n<li>Type de marchandises d\u00e9clar\u00e9es<\/li>\n<li>Description pr\u00e9cise du d\u00e9faut, date de d\u00e9couverte et photographies<\/li>\n<li>Date d&rsquo;achat des biens<\/li>\n<li>Demande du client<\/li>\n<li>Mode d&rsquo;information du client sur le traitement de la r\u00e9clamation (e-mail\/courrier traditionnel\/SMS)<\/li>\n<\/ol>\n<p><strong>3. EXP\u00c9DITION DE RETOUR<\/strong><\/p>\n<p>Le retour doit \u00eatre envoy\u00e9 par courrier \u00e0 l&rsquo;adresse Kokosowa 13\/1, 53-333 Wroc\u0142aw ou directement \u00e0 Paczkomaty InPost &#8211; WRO297M, 5 rue Wojanowska, Wroc\u0142aw. Les frais de retour sont \u00e0 la charge du client.  <\/p>\n<p><strong>4. LA RESTITUTION DES FONDS<\/strong><\/p>\n<p>Une fois que la plainte ou la r\u00e9tractation a abouti, l&rsquo;argent sera rembours\u00e9 dans un d\u00e9lai de 14 jours ouvrables. Le remboursement est effectu\u00e9 par l&rsquo;op\u00e9rateur de la passerelle de paiement que le client a utilis\u00e9e lors de l&rsquo;achat du produit. <\/p>\n\t\t\t\t\t\t<\/div>\n\t\t\t\t<\/div>\n\t\t\t\t\t<\/div>\n\t\t\t\t<\/div>\n\t\t<div class=\"elementor-element elementor-element-96ffe70 e-flex e-con-boxed wd-section-disabled e-con e-parent\" data-id=\"96ffe70\" data-element_type=\"container\">\n\t\t\t\t\t<div class=\"e-con-inner\">\n\t\t\t\t<div class=\"elementor-element elementor-element-116569f elementor-widget elementor-widget-wd_title\" data-id=\"116569f\" data-element_type=\"widget\" data-widget_type=\"wd_title.default\">\n\t\t\t\t<div class=\"elementor-widget-container\">\n\t\t\t\t\t<div class=\"title-wrapper set-mb-s reset-last-child wd-title-color-default wd-title-style-default wd-title-size-default text-left\">\n\n\t\t\t\n\t\t\t<div class=\"liner-continer\">\n\t\t\t\t<h4 class=\"woodmart-title-container title wd-fontsize-l\">T\u00c9L\u00c9CHARGEMENTS<\/h4> \n\t\t\t\t\t\t\t<\/div>\n\n\t\t\t\t\t<\/div>\n\t\t\t\t<\/div>\n\t\t\t\t<\/div>\n\t\t\t\t\t<\/div>\n\t\t\t\t<\/div>\n\t\t<div class=\"elementor-element elementor-element-1d9efbc e-flex e-con-boxed wd-section-disabled e-con e-parent\" data-id=\"1d9efbc\" data-element_type=\"container\">\n\t\t\t\t\t<div class=\"e-con-inner\">\n\t\t\t\t<div class=\"elementor-element elementor-element-3f0ae77 elementor-widget elementor-widget-wd_button\" data-id=\"3f0ae77\" data-element_type=\"widget\" data-widget_type=\"wd_button.default\">\n\t\t\t\t<div class=\"elementor-widget-container\">\n\t\t\t\t\t<div class=\"wd-button-wrapper text-left\" >\n\t\t\t<a class=\"btn btn-style-3d btn-style-rectangle btn-size-default btn-color-black btn-icon-pos-right\"  href=\"https:\/\/shop.polonarko.com\/download\/16174\/?tmstv=1728386307\">\n\t\t\t\t<span class=\"wd-btn-text\" data-elementor-setting-key=\"text\">\n\t\t\t\t\tFORMULAIRE DE RETRAIT\t\t\t\t<\/span>\n\n\t\t\t\t\t\t\t<\/a>\n\t\t<\/div>\n\t\t\t\t<\/div>\n\t\t\t\t<\/div>\n\t\t\t\t\t<\/div>\n\t\t\t\t<\/div>\n\t\t\t\t<\/div>\n\t\t","protected":false},"excerpt":{"rendered":"<p>FORMULAIRE DE RETRAIT 1. DROIT DE R\u00c9TRACTATION Vous avez le droit de r\u00e9silier le contrat dans les 14 jours suivant<\/p>\n","protected":false},"author":1,"featured_media":0,"parent":0,"menu_order":0,"comment_status":"closed","ping_status":"closed","template":"","meta":{"footnotes":""},"class_list":["post-17558","page","type-page","status-publish","hentry"],"yoast_head":"<!-- This site is optimized with the Yoast SEO plugin v24.6 - https:\/\/yoast.com\/wordpress\/plugins\/seo\/ -->\n<title>FORMULAIRE DE RETRAIT - POLONARKO<\/title>\n<meta name=\"robots\" content=\"index, follow, max-snippet:-1, max-image-preview:large, max-video-preview:-1\" \/>\n<link rel=\"canonical\" href=\"https:\/\/shop.polonarko.com\/fr\/formulaire-de-retrait\/\" \/>\n<meta property=\"og:locale\" content=\"fr_FR\" \/>\n<meta property=\"og:type\" content=\"article\" \/>\n<meta property=\"og:title\" content=\"FORMULAIRE DE RETRAIT - POLONARKO\" \/>\n<meta property=\"og:description\" content=\"FORMULAIRE DE RETRAIT 1. DROIT DE R\u00c9TRACTATION Vous avez le droit de r\u00e9silier le contrat dans les 14 jours suivant\" \/>\n<meta property=\"og:url\" content=\"https:\/\/shop.polonarko.com\/fr\/formulaire-de-retrait\/\" \/>\n<meta property=\"og:site_name\" content=\"POLONARKO\" \/>\n<meta property=\"article:modified_time\" content=\"2024-10-09T13:25:12+00:00\" \/>\n<meta name=\"twitter:card\" content=\"summary_large_image\" \/>\n<meta name=\"twitter:label1\" content=\"Dur\u00e9e de lecture estim\u00e9e\" \/>\n\t<meta name=\"twitter:data1\" content=\"1 minute\" \/>\n<script type=\"application\/ld+json\" class=\"yoast-schema-graph\">{\"@context\":\"https:\/\/schema.org\",\"@graph\":[{\"@type\":\"WebPage\",\"@id\":\"https:\/\/shop.polonarko.com\/fr\/formulaire-de-retrait\/\",\"url\":\"https:\/\/shop.polonarko.com\/fr\/formulaire-de-retrait\/\",\"name\":\"FORMULAIRE DE RETRAIT - POLONARKO\",\"isPartOf\":{\"@id\":\"https:\/\/shop.polonarko.com\/fr\/#website\"},\"datePublished\":\"2024-09-21T11:27:37+00:00\",\"dateModified\":\"2024-10-09T13:25:12+00:00\",\"breadcrumb\":{\"@id\":\"https:\/\/shop.polonarko.com\/fr\/formulaire-de-retrait\/#breadcrumb\"},\"inLanguage\":\"fr-FR\",\"potentialAction\":[{\"@type\":\"ReadAction\",\"target\":[\"https:\/\/shop.polonarko.com\/fr\/formulaire-de-retrait\/\"]}]},{\"@type\":\"BreadcrumbList\",\"@id\":\"https:\/\/shop.polonarko.com\/fr\/formulaire-de-retrait\/#breadcrumb\",\"itemListElement\":[{\"@type\":\"ListItem\",\"position\":1,\"name\":\"Strona g\u0142\u00f3wna\",\"item\":\"https:\/\/shop.polonarko.com\/fr\/\"},{\"@type\":\"ListItem\",\"position\":2,\"name\":\"FORMULAIRE DE RETRAIT\"}]},{\"@type\":\"WebSite\",\"@id\":\"https:\/\/shop.polonarko.com\/fr\/#website\",\"url\":\"https:\/\/shop.polonarko.com\/fr\/\",\"name\":\"POLONARKO\",\"description\":\"POLONARKO C'EST LES V\u00caTEMENTS, LA CULTURE, LA R\u00c9BELLION, LA MUSIQUE, LE GRAFFITI. POLONARKO C'EST DU FUDAMENT. ALLEZ SUR LE SITE ET INSCRIVEZ-VOUS \u00c0 LA COMMUNAUT\u00c9. \",\"publisher\":{\"@id\":\"https:\/\/shop.polonarko.com\/fr\/#organization\"},\"potentialAction\":[{\"@type\":\"SearchAction\",\"target\":{\"@type\":\"EntryPoint\",\"urlTemplate\":\"https:\/\/shop.polonarko.com\/fr\/?s={search_term_string}\"},\"query-input\":{\"@type\":\"PropertyValueSpecification\",\"valueRequired\":true,\"valueName\":\"search_term_string\"}}],\"inLanguage\":\"fr-FR\"},{\"@type\":\"Organization\",\"@id\":\"https:\/\/shop.polonarko.com\/fr\/#organization\",\"name\":\"POLONARKO\",\"url\":\"https:\/\/shop.polonarko.com\/fr\/\",\"logo\":{\"@type\":\"ImageObject\",\"inLanguage\":\"fr-FR\",\"@id\":\"https:\/\/shop.polonarko.com\/fr\/#\/schema\/logo\/image\/\",\"url\":\"https:\/\/shop.polonarko.com\/wp-content\/uploads\/2024\/08\/cropped-logo-e1726125761427.webp\",\"contentUrl\":\"https:\/\/shop.polonarko.com\/wp-content\/uploads\/2024\/08\/cropped-logo-e1726125761427.webp\",\"width\":512,\"height\":512,\"caption\":\"POLONARKO\"},\"image\":{\"@id\":\"https:\/\/shop.polonarko.com\/fr\/#\/schema\/logo\/image\/\"},\"sameAs\":[\"https:\/\/www.instagram.com\/polonarkoclothing\/\",\"https:\/\/www.tiktok.com\/@polonarkoclothing\"]}]}<\/script>\n<!-- \/ Yoast SEO plugin. -->","yoast_head_json":{"title":"FORMULAIRE DE RETRAIT - POLONARKO","robots":{"index":"index","follow":"follow","max-snippet":"max-snippet:-1","max-image-preview":"max-image-preview:large","max-video-preview":"max-video-preview:-1"},"canonical":"https:\/\/shop.polonarko.com\/fr\/formulaire-de-retrait\/","og_locale":"fr_FR","og_type":"article","og_title":"FORMULAIRE DE RETRAIT - POLONARKO","og_description":"FORMULAIRE DE RETRAIT 1. DROIT DE R\u00c9TRACTATION Vous avez le droit de r\u00e9silier le contrat dans les 14 jours suivant","og_url":"https:\/\/shop.polonarko.com\/fr\/formulaire-de-retrait\/","og_site_name":"POLONARKO","article_modified_time":"2024-10-09T13:25:12+00:00","twitter_card":"summary_large_image","twitter_misc":{"Dur\u00e9e de lecture estim\u00e9e":"1 minute"},"schema":{"@context":"https:\/\/schema.org","@graph":[{"@type":"WebPage","@id":"https:\/\/shop.polonarko.com\/fr\/formulaire-de-retrait\/","url":"https:\/\/shop.polonarko.com\/fr\/formulaire-de-retrait\/","name":"FORMULAIRE DE RETRAIT - POLONARKO","isPartOf":{"@id":"https:\/\/shop.polonarko.com\/fr\/#website"},"datePublished":"2024-09-21T11:27:37+00:00","dateModified":"2024-10-09T13:25:12+00:00","breadcrumb":{"@id":"https:\/\/shop.polonarko.com\/fr\/formulaire-de-retrait\/#breadcrumb"},"inLanguage":"fr-FR","potentialAction":[{"@type":"ReadAction","target":["https:\/\/shop.polonarko.com\/fr\/formulaire-de-retrait\/"]}]},{"@type":"BreadcrumbList","@id":"https:\/\/shop.polonarko.com\/fr\/formulaire-de-retrait\/#breadcrumb","itemListElement":[{"@type":"ListItem","position":1,"name":"Strona g\u0142\u00f3wna","item":"https:\/\/shop.polonarko.com\/fr\/"},{"@type":"ListItem","position":2,"name":"FORMULAIRE DE RETRAIT"}]},{"@type":"WebSite","@id":"https:\/\/shop.polonarko.com\/fr\/#website","url":"https:\/\/shop.polonarko.com\/fr\/","name":"POLONARKO","description":"POLONARKO C'EST LES V\u00caTEMENTS, LA CULTURE, LA R\u00c9BELLION, LA MUSIQUE, LE GRAFFITI. POLONARKO C'EST DU FUDAMENT. ALLEZ SUR LE SITE ET INSCRIVEZ-VOUS \u00c0 LA COMMUNAUT\u00c9. ","publisher":{"@id":"https:\/\/shop.polonarko.com\/fr\/#organization"},"potentialAction":[{"@type":"SearchAction","target":{"@type":"EntryPoint","urlTemplate":"https:\/\/shop.polonarko.com\/fr\/?s={search_term_string}"},"query-input":{"@type":"PropertyValueSpecification","valueRequired":true,"valueName":"search_term_string"}}],"inLanguage":"fr-FR"},{"@type":"Organization","@id":"https:\/\/shop.polonarko.com\/fr\/#organization","name":"POLONARKO","url":"https:\/\/shop.polonarko.com\/fr\/","logo":{"@type":"ImageObject","inLanguage":"fr-FR","@id":"https:\/\/shop.polonarko.com\/fr\/#\/schema\/logo\/image\/","url":"https:\/\/shop.polonarko.com\/wp-content\/uploads\/2024\/08\/cropped-logo-e1726125761427.webp","contentUrl":"https:\/\/shop.polonarko.com\/wp-content\/uploads\/2024\/08\/cropped-logo-e1726125761427.webp","width":512,"height":512,"caption":"POLONARKO"},"image":{"@id":"https:\/\/shop.polonarko.com\/fr\/#\/schema\/logo\/image\/"},"sameAs":["https:\/\/www.instagram.com\/polonarkoclothing\/","https:\/\/www.tiktok.com\/@polonarkoclothing"]}]}},"jetpack_sharing_enabled":true,"_links":{"self":[{"href":"https:\/\/shop.polonarko.com\/fr\/wp-json\/wp\/v2\/pages\/17558","targetHints":{"allow":["GET"]}}],"collection":[{"href":"https:\/\/shop.polonarko.com\/fr\/wp-json\/wp\/v2\/pages"}],"about":[{"href":"https:\/\/shop.polonarko.com\/fr\/wp-json\/wp\/v2\/types\/page"}],"author":[{"embeddable":true,"href":"https:\/\/shop.polonarko.com\/fr\/wp-json\/wp\/v2\/users\/1"}],"replies":[{"embeddable":true,"href":"https:\/\/shop.polonarko.com\/fr\/wp-json\/wp\/v2\/comments?post=17558"}],"version-history":[{"count":1,"href":"https:\/\/shop.polonarko.com\/fr\/wp-json\/wp\/v2\/pages\/17558\/revisions"}],"predecessor-version":[{"id":17559,"href":"https:\/\/shop.polonarko.com\/fr\/wp-json\/wp\/v2\/pages\/17558\/revisions\/17559"}],"wp:attachment":[{"href":"https:\/\/shop.polonarko.com\/fr\/wp-json\/wp\/v2\/media?parent=17558"}],"curies":[{"name":"wp","href":"https:\/\/api.w.org\/{rel}","templated":true}]}}