{"id":17550,"date":"2024-08-29T20:07:43","date_gmt":"2024-08-29T18:07:43","guid":{"rendered":"https:\/\/shop.polonarko.com\/politique-de-confidentialite\/"},"modified":"2024-10-09T14:45:49","modified_gmt":"2024-10-09T12:45:49","slug":"politique-de-confidentialite","status":"publish","type":"page","link":"https:\/\/shop.polonarko.com\/fr\/politique-de-confidentialite\/","title":{"rendered":"POLITIQUE DE CONFIDENTIALIT\u00c9"},"content":{"rendered":"\t\t<div data-elementor-type=\"wp-page\" data-elementor-id=\"17550\" class=\"elementor elementor-17550 elementor-3\">\n\t\t\t\t<div class=\"elementor-element elementor-element-21156297 e-flex e-con-boxed wd-section-disabled e-con e-parent\" data-id=\"21156297\" data-element_type=\"container\">\n\t\t\t\t\t<div class=\"e-con-inner\">\n\t\t\t\t<div class=\"elementor-element elementor-element-5890fe4 elementor-widget elementor-widget-wd_title\" data-id=\"5890fe4\" data-element_type=\"widget\" data-widget_type=\"wd_title.default\">\n\t\t\t\t<div class=\"elementor-widget-container\">\n\t\t\t\t\t<div class=\"title-wrapper set-mb-s reset-last-child wd-title-color-default wd-title-style-default wd-title-size-default text-center\">\n\n\t\t\t\n\t\t\t<div class=\"liner-continer\">\n\t\t\t\t<h4 class=\"woodmart-title-container title wd-fontsize-l\">POLITIQUE DE CONFIDENTIALIT\u00c9<\/h4> \n\t\t\t\t\t\t\t<\/div>\n\n\t\t\t\t\t<\/div>\n\t\t\t\t<\/div>\n\t\t\t\t<\/div>\n\t\t\t\t<div class=\"elementor-element elementor-element-a88e6ef elementor-widget elementor-widget-wd_text_block\" data-id=\"a88e6ef\" data-element_type=\"widget\" data-widget_type=\"wd_text_block.default\">\n\t\t\t\t<div class=\"elementor-widget-container\">\n\t\t\t\t\t<div class=\"wd-text-block reset-last-child text-left\">\n\t\t\t\n\t\t\t<p class=\"MsoNormal\"><strong><span lang=\"PL\">1. INFORMATIONS G\u00c9N\u00c9RALES<\/span><\/strong><\/p>\n<p class=\"MsoNormal\"><span lang=\"PL\">Cette politique s'applique au site web, fonctionnant \u00e0 l'adresse suivante : shop.polonarko.com<\/span><\/p>\n<p class=\"MsoNormal\"><span lang=\"PL\">L'op\u00e9rateur du service et l'administrateur des donn\u00e9es personnelles est : <strong>NGBRANDING Nikodem Wierchlewski Powsta\u0144c\u00f3w \u015al\u0105skich 116\/56, 53-333 Wroc\u0142aw, NIP : 8993002651,<\/strong><\/span> <span lang=\"PL\"><strong>REGON : 529527901.<\/strong><\/span><\/p>\n<p class=\"MsoNormal\"><span lang=\"PL\">Adresse \u00e9lectronique de l'op\u00e9rateur : <strong>polonarkoclothing@gmail.com<\/strong><\/span><\/p>\n<p class=\"MsoNormal\"><span lang=\"PL\">L'op\u00e9rateur est l'administrateur de vos donn\u00e9es personnelles en ce qui concerne les donn\u00e9es que vous fournissez volontairement sur le site web.<\/span><\/p>\n<p class=\"MsoNormal\"><span lang=\"PL\">Le service utilise des donn\u00e9es \u00e0 caract\u00e8re personnel aux fins suivantes:<\/span><\/p>\n<ul>\n<li class=\"MsoNormal\">Objectifs de marketing<\/li>\n<li class=\"MsoNormal\"><span lang=\"PL\">Traitement des demandes de renseignements via le formulaire<\/span><\/li>\n<li class=\"MsoNormal\"><span lang=\"PL\">Pr\u00e9paration, emballage, exp\u00e9dition des marchandises<\/span><\/li>\n<li class=\"MsoNormal\"><span lang=\"PL\">Fourniture des services demand\u00e9s<\/span><\/li>\n<li class=\"MsoNormal\"><span lang=\"PL\">Recouvrement de cr\u00e9ances<\/span><\/li>\n<li class=\"MsoNormal\"><span lang=\"PL\">Pr\u00e9sentation d'une offre ou d'une information<\/span><\/li>\n<\/ul>\n<p class=\"MsoNormal\"><span lang=\"PL\">Le service remplit des fonctions permettant d'obtenir des informations sur les utilisateurs et leur comportement de la mani\u00e8re suivante:<\/span><\/p>\n<ul>\n<li><span lang=\"PL\">par le biais des donn\u00e9es saisies volontairement dans les formulaires qui sont introduits dans les syst\u00e8mes de l'op\u00e9rateur<br><\/span><\/li>\n<li><span lang=\"PL\">en stockant des t\u00e9moins de connexion (appel\u00e9s \u00ab cookies \u00bb) sur les appareils finaux.<\/span><\/li>\n<\/ul>\n<p class=\"MsoNormal\"><strong><span lang=\"PL\">2. LES M\u00c9THODES DE PROTECTION DES DONN\u00c9ES S\u00c9LECTIONN\u00c9ES PAR L'OP\u00c9RATEUR<\/span><\/strong><\/p>\n<p class=\"MsoNormal\"><span lang=\"PL\">Les sites d'introduction des donn\u00e9es personnelles et de connexion sont prot\u00e9g\u00e9s dans la couche de transmission (certificat SSL). Cela garantit que les donn\u00e9es personnelles et de connexion saisies sur le site sont crypt\u00e9es sur l'ordinateur de l'utilisateur et ne peuvent \u00eatre lues que sur le serveur cible. <\/span><\/p>\n<p class=\"MsoNormal\"><span lang=\"PL\">Les donn\u00e9es personnelles stock\u00e9es dans la base de donn\u00e9es sont crypt\u00e9es de telle sorte que seules les personnes d\u00e9tenant la cl\u00e9 de l'op\u00e9rateur peuvent les lire. Les donn\u00e9es sont ainsi prot\u00e9g\u00e9es en cas de vol de la base de donn\u00e9es sur le serveur. <\/span><\/p>\n<p class=\"MsoNormal\"><span lang=\"PL\">Les mots de passe des utilisateurs sont stock\u00e9s sous forme hach\u00e9e.La fonction de hachage fonctionne \u00e0 sens unique - il n'est pas possible de l'inverser, ce qui constitue d\u00e9sormais la norme moderne pour le stockage des mots de passe des utilisateurs. <\/span><\/p>\n<p class=\"MsoNormal\"><span lang=\"PL\">L'op\u00e9rateur modifie p\u00e9riodiquement ses mots de passe administratifs.<\/span><\/p>\n<p class=\"MsoNormal\"><span lang=\"PL\">Un \u00e9l\u00e9ment important de la protection des donn\u00e9es est la mise \u00e0 jour r\u00e9guli\u00e8re de tous les logiciels utilis\u00e9s par l'op\u00e9rateur pour traiter les donn\u00e9es \u00e0 caract\u00e8re personnel, ce qui signifie en particulier des mises \u00e0 jour r\u00e9guli\u00e8res des composants logiciels.<\/span><\/p>\n<p class=\"MsoNormal\"><strong><span lang=\"PL\">3. HOSTING<\/span><\/strong><\/p>\n<p class=\"MsoNormal\"><span lang=\"PL\">Le site web est h\u00e9berg\u00e9 (maintenu techniquement) sur les serveurs de l'op\u00e9rateur : ovhcloud.com<\/span><\/p>\n<p class=\"MsoNormal\"><span lang=\"PL\">La soci\u00e9t\u00e9 d'h\u00e9bergement conserve des journaux au niveau du serveur afin de garantir la fiabilit\u00e9 technique. Les journaux peuvent inclure: <\/span><\/p>\n<ul>\n<li class=\"MsoNormal\"><span lang=\"PL\">les ressources sp\u00e9cifi\u00e9es par un identifiant URL (adresses des ressources demand\u00e9es - pages, fichiers),<\/span><\/li>\n<li class=\"MsoNormal\"><span lang=\"PL\">le moment de l'enqu\u00eate,<\/span><\/li>\n<li class=\"MsoNormal\"><span lang=\"PL\">au moment de l'envoi de la r\u00e9ponse,<\/span><\/li>\n<li class=\"MsoNormal\"><span lang=\"PL\">le nom de la station cliente - identification via le protocole HTTP,<\/span><\/li>\n<li class=\"MsoNormal\"><span lang=\"PL\">des informations sur les erreurs survenues pendant l'ex\u00e9cution de la transaction HTTP,<\/span><\/li>\n<li class=\"MsoNormal\"><span lang=\"PL\">l'URL d'une page pr\u00e9c\u00e9demment visit\u00e9e par l'utilisateur (lien r\u00e9f\u00e9rent), dans le cas d'un lien vers le site web,<\/span><\/li>\n<li class=\"MsoNormal\"><span lang=\"PL\">des informations sur le navigateur de l'utilisateur,<\/span><\/li>\n<li class=\"MsoNormal\"><span lang=\"PL\">Informations sur l'adresse IP,<\/span><\/li>\n<li class=\"MsoNormal\"><span lang=\"PL\">les informations diagnostiques relatives au processus d'auto-commande de services par l'interm\u00e9diaire des bureaux d'enregistrement sur le site web,<\/span><\/li>\n<li class=\"MsoNormal\"><span lang=\"PL\">les informations relatives au traitement des courriers \u00e9lectroniques adress\u00e9s \u00e0 l'op\u00e9rateur et envoy\u00e9s par celui-ci.<\/span><\/li>\n<\/ul>\n<p class=\"MsoNormal\"><strong><span lang=\"PL\">4. VOS DROITS ET DES INFORMATIONS SUPPL\u00c9MENTAIRES SUR L'UTILISATION DES DONN\u00c9ES<\/span><\/strong><\/p>\n<p class=\"MsoNormal\"><span lang=\"PL\">Dans certaines situations, l'administrateur a le droit de transf\u00e9rer vos donn\u00e9es \u00e0 caract\u00e8re personnel \u00e0 d'autres destinataires si cela est n\u00e9cessaire \u00e0 l'ex\u00e9cution d'un contrat conclu avec vous ou au respect d'obligations incombant \u00e0 l'administrateur. <\/span>Cela s'applique \u00e0 ces groupes de spectateurs :<\/p>\n<ul>\n<li class=\"MsoNormal\">l'h\u00e9bergeur sur une base d\u00e9l\u00e9gu\u00e9e<\/li>\n<li class=\"MsoNormal\">coursiers<\/li>\n<li class=\"MsoNormal\">op\u00e9rateurs postaux<\/li>\n<li class=\"MsoNormal\">banques<\/li>\n<li class=\"MsoNormal\">op\u00e9rateurs de paiement<\/li>\n<li class=\"MsoNormal\">le personnel autoris\u00e9 et les associ\u00e9s qui utilisent les donn\u00e9es afin de remplir les objectifs du site<\/li>\n<li class=\"MsoNormal\">les soci\u00e9t\u00e9s fournissant des services de marketing \u00e0 l'administrateur<\/li>\n<\/ul>\n<p class=\"MsoNormal\">Vos donn\u00e9es personnelles sont trait\u00e9es par l'administrateur pour une dur\u00e9e n'exc\u00e9dant pas celle n\u00e9cessaire \u00e0 l'ex\u00e9cution des activit\u00e9s connexes d\u00e9finies par des r\u00e8glements distincts (par exemple, en mati\u00e8re de comptabilit\u00e9). En ce qui concerne les donn\u00e9es de marketing, les donn\u00e9es ne seront pas trait\u00e9es pendant plus de 3 ans. <\/p>\n<p class=\"MsoNormal\">Vous avez le droit de demander \u00e0 l'administrateur :<\/p>\n<ul>\n<li class=\"MsoNormal\">l'acc\u00e8s aux donn\u00e9es personnelles vous concernant,<\/li>\n<li class=\"MsoNormal\">leur rectification,<\/li>\n<li class=\"MsoNormal\">suppressions,<\/li>\n<li class=\"MsoNormal\">limitation du traitement et portabilit\u00e9 des donn\u00e9es.<\/li>\n<\/ul>\n<p class=\"MsoNormal\">Vous avez le droit de vous opposer, en ce qui concerne le traitement indiqu\u00e9 au paragraphe 3.2, au traitement des donn\u00e9es \u00e0 caract\u00e8re personnel aux fins des int\u00e9r\u00eats l\u00e9gitimes poursuivis par le responsable du traitement, y compris le profilage, le droit d'opposition ne pouvant \u00eatre exerc\u00e9 lorsqu'il existe des motifs l\u00e9gitimes valables pour le traitement qui pr\u00e9valent sur vos int\u00e9r\u00eats, droits et libert\u00e9s, en particulier la constatation, l'affirmation ou la d\u00e9fense de droits.<\/p>\n<p class=\"MsoNormal\">Les actions de l'administrateur peuvent faire l'objet d'une plainte aupr\u00e8s du pr\u00e9sident de l'Office pour la protection des donn\u00e9es personnelles, ul. Stawki 2, 00-193 Varsovie. <\/p>\n<p class=\"MsoNormal\">La fourniture de donn\u00e9es personnelles est volontaire, mais n\u00e9cessaire au fonctionnement du service.<\/p>\n<p class=\"MsoNormal\">La prise de d\u00e9cision automatis\u00e9e, y compris le profilage, peut \u00eatre entreprise \u00e0 votre \u00e9gard dans le but de fournir des services dans le cadre du contrat conclu et \u00e0 des fins de marketing direct par l'administrateur.<\/p>\n<p class=\"MsoNormal\">Les donn\u00e9es personnelles ne sont pas transf\u00e9r\u00e9es depuis des pays tiers au sens de la l\u00e9gislation sur la protection des donn\u00e9es. Cela signifie que nous ne les envoyons pas en dehors de l'Union europ\u00e9enne. <\/p>\n<p class=\"MsoNormal\"><strong>5. LES INFORMATIONS CONTENUES DANS LES FORMULAIRES<\/strong><\/p>\n<p class=\"MsoNormal\">Le service recueille des informations fournies volontairement par l'utilisateur, y compris des donn\u00e9es personnelles le cas \u00e9ch\u00e9ant.<\/p>\n<p class=\"MsoNormal\">Le service peut enregistrer des informations sur les param\u00e8tres de connexion (horodatage, adresse IP).<\/p>\n<p class=\"MsoNormal\">Le site web peut, dans certains cas, stocker des informations permettant de relier les donn\u00e9es du formulaire \u00e0 l'adresse \u00e9lectronique de l'utilisateur qui remplit le formulaire. Dans ce cas, l'adresse \u00e9lectronique de l'utilisateur appara\u00eet dans l'url de la page contenant le formulaire. <\/p>\n<p class=\"MsoNormal\">Les donn\u00e9es fournies dans le formulaire sont trait\u00e9es pour la finalit\u00e9 r\u00e9sultant de la fonction du formulaire sp\u00e9cifique, par exemple pour traiter une demande de service ou un contact commercial, l'enregistrement de services, etc. \u00c0 chaque fois, le contexte et la description du formulaire vous informent clairement de l'utilisation qui en est faite. <\/p>\n<p class=\"MsoNormal\"><strong>6. JOURNAUX DE L'ADMINISTRATEUR<\/strong><\/p>\n<p class=\"MsoNormal\">Les informations relatives au comportement de l'utilisateur sur le site web peuvent faire l'objet d'un enregistrement. Ces donn\u00e9es sont utilis\u00e9es pour l'administration du site web. <\/p>\n<p class=\"MsoNormal\"><strong>7. Techniques de marketing pertinentes<\/strong><\/p>\n<p class=\"MsoNormal\">L'op\u00e9rateur utilise l'analyse statistique du trafic du site web via Google Analytics (Google Inc., bas\u00e9 aux Etats-Unis). L'op\u00e9rateur ne transmet pas de donn\u00e9es personnelles \u00e0 l'op\u00e9rateur de ce service, mais uniquement des informations anonymes. Le service est bas\u00e9 sur l'utilisation de cookies sur le terminal de l'utilisateur. En ce qui concerne les informations sur les pr\u00e9f\u00e9rences des utilisateurs collect\u00e9es par le r\u00e9seau publicitaire de Google, l'utilisateur peut visualiser et modifier les informations r\u00e9sultant des cookies \u00e0 l'aide de l'outil suivant : https:\/\/www.google.com\/ads\/preferences\/.   <\/p>\n<p class=\"MsoNormal\">L'op\u00e9rateur utilise des techniques de remarketing pour faire correspondre les messages publicitaires au comportement de l'utilisateur sur le site web, ce qui peut donner l'illusion que les donn\u00e9es personnelles de l'utilisateur sont utilis\u00e9es pour le suivre, mais en pratique aucune donn\u00e9e personnelle n'est transf\u00e9r\u00e9e de l'op\u00e9rateur aux op\u00e9rateurs publicitaires. L'activation des cookies est une condition technologique pr\u00e9alable \u00e0 ces activit\u00e9s. <\/p>\n<p class=\"MsoNormal\">L'op\u00e9rateur utilise le pixel Facebook. Cette technologie permet \u00e0 Facebook (Facebook Inc., USA) de savoir qu'une personne inscrite aupr\u00e8s de lui utilise le site web. L'op\u00e9rateur ne transmet aucune donn\u00e9e personnelle suppl\u00e9mentaire \u00e0 Facebook. Le service est bas\u00e9 sur l'utilisation de cookies sur l'appareil terminal de l'utilisateur.   <\/p>\n<p class=\"MsoNormal\"><strong>8. INFORMATIONS SUR LES COOKIES<\/strong><\/p>\n<p class=\"MsoNormal\">Le site web utilise des cookies.<\/p>\n<p class=\"MsoNormal\">Les cookies (appel\u00e9s \u00ab t\u00e9moins de connexion \u00bb) sont des donn\u00e9es informatiques, en particulier des fichiers texte, qui sont stock\u00e9s dans l'\u00e9quipement terminal de l'utilisateur du service et qui sont destin\u00e9s \u00e0 \u00eatre utilis\u00e9s sur le site web. Les cookies contiennent g\u00e9n\u00e9ralement le nom du site web d'o\u00f9 ils proviennent, la dur\u00e9e de leur stockage sur l'\u00e9quipement terminal et un num\u00e9ro unique. <\/p>\n<p class=\"MsoNormal\">L'entit\u00e9 qui place les cookies sur l'\u00e9quipement terminal de l'utilisateur du service et qui y acc\u00e8de est l'op\u00e9rateur du service.<\/p>\n<p class=\"MsoNormal\">Les cookies sont utilis\u00e9s aux fins suivantes :<\/p>\n<p class=\"MsoNormal\">maintenir une session de l'utilisateur du site web (apr\u00e8s connexion), gr\u00e2ce \u00e0 laquelle l'utilisateur n'a pas \u00e0 r\u00e9introduire son login et son mot de passe sur chaque sous-page du site web ;<\/p>\n<p class=\"MsoNormal\">pour atteindre les objectifs \u00e9nonc\u00e9s ci-dessus dans la section \u00ab Techniques essentielles de marketing \u00bb ;<\/p>\n<p class=\"MsoNormal\">Le site Web utilise deux principaux types de cookies : \u00ab session \u00bb (cookies de session) et \u201cpermanent\u201d (cookies persistants). Les cookies \u00ab de session \u00bb sont des fichiers temporaires qui sont stock\u00e9s sur l'\u00e9quipement terminal de l'utilisateur jusqu'\u00e0 ce qu'il se d\u00e9connecte, quitte le site web ou \u00e9teigne le logiciel (navigateur web). Les cookies \u00ab persistants \u00bb sont stock\u00e9s sur l'\u00e9quipement terminal de l'utilisateur pendant la dur\u00e9e sp\u00e9cifi\u00e9e dans les param\u00e8tres des cookies ou jusqu'\u00e0 ce que l'utilisateur les supprime.  <\/p>\n<p class=\"MsoNormal\">Les logiciels de navigation sur le web (navigateur web) permettent g\u00e9n\u00e9ralement, par d\u00e9faut, de stocker des cookies sur le terminal de l'utilisateur. Les utilisateurs du site web peuvent modifier leurs param\u00e8tres \u00e0 cet \u00e9gard. Le navigateur Internet permet de supprimer les cookies. Il est \u00e9galement possible de bloquer automatiquement les cookies. Pour plus de d\u00e9tails, veuillez vous r\u00e9f\u00e9rer \u00e0 l'aide ou \u00e0 la documentation de votre navigateur Internet.   <\/p>\n<p class=\"MsoNormal\">Les restrictions relatives \u00e0 l'utilisation des cookies peuvent affecter certaines des fonctionnalit\u00e9s disponibles sur le site web.<\/p>\n<p class=\"MsoNormal\">Les cookies plac\u00e9s dans l'\u00e9quipement terminal de l'Utilisateur du Service peuvent \u00e9galement \u00eatre utilis\u00e9s par des entit\u00e9s coop\u00e9rant avec l'Op\u00e9rateur du Service, en particulier les soci\u00e9t\u00e9s : Google (Google Inc. bas\u00e9 aux Etats-Unis), Facebook (Facebook Inc. bas\u00e9 aux Etats-Unis), Twitter (Twitter Inc. bas\u00e9 aux Etats-Unis).<\/p>\n<p class=\"MsoNormal\"><strong>9. GESTION DES COOKIES - COMMENT UTILISER ET RETIRER LE CONSENTEMENT DANS LA PRATIQUE ?<\/strong><\/p>\n<p class=\"MsoNormal\">Si vous ne souhaitez pas recevoir de cookies, vous pouvez modifier les param\u00e8tres de votre navigateur. Nous pr\u00e9cisons que la d\u00e9sactivation des cookies essentiels aux processus d'authentification, \u00e0 la s\u00e9curit\u00e9 et au maintien des pr\u00e9f\u00e9rences de l'utilisateur peut rendre difficile, voire impossible dans des cas extr\u00eames, l'utilisation des sites web. <\/p>\n<p class=\"MsoNormal\">Pour g\u00e9rer vos param\u00e8tres de cookies, s\u00e9lectionnez le navigateur web que vous utilisez dans la liste ci-dessous et suivez les instructions :<\/p>\n<p class=\"MsoNormal\"><strong>Edge<\/strong><\/p>\n<p class=\"MsoNormal\"><strong>Internet Explorer<\/strong><\/p>\n<p class=\"MsoNormal\"><strong>Chrome<\/strong><\/p>\n<p class=\"MsoNormal\"><strong>Safari<\/strong><\/p>\n<p class=\"MsoNormal\"><strong>Firefox<\/strong><\/p>\n<p class=\"MsoNormal\"><strong>Opera<\/strong><\/p>\n<p class=\"MsoNormal\"><strong>Appareils mobiles :<\/strong><\/p>\n<p class=\"MsoNormal\"><strong>Android<\/strong><\/p>\n<p class=\"MsoNormal\"><strong>Safari (iOS)<\/strong><\/p>\n<p class=\"MsoNormal\"><strong>Windows Phone<\/strong><\/p>\n<p class=\"MsoNormal\">&nbsp;<\/p>\n\t\t\t\t\t<\/div>\n\t\t\t\t<\/div>\n\t\t\t\t<\/div>\n\t\t\t\t\t<\/div>\n\t\t\t\t<\/div>\n\t\t\t\t<\/div>\n\t\t","protected":false},"excerpt":{"rendered":"<p>POLITIQUE DE CONFIDENTIALIT\u00c9 1. INFORMATIONS G\u00c9N\u00c9RALES Cette politique s&rsquo;applique au site web, fonctionnant \u00e0 l&rsquo;adresse suivante : shop.polonarko.com L&rsquo;op\u00e9rateur du<\/p>\n","protected":false},"author":1,"featured_media":0,"parent":0,"menu_order":0,"comment_status":"closed","ping_status":"open","template":"","meta":{"footnotes":""},"class_list":["post-17550","page","type-page","status-publish","hentry"],"yoast_head":"<!-- This site is optimized with the Yoast SEO plugin v24.6 - https:\/\/yoast.com\/wordpress\/plugins\/seo\/ -->\n<title>POLITIQUE DE CONFIDENTIALIT\u00c9 - POLONARKO<\/title>\n<meta name=\"robots\" content=\"index, follow, max-snippet:-1, max-image-preview:large, max-video-preview:-1\" \/>\n<link rel=\"canonical\" href=\"https:\/\/shop.polonarko.com\/fr\/politique-de-confidentialite\/\" \/>\n<meta property=\"og:locale\" content=\"fr_FR\" \/>\n<meta property=\"og:type\" content=\"article\" \/>\n<meta property=\"og:title\" content=\"POLITIQUE DE CONFIDENTIALIT\u00c9 - POLONARKO\" \/>\n<meta property=\"og:description\" content=\"POLITIQUE DE CONFIDENTIALIT\u00c9 1. INFORMATIONS G\u00c9N\u00c9RALES Cette politique s&rsquo;applique au site web, fonctionnant \u00e0 l&rsquo;adresse suivante : shop.polonarko.com L&rsquo;op\u00e9rateur du\" \/>\n<meta property=\"og:url\" content=\"https:\/\/shop.polonarko.com\/fr\/politique-de-confidentialite\/\" \/>\n<meta property=\"og:site_name\" content=\"POLONARKO\" \/>\n<meta property=\"article:modified_time\" content=\"2024-10-09T12:45:49+00:00\" \/>\n<meta name=\"twitter:card\" content=\"summary_large_image\" \/>\n<meta name=\"twitter:label1\" content=\"Dur\u00e9e de lecture estim\u00e9e\" \/>\n\t<meta name=\"twitter:data1\" content=\"9 minutes\" \/>\n<script type=\"application\/ld+json\" class=\"yoast-schema-graph\">{\"@context\":\"https:\/\/schema.org\",\"@graph\":[{\"@type\":\"WebPage\",\"@id\":\"https:\/\/shop.polonarko.com\/fr\/politique-de-confidentialite\/\",\"url\":\"https:\/\/shop.polonarko.com\/fr\/politique-de-confidentialite\/\",\"name\":\"POLITIQUE DE CONFIDENTIALIT\u00c9 - POLONARKO\",\"isPartOf\":{\"@id\":\"https:\/\/shop.polonarko.com\/fr\/#website\"},\"datePublished\":\"2024-08-29T18:07:43+00:00\",\"dateModified\":\"2024-10-09T12:45:49+00:00\",\"breadcrumb\":{\"@id\":\"https:\/\/shop.polonarko.com\/fr\/politique-de-confidentialite\/#breadcrumb\"},\"inLanguage\":\"fr-FR\",\"potentialAction\":[{\"@type\":\"ReadAction\",\"target\":[\"https:\/\/shop.polonarko.com\/fr\/politique-de-confidentialite\/\"]}]},{\"@type\":\"BreadcrumbList\",\"@id\":\"https:\/\/shop.polonarko.com\/fr\/politique-de-confidentialite\/#breadcrumb\",\"itemListElement\":[{\"@type\":\"ListItem\",\"position\":1,\"name\":\"Strona g\u0142\u00f3wna\",\"item\":\"https:\/\/shop.polonarko.com\/fr\/\"},{\"@type\":\"ListItem\",\"position\":2,\"name\":\"POLITIQUE DE CONFIDENTIALIT\u00c9\"}]},{\"@type\":\"WebSite\",\"@id\":\"https:\/\/shop.polonarko.com\/fr\/#website\",\"url\":\"https:\/\/shop.polonarko.com\/fr\/\",\"name\":\"POLONARKO\",\"description\":\"POLONARKO C'EST LES V\u00caTEMENTS, LA CULTURE, LA R\u00c9BELLION, LA MUSIQUE, LE GRAFFITI. POLONARKO C'EST DU FUDAMENT. ALLEZ SUR LE SITE ET INSCRIVEZ-VOUS \u00c0 LA COMMUNAUT\u00c9. \",\"publisher\":{\"@id\":\"https:\/\/shop.polonarko.com\/fr\/#organization\"},\"potentialAction\":[{\"@type\":\"SearchAction\",\"target\":{\"@type\":\"EntryPoint\",\"urlTemplate\":\"https:\/\/shop.polonarko.com\/fr\/?s={search_term_string}\"},\"query-input\":{\"@type\":\"PropertyValueSpecification\",\"valueRequired\":true,\"valueName\":\"search_term_string\"}}],\"inLanguage\":\"fr-FR\"},{\"@type\":\"Organization\",\"@id\":\"https:\/\/shop.polonarko.com\/fr\/#organization\",\"name\":\"POLONARKO\",\"url\":\"https:\/\/shop.polonarko.com\/fr\/\",\"logo\":{\"@type\":\"ImageObject\",\"inLanguage\":\"fr-FR\",\"@id\":\"https:\/\/shop.polonarko.com\/fr\/#\/schema\/logo\/image\/\",\"url\":\"https:\/\/shop.polonarko.com\/wp-content\/uploads\/2024\/08\/cropped-logo-e1726125761427.webp\",\"contentUrl\":\"https:\/\/shop.polonarko.com\/wp-content\/uploads\/2024\/08\/cropped-logo-e1726125761427.webp\",\"width\":512,\"height\":512,\"caption\":\"POLONARKO\"},\"image\":{\"@id\":\"https:\/\/shop.polonarko.com\/fr\/#\/schema\/logo\/image\/\"},\"sameAs\":[\"https:\/\/www.instagram.com\/polonarkoclothing\/\",\"https:\/\/www.tiktok.com\/@polonarkoclothing\"]}]}<\/script>\n<!-- \/ Yoast SEO plugin. -->","yoast_head_json":{"title":"POLITIQUE DE CONFIDENTIALIT\u00c9 - POLONARKO","robots":{"index":"index","follow":"follow","max-snippet":"max-snippet:-1","max-image-preview":"max-image-preview:large","max-video-preview":"max-video-preview:-1"},"canonical":"https:\/\/shop.polonarko.com\/fr\/politique-de-confidentialite\/","og_locale":"fr_FR","og_type":"article","og_title":"POLITIQUE DE CONFIDENTIALIT\u00c9 - POLONARKO","og_description":"POLITIQUE DE CONFIDENTIALIT\u00c9 1. INFORMATIONS G\u00c9N\u00c9RALES Cette politique s&rsquo;applique au site web, fonctionnant \u00e0 l&rsquo;adresse suivante : shop.polonarko.com L&rsquo;op\u00e9rateur du","og_url":"https:\/\/shop.polonarko.com\/fr\/politique-de-confidentialite\/","og_site_name":"POLONARKO","article_modified_time":"2024-10-09T12:45:49+00:00","twitter_card":"summary_large_image","twitter_misc":{"Dur\u00e9e de lecture estim\u00e9e":"9 minutes"},"schema":{"@context":"https:\/\/schema.org","@graph":[{"@type":"WebPage","@id":"https:\/\/shop.polonarko.com\/fr\/politique-de-confidentialite\/","url":"https:\/\/shop.polonarko.com\/fr\/politique-de-confidentialite\/","name":"POLITIQUE DE CONFIDENTIALIT\u00c9 - POLONARKO","isPartOf":{"@id":"https:\/\/shop.polonarko.com\/fr\/#website"},"datePublished":"2024-08-29T18:07:43+00:00","dateModified":"2024-10-09T12:45:49+00:00","breadcrumb":{"@id":"https:\/\/shop.polonarko.com\/fr\/politique-de-confidentialite\/#breadcrumb"},"inLanguage":"fr-FR","potentialAction":[{"@type":"ReadAction","target":["https:\/\/shop.polonarko.com\/fr\/politique-de-confidentialite\/"]}]},{"@type":"BreadcrumbList","@id":"https:\/\/shop.polonarko.com\/fr\/politique-de-confidentialite\/#breadcrumb","itemListElement":[{"@type":"ListItem","position":1,"name":"Strona g\u0142\u00f3wna","item":"https:\/\/shop.polonarko.com\/fr\/"},{"@type":"ListItem","position":2,"name":"POLITIQUE DE CONFIDENTIALIT\u00c9"}]},{"@type":"WebSite","@id":"https:\/\/shop.polonarko.com\/fr\/#website","url":"https:\/\/shop.polonarko.com\/fr\/","name":"POLONARKO","description":"POLONARKO C'EST LES V\u00caTEMENTS, LA CULTURE, LA R\u00c9BELLION, LA MUSIQUE, LE GRAFFITI. POLONARKO C'EST DU FUDAMENT. ALLEZ SUR LE SITE ET INSCRIVEZ-VOUS \u00c0 LA COMMUNAUT\u00c9. ","publisher":{"@id":"https:\/\/shop.polonarko.com\/fr\/#organization"},"potentialAction":[{"@type":"SearchAction","target":{"@type":"EntryPoint","urlTemplate":"https:\/\/shop.polonarko.com\/fr\/?s={search_term_string}"},"query-input":{"@type":"PropertyValueSpecification","valueRequired":true,"valueName":"search_term_string"}}],"inLanguage":"fr-FR"},{"@type":"Organization","@id":"https:\/\/shop.polonarko.com\/fr\/#organization","name":"POLONARKO","url":"https:\/\/shop.polonarko.com\/fr\/","logo":{"@type":"ImageObject","inLanguage":"fr-FR","@id":"https:\/\/shop.polonarko.com\/fr\/#\/schema\/logo\/image\/","url":"https:\/\/shop.polonarko.com\/wp-content\/uploads\/2024\/08\/cropped-logo-e1726125761427.webp","contentUrl":"https:\/\/shop.polonarko.com\/wp-content\/uploads\/2024\/08\/cropped-logo-e1726125761427.webp","width":512,"height":512,"caption":"POLONARKO"},"image":{"@id":"https:\/\/shop.polonarko.com\/fr\/#\/schema\/logo\/image\/"},"sameAs":["https:\/\/www.instagram.com\/polonarkoclothing\/","https:\/\/www.tiktok.com\/@polonarkoclothing"]}]}},"jetpack_sharing_enabled":true,"_links":{"self":[{"href":"https:\/\/shop.polonarko.com\/fr\/wp-json\/wp\/v2\/pages\/17550","targetHints":{"allow":["GET"]}}],"collection":[{"href":"https:\/\/shop.polonarko.com\/fr\/wp-json\/wp\/v2\/pages"}],"about":[{"href":"https:\/\/shop.polonarko.com\/fr\/wp-json\/wp\/v2\/types\/page"}],"author":[{"embeddable":true,"href":"https:\/\/shop.polonarko.com\/fr\/wp-json\/wp\/v2\/users\/1"}],"replies":[{"embeddable":true,"href":"https:\/\/shop.polonarko.com\/fr\/wp-json\/wp\/v2\/comments?post=17550"}],"version-history":[{"count":1,"href":"https:\/\/shop.polonarko.com\/fr\/wp-json\/wp\/v2\/pages\/17550\/revisions"}],"predecessor-version":[{"id":17551,"href":"https:\/\/shop.polonarko.com\/fr\/wp-json\/wp\/v2\/pages\/17550\/revisions\/17551"}],"wp:attachment":[{"href":"https:\/\/shop.polonarko.com\/fr\/wp-json\/wp\/v2\/media?parent=17550"}],"curies":[{"name":"wp","href":"https:\/\/api.w.org\/{rel}","templated":true}]}}