{"id":17982,"date":"2025-03-05T10:30:38","date_gmt":"2025-03-05T09:30:38","guid":{"rendered":"https:\/\/shop.polonarko.com\/?post_type=product&#038;p=17982"},"modified":"2025-11-06T17:09:43","modified_gmt":"2025-11-06T16:09:43","slug":"polonarko-basic-black-pink","status":"publish","type":"product","link":"https:\/\/shop.polonarko.com\/es\/produkt\/polonarko-basic-black-pink\/","title":{"rendered":"POLONARKO \u00abBASIC\u00bb BLACK-PINK"},"content":{"rendered":"\t\t<div data-elementor-type=\"wp-post\" data-elementor-id=\"17982\" class=\"elementor elementor-17982\">\n\t\t\t\t<div class=\"elementor-element elementor-element-64b7356 e-flex e-con-boxed wd-section-disabled e-con e-parent\" data-id=\"64b7356\" data-element_type=\"container\">\n\t\t\t\t\t<div class=\"e-con-inner\">\n\t\t\t\t<div class=\"elementor-element elementor-element-5aa2ace elementor-widget elementor-widget-wd_image_or_svg\" data-id=\"5aa2ace\" data-element_type=\"widget\" data-widget_type=\"wd_image_or_svg.default\">\n\t\t\t\t<div class=\"elementor-widget-container\">\n\t\t\t\n\t\t<div class=\"wd-image text-center\">\n\t\t\t\t\t\t\t\t<img fetchpriority=\"high\" decoding=\"async\" width=\"400\" height=\"200\" src=\"https:\/\/shop.polonarko.com\/wp-content\/uploads\/2024\/08\/logo-400x200.webp\" class=\"attachment-medium size-medium\" alt=\"Polonarko logo\" srcset=\"https:\/\/shop.polonarko.com\/wp-content\/uploads\/2024\/08\/logo-400x200.webp 400w, https:\/\/shop.polonarko.com\/wp-content\/uploads\/2024\/08\/logo-1300x650.webp 1300w, https:\/\/shop.polonarko.com\/wp-content\/uploads\/2024\/08\/logo-768x384.webp 768w, https:\/\/shop.polonarko.com\/wp-content\/uploads\/2024\/08\/logo-1536x768.webp 1536w, https:\/\/shop.polonarko.com\/wp-content\/uploads\/2024\/08\/logo-2048x1024.webp 2048w, https:\/\/shop.polonarko.com\/wp-content\/uploads\/2024\/08\/logo-860x430.webp 860w, https:\/\/shop.polonarko.com\/wp-content\/uploads\/2024\/08\/logo-430x215.webp 430w, https:\/\/shop.polonarko.com\/wp-content\/uploads\/2024\/08\/logo-700x350.webp 700w, https:\/\/shop.polonarko.com\/wp-content\/uploads\/2024\/08\/logo-150x75.webp 150w, https:\/\/shop.polonarko.com\/wp-content\/uploads\/2024\/08\/logo-e1726125761427.webp 1200w\" sizes=\"(max-width: 400px) 100vw, 400px\" \/>\t\t\t\t\t<\/div>\n\n\t\t\t\t<\/div>\n\t\t\t\t<\/div>\n\t\t\t\t\t<\/div>\n\t\t\t\t<\/div>\n\t\t<div class=\"elementor-element elementor-element-e7ec98a e-flex e-con-boxed wd-section-disabled e-con e-parent\" data-id=\"e7ec98a\" data-element_type=\"container\">\n\t\t\t\t\t<div class=\"e-con-inner\">\n\t\t\t\t<div class=\"elementor-element elementor-element-eea8a04 elementor-widget elementor-widget-wd_text_block\" data-id=\"eea8a04\" data-element_type=\"widget\" data-widget_type=\"wd_text_block.default\">\n\t\t\t\t<div class=\"elementor-widget-container\">\n\t\t\t\t\t<div class=\"wd-text-block reset-last-child text-center\">\n\t\t\t\n\t\t\t<p>KOSZULKI S\u0104 OVERSIZE. JE\u015aLI CHCESZ, BY BY\u0141A BARDZIEJ DOPASOWANA, WE\u0179 MNIEJSZY ROZMIAR.<\/p>\n\t\t\t\t\t<\/div>\n\t\t\t\t<\/div>\n\t\t\t\t<\/div>\n\t\t\t\t\t<\/div>\n\t\t\t\t<\/div>\n\t\t<div class=\"elementor-element elementor-element-e91acc7 e-flex e-con-boxed wd-section-disabled e-con e-parent\" data-id=\"e91acc7\" data-element_type=\"container\">\n\t\t\t\t\t<div class=\"e-con-inner\">\n\t\t\t\t<div class=\"elementor-element elementor-element-5b9078c elementor-widget__width-initial elementor-widget elementor-widget-wd_table\" data-id=\"5b9078c\" data-element_type=\"widget\" data-widget_type=\"wd_table.default\">\n\t\t\t\t<div class=\"elementor-widget-container\">\n\t\t\t\t\t<div class=\"wd-el-table-wrap wd-reset-all-last\">\n\t\t\t<table class=\"wd-el-table\">\n\t\t\t\t\t\t\t\t\t<thead class=\"text-left\">\n\t\t\t\t\t\t\t\t\t\t\t\t\t\t\t\t\t\t\t\t\t\t\t\t\t\t\t\t\t\t<tr class=\"wd-table-row elementor-repeater-item-0853997\">\n\t\t\t\t\t\t\t\t\t\t\t\t\t\t\t\t\t\t\t\t\t\t\t\t\t\t\t\t\t\t\t\t\t\t\t\t<th class=\"wd-table-cell elementor-repeater-item-b5614aa\" colspan=\"1\" rowspan=\"1\">\n\t\t\t\t\t\t\t\t\t<p>rozmiary W CM<\/p>\t\t\t\t\t\t\t\t<\/th>\n\t\t\t\t\t\t\t\t\t\t\t\t\t\t\t\t\t\t\t\t\t\t\t\t\t\t\t\t<th class=\"wd-table-cell elementor-repeater-item-592843c\" colspan=\"1\" rowspan=\"1\">\n\t\t\t\t\t\t\t\t\t<p>small<\/p>\t\t\t\t\t\t\t\t<\/th>\n\t\t\t\t\t\t\t\t\t\t\t\t\t\t\t\t\t\t\t\t\t\t\t\t\t\t\t\t<th class=\"wd-table-cell elementor-repeater-item-b8ea54a\" colspan=\"1\" rowspan=\"1\">\n\t\t\t\t\t\t\t\t\t<p>medium<\/p>\t\t\t\t\t\t\t\t<\/th>\n\t\t\t\t\t\t\t\t\t\t\t\t\t\t\t\t\t\t\t\t\t\t\t\t\t\t\t\t<th class=\"wd-table-cell elementor-repeater-item-18ada3f\" colspan=\"1\" rowspan=\"1\">\n\t\t\t\t\t\t\t\t\t<p>large<\/p>\t\t\t\t\t\t\t\t<\/th>\n\t\t\t\t\t\t\t\t\t\t\t\t\t\t\t\t\t\t\t\t\t\t\t\t\t\t\t\t<th class=\"wd-table-cell elementor-repeater-item-5ec0c09\" colspan=\"1\" rowspan=\"1\">\n\t\t\t\t\t\t\t\t\t<p>extra large<\/p>\t\t\t\t\t\t\t\t<\/th>\n\t\t\t\t\t\t\t\t\t\t\t\t\t\t\t\t\t\t\t\t\t\t\t\t\t\t\t\t<th class=\"wd-table-cell elementor-repeater-item-fd0f688\" colspan=\"1\" rowspan=\"1\">\n\t\t\t\t\t\t\t\t\t<p>xsmall<\/p>\t\t\t\t\t\t\t\t<\/th>\n\t\t\t\t\t\t\t\t\t\t\t\t\t\t\t\t\t\t\t<\/tr>\n\t\t\t\t\t<\/thead>\n\t\t\t\t\n\t\t\t\t<tbody class=\"text-left\">\n\t\t\t\t\t\t\t\t\t\t\t\t\t\t\t\t\t\t\t\t\t\t\t\t\t\t<tr class=\"wd-table-row elementor-repeater-item-3b90a33\">\n\t\t\t\t\t\t\t\t\t\t\t\t\t\t\t\t\t\t\t\t\t\t\t\t\t\t\t\t\t\t\t<td class=\"wd-table-cell elementor-repeater-item-13dc106\" colspan=\"1\" rowspan=\"1\">\n\t\t\t\t\t\t\t<p><strong>D\u0141UGO\u015a\u0106 KOSZULKI<\/strong><\/p>\t\t\t\t\t\t\t<\/td>\n\t\t\t\t\t\t\t\t\t\t\t\t\t\t\t\t\t\t\t\t\t\t\t\t<td class=\"wd-table-cell elementor-repeater-item-b3aa7d3\" colspan=\"1\" rowspan=\"1\">\n\t\t\t\t\t\t\t<p>76 CM<\/p>\t\t\t\t\t\t\t<\/td>\n\t\t\t\t\t\t\t\t\t\t\t\t\t\t\t\t\t\t\t\t\t\t\t\t<td class=\"wd-table-cell elementor-repeater-item-576b39e\" colspan=\"1\" rowspan=\"1\">\n\t\t\t\t\t\t\t<p>78 CM<\/p>\t\t\t\t\t\t\t<\/td>\n\t\t\t\t\t\t\t\t\t\t\t\t\t\t\t\t\t\t\t\t\t\t\t\t<td class=\"wd-table-cell elementor-repeater-item-ccdf645\" colspan=\"1\" rowspan=\"1\">\n\t\t\t\t\t\t\t<p>80 CM<\/p>\t\t\t\t\t\t\t<\/td>\n\t\t\t\t\t\t\t\t\t\t\t\t\t\t\t\t\t\t\t\t\t\t\t\t<td class=\"wd-table-cell elementor-repeater-item-e0752e5\" colspan=\"1\" rowspan=\"1\">\n\t\t\t\t\t\t\t<p>82 CM<\/p>\t\t\t\t\t\t\t<\/td>\n\t\t\t\t\t\t\t\t\t\t\t\t\t\t\t\t\t\t\t\t\t\t\t\t<td class=\"wd-table-cell elementor-repeater-item-9e85b17\" colspan=\"1\" rowspan=\"1\">\n\t\t\t\t\t\t\t<p>74 CM<\/p>\t\t\t\t\t\t\t<\/td>\n\t\t\t\t\t\t\t\t\t\t\t\t\t\t\t\t\t\t\t\t\t\t\t\t\t\t\t\t\t\t\t\t<\/tr>\n\t\t\t\t\t\t\t\t<tr class=\"wd-table-row elementor-repeater-item-3ba53f4\">\n\t\t\t\t\t\t\t\t\t\t\t\t\t\t\t\t\t\t\t\t\t\t\t\t\t\t\t\t\t\t\t<td class=\"wd-table-cell elementor-repeater-item-dbbf925\" colspan=\"1\" rowspan=\"1\">\n\t\t\t\t\t\t\t<p><strong>SZEROKO\u015a\u0106 <\/strong><br \/><strong>W KLATCE PIERSIOWEJ<\/strong><\/p>\t\t\t\t\t\t\t<\/td>\n\t\t\t\t\t\t\t\t\t\t\t\t\t\t\t\t\t\t\t\t\t\t\t\t<td class=\"wd-table-cell elementor-repeater-item-e7247a0\" colspan=\"1\" rowspan=\"1\">\n\t\t\t\t\t\t\t<p>57 CM<\/p>\t\t\t\t\t\t\t<\/td>\n\t\t\t\t\t\t\t\t\t\t\t\t\t\t\t\t\t\t\t\t\t\t\t\t<td class=\"wd-table-cell elementor-repeater-item-1e06644\" colspan=\"1\" rowspan=\"1\">\n\t\t\t\t\t\t\t<p>60 CM<\/p>\t\t\t\t\t\t\t<\/td>\n\t\t\t\t\t\t\t\t\t\t\t\t\t\t\t\t\t\t\t\t\t\t\t\t<td class=\"wd-table-cell elementor-repeater-item-c80c2c6\" colspan=\"1\" rowspan=\"1\">\n\t\t\t\t\t\t\t<p>63 CM<\/p>\t\t\t\t\t\t\t<\/td>\n\t\t\t\t\t\t\t\t\t\t\t\t\t\t\t\t\t\t\t\t\t\t\t\t<td class=\"wd-table-cell elementor-repeater-item-e1ac5c5\" colspan=\"1\" rowspan=\"1\">\n\t\t\t\t\t\t\t<p>66 CM<\/p>\t\t\t\t\t\t\t<\/td>\n\t\t\t\t\t\t\t\t\t\t\t\t\t\t\t\t\t\t\t\t\t\t\t\t<td class=\"wd-table-cell elementor-repeater-item-4973e07\" colspan=\"1\" rowspan=\"1\">\n\t\t\t\t\t\t\t<p>54 CM<\/p>\t\t\t\t\t\t\t<\/td>\n\t\t\t\t\t\t\t\t\t\t\t\t\t\t\t\t\t\t\t\t\t\t\t\t\t\t\t\t\t\t\t\t<\/tr>\n\t\t\t\t\t\t\t\t<tr class=\"wd-table-row elementor-repeater-item-fa18be5\">\n\t\t\t\t\t\t\t\t\t\t\t\t\t\t\t\t\t\t\t\t\t\t\t\t\t\t\t\t\t\t\t<td class=\"wd-table-cell elementor-repeater-item-0fc9001\" colspan=\"1\" rowspan=\"1\">\n\t\t\t\t\t\t\t<p><strong>D\u0141UGO\u015a\u0106 R\u0118KAWA<\/strong><\/p>\t\t\t\t\t\t\t<\/td>\n\t\t\t\t\t\t\t\t\t\t\t\t\t\t\t\t\t\t\t\t\t\t\t\t<td class=\"wd-table-cell elementor-repeater-item-58d9e76\" colspan=\"1\" rowspan=\"1\">\n\t\t\t\t\t\t\t<p>21 CM<\/p>\t\t\t\t\t\t\t<\/td>\n\t\t\t\t\t\t\t\t\t\t\t\t\t\t\t\t\t\t\t\t\t\t\t\t<td class=\"wd-table-cell elementor-repeater-item-da2f071\" colspan=\"1\" rowspan=\"1\">\n\t\t\t\t\t\t\t<p>22 CM<\/p>\t\t\t\t\t\t\t<\/td>\n\t\t\t\t\t\t\t\t\t\t\t\t\t\t\t\t\t\t\t\t\t\t\t\t<td class=\"wd-table-cell elementor-repeater-item-c4a1fa8\" colspan=\"1\" rowspan=\"1\">\n\t\t\t\t\t\t\t<p>23 CM<\/p>\t\t\t\t\t\t\t<\/td>\n\t\t\t\t\t\t\t\t\t\t\t\t\t\t\t\t\t\t\t\t\t\t\t\t<td class=\"wd-table-cell elementor-repeater-item-f78365d\" colspan=\"1\" rowspan=\"1\">\n\t\t\t\t\t\t\t<p>24 CM<\/p>\t\t\t\t\t\t\t<\/td>\n\t\t\t\t\t\t\t\t\t\t\t\t\t\t\t\t\t\t\t\t\t\t\t\t<td class=\"wd-table-cell elementor-repeater-item-4904d1d\" colspan=\"1\" rowspan=\"1\">\n\t\t\t\t\t\t\t<p>20 CM<\/p>\t\t\t\t\t\t\t<\/td>\n\t\t\t\t\t\t\t\t\t\t\t\t\t\t\t\t\t\t\t\t\t\t\t\t\t\t\t\t\t\t\t\t<\/tr>\n\t\t\t\t\t\t\t\t<tr class=\"wd-table-row elementor-repeater-item-9fc5ee5\">\n\t\t\t\t\t\t\t\t\t\t\t\t\t\t\t\t\t\t\t\t\t\t\t\t\t\t\t\t\t\t\t<td class=\"wd-table-cell elementor-repeater-item-2a31ade\" colspan=\"1\" rowspan=\"1\">\n\t\t\t\t\t\t\t<p><strong>FITUJE NA<\/strong><\/p>\t\t\t\t\t\t\t<\/td>\n\t\t\t\t\t\t\t\t\t\t\t\t\t\t\t\t\t\t\t\t\t\t\t\t<td class=\"wd-table-cell elementor-repeater-item-4bc59bf\" colspan=\"1\" rowspan=\"1\">\n\t\t\t\t\t\t\t<p>160 - 170 CM \/\/ 70KG<\/p>\t\t\t\t\t\t\t<\/td>\n\t\t\t\t\t\t\t\t\t\t\t\t\t\t\t\t\t\t\t\t\t\t\t\t<td class=\"wd-table-cell elementor-repeater-item-aa58339\" colspan=\"1\" rowspan=\"1\">\n\t\t\t\t\t\t\t<p>170 - 180 CM \/\/ 80KG<\/p>\t\t\t\t\t\t\t<\/td>\n\t\t\t\t\t\t\t\t\t\t\t\t\t\t\t\t\t\t\t\t\t\t\t\t<td class=\"wd-table-cell elementor-repeater-item-9edf4af\" colspan=\"1\" rowspan=\"1\">\n\t\t\t\t\t\t\t<p>180 - 185 CM \/\/ 80 - 90 KG<\/p>\t\t\t\t\t\t\t<\/td>\n\t\t\t\t\t\t\t\t\t\t\t\t\t\t\t\t\t\t\t\t\t\t\t\t<td class=\"wd-table-cell elementor-repeater-item-28e86e3\" colspan=\"1\" rowspan=\"1\">\n\t\t\t\t\t\t\t<p>185 - 195CM \/\/ 90 - 100 KG<\/p>\t\t\t\t\t\t\t<\/td>\n\t\t\t\t\t\t\t\t\t\t\t\t\t\t\t\t\t\t\t\t\t\t\t\t<td class=\"wd-table-cell elementor-repeater-item-3bf248b\" colspan=\"1\" rowspan=\"1\">\n\t\t\t\t\t\t\t<p>150 - 160 CM \/\/ 50 - 60 KG<\/p>\t\t\t\t\t\t\t<\/td>\n\t\t\t\t\t\t\t\t\t\t\t\t\t\t\t\t<\/tr>\n\t\t\t\t<\/tbody>\n\t\t\t<\/table>\n\t\t<\/div>\n\t\t\t\t<\/div>\n\t\t\t\t<\/div>\n\t\t\t\t\t<\/div>\n\t\t\t\t<\/div>\n\t\t\t\t<\/div>\n\t\t","protected":false},"excerpt":{"rendered":"<p>KOSZULKA POLONARKO \u00abBASIC\u00bb JEST WYKONANA ZE 100% BAWE\u0141NY. KA\u017bDA KOSZULKA MA SW\u00d3J NUMER, A ICH NAK\u0141AD JEST LIMITOWANY. GRAMATURA WYNOSI, A\u017b 240GSM, CO DAJE POCZUCIE WYSOKIEJ JAKO\u015aCI. MATERIA\u0141 BY\u0141 DODATKOWO MERCERYZOWANY, CO WZMACNIA JEGO TRWA\u0141O\u015a\u0106. JEST TO HAFT TYPU SINGLE JERSEY. KOSZULKA JEST W KROJU OVERSIZE, CO SPRAWIA, \u017bE JEST NIEZWYKLE WYGODNA I PRZEWIEWNA. Z PRZODU KOSZULKI ZNAJDUJE SI\u0118 TRWA\u0141Y, GRUBY HAFT Z LOGO NASZEJ MARKI. KOSZULKA POSIADA R\u00d3WNIE\u017b METKI Z HIPOALERGICZNEGO SILIKONU ORAZ UKRYT\u0104 KIESZONK\u0118 POD PRZEPISEM DO PRANIA.<\/p>\n","protected":false},"featured_media":18111,"template":"","meta":[],"product_brand":[],"product_cat":[72],"product_tag":[],"class_list":{"0":"post-17982","1":"product","2":"type-product","3":"status-publish","4":"has-post-thumbnail","6":"product_cat-odziez","8":"first","9":"instock","10":"shipping-taxable","11":"purchasable","12":"product-type-variable"},"yoast_head":"<!-- This site is optimized with the Yoast SEO plugin v24.6 - https:\/\/yoast.com\/wordpress\/plugins\/seo\/ -->\n<title>POLONARKO &quot;BASIC&quot; BLACK-PINK - POLONARKO<\/title>\n<meta name=\"robots\" content=\"index, follow, max-snippet:-1, max-image-preview:large, max-video-preview:-1\" \/>\n<link rel=\"canonical\" href=\"https:\/\/shop.polonarko.com\/es\/produkt\/polonarko-basic-black-pink\/\" \/>\n<meta property=\"og:locale\" content=\"es_ES\" \/>\n<meta property=\"og:type\" content=\"article\" \/>\n<meta property=\"og:title\" content=\"POLONARKO &quot;BASIC&quot; BLACK-PINK - POLONARKO\" \/>\n<meta property=\"og:description\" content=\"KOSZULKA POLONARKO &quot;BASIC&quot; JEST WYKONANA ZE 100% BAWE\u0141NY. KA\u017bDA KOSZULKA MA SW\u00d3J NUMER, A ICH NAK\u0141AD JEST LIMITOWANY. GRAMATURA WYNOSI, A\u017b 240GSM, CO DAJE POCZUCIE WYSOKIEJ JAKO\u015aCI. MATERIA\u0141 BY\u0141 DODATKOWO MERCERYZOWANY, CO WZMACNIA JEGO TRWA\u0141O\u015a\u0106. JEST TO HAFT TYPU SINGLE JERSEY. KOSZULKA JEST W KROJU OVERSIZE, CO SPRAWIA, \u017bE JEST NIEZWYKLE WYGODNA I PRZEWIEWNA. Z PRZODU KOSZULKI ZNAJDUJE SI\u0118 TRWA\u0141Y, GRUBY HAFT Z LOGO NASZEJ MARKI. KOSZULKA POSIADA R\u00d3WNIE\u017b METKI Z HIPOALERGICZNEGO SILIKONU ORAZ UKRYT\u0104 KIESZONK\u0118 POD PRZEPISEM DO PRANIA.\" \/>\n<meta property=\"og:url\" content=\"https:\/\/shop.polonarko.com\/es\/produkt\/polonarko-basic-black-pink\/\" \/>\n<meta property=\"og:site_name\" content=\"POLONARKO\" \/>\n<meta property=\"article:modified_time\" content=\"2025-11-06T16:09:43+00:00\" \/>\n<meta property=\"og:image\" content=\"https:\/\/shop.polonarko.com\/wp-content\/uploads\/2025\/03\/Czarna-rozowe-logo.png\" \/>\n\t<meta property=\"og:image:width\" content=\"1440\" \/>\n\t<meta property=\"og:image:height\" content=\"1920\" \/>\n\t<meta property=\"og:image:type\" content=\"image\/png\" \/>\n<meta name=\"twitter:card\" content=\"summary_large_image\" \/>\n<meta name=\"twitter:label1\" content=\"Tiempo de lectura\" \/>\n\t<meta name=\"twitter:data1\" content=\"1 minuto\" \/>\n<script type=\"application\/ld+json\" class=\"yoast-schema-graph\">{\"@context\":\"https:\/\/schema.org\",\"@graph\":[{\"@type\":\"WebPage\",\"@id\":\"https:\/\/shop.polonarko.com\/es\/produkt\/polonarko-basic-black-pink\/\",\"url\":\"https:\/\/shop.polonarko.com\/es\/produkt\/polonarko-basic-black-pink\/\",\"name\":\"POLONARKO \\\"BASIC\\\" BLACK-PINK - POLONARKO\",\"isPartOf\":{\"@id\":\"https:\/\/shop.polonarko.com\/es\/#website\"},\"primaryImageOfPage\":{\"@id\":\"https:\/\/shop.polonarko.com\/es\/produkt\/polonarko-basic-black-pink\/#primaryimage\"},\"image\":{\"@id\":\"https:\/\/shop.polonarko.com\/es\/produkt\/polonarko-basic-black-pink\/#primaryimage\"},\"thumbnailUrl\":\"https:\/\/shop.polonarko.com\/wp-content\/uploads\/2025\/03\/Czarna-rozowe-logo.png\",\"datePublished\":\"2025-03-05T09:30:38+00:00\",\"dateModified\":\"2025-11-06T16:09:43+00:00\",\"breadcrumb\":{\"@id\":\"https:\/\/shop.polonarko.com\/es\/produkt\/polonarko-basic-black-pink\/#breadcrumb\"},\"inLanguage\":\"es\",\"potentialAction\":[{\"@type\":\"ReadAction\",\"target\":[\"https:\/\/shop.polonarko.com\/es\/produkt\/polonarko-basic-black-pink\/\"]}]},{\"@type\":\"ImageObject\",\"inLanguage\":\"es\",\"@id\":\"https:\/\/shop.polonarko.com\/es\/produkt\/polonarko-basic-black-pink\/#primaryimage\",\"url\":\"https:\/\/shop.polonarko.com\/wp-content\/uploads\/2025\/03\/Czarna-rozowe-logo.png\",\"contentUrl\":\"https:\/\/shop.polonarko.com\/wp-content\/uploads\/2025\/03\/Czarna-rozowe-logo.png\",\"width\":1440,\"height\":1920},{\"@type\":\"BreadcrumbList\",\"@id\":\"https:\/\/shop.polonarko.com\/es\/produkt\/polonarko-basic-black-pink\/#breadcrumb\",\"itemListElement\":[{\"@type\":\"ListItem\",\"position\":1,\"name\":\"Strona g\u0142\u00f3wna\",\"item\":\"https:\/\/shop.polonarko.com\/es\/\"},{\"@type\":\"ListItem\",\"position\":2,\"name\":\"Sklep\",\"item\":\"https:\/\/shop.polonarko.com\/sklep\/\"},{\"@type\":\"ListItem\",\"position\":3,\"name\":\"POLONARKO &#8222;BASIC&#8221; BLACK-PINK\"}]},{\"@type\":\"WebSite\",\"@id\":\"https:\/\/shop.polonarko.com\/es\/#website\",\"url\":\"https:\/\/shop.polonarko.com\/es\/\",\"name\":\"POLONARKO\",\"description\":\"POLONARKO ES ROPA, CULTURA, REBELD\u00cdA, M\u00daSICA, GRAFFITI. POLONARKO ES FUDAMENT. ENTRA EN LA WEB Y AP\u00daNTATE A LA COMUNIDAD. \",\"publisher\":{\"@id\":\"https:\/\/shop.polonarko.com\/es\/#organization\"},\"potentialAction\":[{\"@type\":\"SearchAction\",\"target\":{\"@type\":\"EntryPoint\",\"urlTemplate\":\"https:\/\/shop.polonarko.com\/es\/?s={search_term_string}\"},\"query-input\":{\"@type\":\"PropertyValueSpecification\",\"valueRequired\":true,\"valueName\":\"search_term_string\"}}],\"inLanguage\":\"es\"},{\"@type\":\"Organization\",\"@id\":\"https:\/\/shop.polonarko.com\/es\/#organization\",\"name\":\"POLONARKO\",\"url\":\"https:\/\/shop.polonarko.com\/es\/\",\"logo\":{\"@type\":\"ImageObject\",\"inLanguage\":\"es\",\"@id\":\"https:\/\/shop.polonarko.com\/es\/#\/schema\/logo\/image\/\",\"url\":\"https:\/\/shop.polonarko.com\/wp-content\/uploads\/2024\/08\/cropped-logo-e1726125761427.webp\",\"contentUrl\":\"https:\/\/shop.polonarko.com\/wp-content\/uploads\/2024\/08\/cropped-logo-e1726125761427.webp\",\"width\":512,\"height\":512,\"caption\":\"POLONARKO\"},\"image\":{\"@id\":\"https:\/\/shop.polonarko.com\/es\/#\/schema\/logo\/image\/\"},\"sameAs\":[\"https:\/\/www.instagram.com\/polonarkoclothing\/\",\"https:\/\/www.tiktok.com\/@polonarkoclothing\"]}]}<\/script>\n<!-- \/ Yoast SEO plugin. -->","yoast_head_json":{"title":"POLONARKO \"BASIC\" BLACK-PINK - POLONARKO","robots":{"index":"index","follow":"follow","max-snippet":"max-snippet:-1","max-image-preview":"max-image-preview:large","max-video-preview":"max-video-preview:-1"},"canonical":"https:\/\/shop.polonarko.com\/es\/produkt\/polonarko-basic-black-pink\/","og_locale":"es_ES","og_type":"article","og_title":"POLONARKO \"BASIC\" BLACK-PINK - POLONARKO","og_description":"KOSZULKA POLONARKO \"BASIC\" JEST WYKONANA ZE 100% BAWE\u0141NY. KA\u017bDA KOSZULKA MA SW\u00d3J NUMER, A ICH NAK\u0141AD JEST LIMITOWANY. GRAMATURA WYNOSI, A\u017b 240GSM, CO DAJE POCZUCIE WYSOKIEJ JAKO\u015aCI. MATERIA\u0141 BY\u0141 DODATKOWO MERCERYZOWANY, CO WZMACNIA JEGO TRWA\u0141O\u015a\u0106. JEST TO HAFT TYPU SINGLE JERSEY. KOSZULKA JEST W KROJU OVERSIZE, CO SPRAWIA, \u017bE JEST NIEZWYKLE WYGODNA I PRZEWIEWNA. Z PRZODU KOSZULKI ZNAJDUJE SI\u0118 TRWA\u0141Y, GRUBY HAFT Z LOGO NASZEJ MARKI. KOSZULKA POSIADA R\u00d3WNIE\u017b METKI Z HIPOALERGICZNEGO SILIKONU ORAZ UKRYT\u0104 KIESZONK\u0118 POD PRZEPISEM DO PRANIA.","og_url":"https:\/\/shop.polonarko.com\/es\/produkt\/polonarko-basic-black-pink\/","og_site_name":"POLONARKO","article_modified_time":"2025-11-06T16:09:43+00:00","og_image":[{"width":1440,"height":1920,"url":"https:\/\/shop.polonarko.com\/wp-content\/uploads\/2025\/03\/Czarna-rozowe-logo.png","type":"image\/png"}],"twitter_card":"summary_large_image","twitter_misc":{"Tiempo de lectura":"1 minuto"},"schema":{"@context":"https:\/\/schema.org","@graph":[{"@type":"WebPage","@id":"https:\/\/shop.polonarko.com\/es\/produkt\/polonarko-basic-black-pink\/","url":"https:\/\/shop.polonarko.com\/es\/produkt\/polonarko-basic-black-pink\/","name":"POLONARKO \"BASIC\" BLACK-PINK - POLONARKO","isPartOf":{"@id":"https:\/\/shop.polonarko.com\/es\/#website"},"primaryImageOfPage":{"@id":"https:\/\/shop.polonarko.com\/es\/produkt\/polonarko-basic-black-pink\/#primaryimage"},"image":{"@id":"https:\/\/shop.polonarko.com\/es\/produkt\/polonarko-basic-black-pink\/#primaryimage"},"thumbnailUrl":"https:\/\/shop.polonarko.com\/wp-content\/uploads\/2025\/03\/Czarna-rozowe-logo.png","datePublished":"2025-03-05T09:30:38+00:00","dateModified":"2025-11-06T16:09:43+00:00","breadcrumb":{"@id":"https:\/\/shop.polonarko.com\/es\/produkt\/polonarko-basic-black-pink\/#breadcrumb"},"inLanguage":"es","potentialAction":[{"@type":"ReadAction","target":["https:\/\/shop.polonarko.com\/es\/produkt\/polonarko-basic-black-pink\/"]}]},{"@type":"ImageObject","inLanguage":"es","@id":"https:\/\/shop.polonarko.com\/es\/produkt\/polonarko-basic-black-pink\/#primaryimage","url":"https:\/\/shop.polonarko.com\/wp-content\/uploads\/2025\/03\/Czarna-rozowe-logo.png","contentUrl":"https:\/\/shop.polonarko.com\/wp-content\/uploads\/2025\/03\/Czarna-rozowe-logo.png","width":1440,"height":1920},{"@type":"BreadcrumbList","@id":"https:\/\/shop.polonarko.com\/es\/produkt\/polonarko-basic-black-pink\/#breadcrumb","itemListElement":[{"@type":"ListItem","position":1,"name":"Strona g\u0142\u00f3wna","item":"https:\/\/shop.polonarko.com\/es\/"},{"@type":"ListItem","position":2,"name":"Sklep","item":"https:\/\/shop.polonarko.com\/sklep\/"},{"@type":"ListItem","position":3,"name":"POLONARKO &#8222;BASIC&#8221; BLACK-PINK"}]},{"@type":"WebSite","@id":"https:\/\/shop.polonarko.com\/es\/#website","url":"https:\/\/shop.polonarko.com\/es\/","name":"POLONARKO","description":"POLONARKO ES ROPA, CULTURA, REBELD\u00cdA, M\u00daSICA, GRAFFITI. POLONARKO ES FUDAMENT. ENTRA EN LA WEB Y AP\u00daNTATE A LA COMUNIDAD. ","publisher":{"@id":"https:\/\/shop.polonarko.com\/es\/#organization"},"potentialAction":[{"@type":"SearchAction","target":{"@type":"EntryPoint","urlTemplate":"https:\/\/shop.polonarko.com\/es\/?s={search_term_string}"},"query-input":{"@type":"PropertyValueSpecification","valueRequired":true,"valueName":"search_term_string"}}],"inLanguage":"es"},{"@type":"Organization","@id":"https:\/\/shop.polonarko.com\/es\/#organization","name":"POLONARKO","url":"https:\/\/shop.polonarko.com\/es\/","logo":{"@type":"ImageObject","inLanguage":"es","@id":"https:\/\/shop.polonarko.com\/es\/#\/schema\/logo\/image\/","url":"https:\/\/shop.polonarko.com\/wp-content\/uploads\/2024\/08\/cropped-logo-e1726125761427.webp","contentUrl":"https:\/\/shop.polonarko.com\/wp-content\/uploads\/2024\/08\/cropped-logo-e1726125761427.webp","width":512,"height":512,"caption":"POLONARKO"},"image":{"@id":"https:\/\/shop.polonarko.com\/es\/#\/schema\/logo\/image\/"},"sameAs":["https:\/\/www.instagram.com\/polonarkoclothing\/","https:\/\/www.tiktok.com\/@polonarkoclothing"]}]}},"jetpack_sharing_enabled":true,"_links":{"self":[{"href":"https:\/\/shop.polonarko.com\/es\/wp-json\/wp\/v2\/product\/17982","targetHints":{"allow":["GET"]}}],"collection":[{"href":"https:\/\/shop.polonarko.com\/es\/wp-json\/wp\/v2\/product"}],"about":[{"href":"https:\/\/shop.polonarko.com\/es\/wp-json\/wp\/v2\/types\/product"}],"version-history":[{"count":6,"href":"https:\/\/shop.polonarko.com\/es\/wp-json\/wp\/v2\/product\/17982\/revisions"}],"predecessor-version":[{"id":18263,"href":"https:\/\/shop.polonarko.com\/es\/wp-json\/wp\/v2\/product\/17982\/revisions\/18263"}],"wp:featuredmedia":[{"embeddable":true,"href":"https:\/\/shop.polonarko.com\/es\/wp-json\/wp\/v2\/media\/18111"}],"wp:attachment":[{"href":"https:\/\/shop.polonarko.com\/es\/wp-json\/wp\/v2\/media?parent=17982"}],"wp:term":[{"taxonomy":"product_brand","embeddable":true,"href":"https:\/\/shop.polonarko.com\/es\/wp-json\/wp\/v2\/product_brand?post=17982"},{"taxonomy":"product_cat","embeddable":true,"href":"https:\/\/shop.polonarko.com\/es\/wp-json\/wp\/v2\/product_cat?post=17982"},{"taxonomy":"product_tag","embeddable":true,"href":"https:\/\/shop.polonarko.com\/es\/wp-json\/wp\/v2\/product_tag?post=17982"}],"curies":[{"name":"wp","href":"https:\/\/api.w.org\/{rel}","templated":true}]}}