{"id":17486,"date":"2024-09-16T03:50:06","date_gmt":"2024-09-16T01:50:06","guid":{"rendered":"https:\/\/shop.polonarko.com\/produkt\/polonarko-basic-negro-blanco\/"},"modified":"2024-10-09T13:49:51","modified_gmt":"2024-10-09T11:49:51","slug":"polonarko-basic-negro-blanco","status":"publish","type":"product","link":"https:\/\/shop.polonarko.com\/es\/produkt\/polonarko-basic-negro-blanco\/","title":{"rendered":"POLONARKO \u00abBASIC\u00bb NEGRO-BLANCO"},"content":{"rendered":"\t\t<div data-elementor-type=\"wp-post\" data-elementor-id=\"17486\" class=\"elementor elementor-17486 elementor-15930\">\n\t\t\t\t<div class=\"elementor-element elementor-element-64b7356 e-flex e-con-boxed wd-section-disabled e-con e-parent\" data-id=\"64b7356\" data-element_type=\"container\">\n\t\t\t\t\t<div class=\"e-con-inner\">\n\t\t\t\t<div class=\"elementor-element elementor-element-5aa2ace elementor-widget elementor-widget-wd_image_or_svg\" data-id=\"5aa2ace\" data-element_type=\"widget\" data-widget_type=\"wd_image_or_svg.default\">\n\t\t\t\t<div class=\"elementor-widget-container\">\n\t\t\t\n\t\t<div class=\"wd-image text-center\">\n\t\t\t\t\t\t\t\t<img fetchpriority=\"high\" decoding=\"async\" width=\"400\" height=\"200\" src=\"https:\/\/shop.polonarko.com\/wp-content\/uploads\/2024\/08\/logo-400x200.webp\" class=\"attachment-medium size-medium\" alt=\"Polonarko logo\" srcset=\"https:\/\/shop.polonarko.com\/wp-content\/uploads\/2024\/08\/logo-400x200.webp 400w, https:\/\/shop.polonarko.com\/wp-content\/uploads\/2024\/08\/logo-1300x650.webp 1300w, https:\/\/shop.polonarko.com\/wp-content\/uploads\/2024\/08\/logo-768x384.webp 768w, https:\/\/shop.polonarko.com\/wp-content\/uploads\/2024\/08\/logo-1536x768.webp 1536w, https:\/\/shop.polonarko.com\/wp-content\/uploads\/2024\/08\/logo-2048x1024.webp 2048w, https:\/\/shop.polonarko.com\/wp-content\/uploads\/2024\/08\/logo-860x430.webp 860w, https:\/\/shop.polonarko.com\/wp-content\/uploads\/2024\/08\/logo-430x215.webp 430w, https:\/\/shop.polonarko.com\/wp-content\/uploads\/2024\/08\/logo-700x350.webp 700w, https:\/\/shop.polonarko.com\/wp-content\/uploads\/2024\/08\/logo-150x75.webp 150w, https:\/\/shop.polonarko.com\/wp-content\/uploads\/2024\/08\/logo-e1726125761427.webp 1200w\" sizes=\"(max-width: 400px) 100vw, 400px\" \/>\t\t\t\t\t<\/div>\n\n\t\t\t\t<\/div>\n\t\t\t\t<\/div>\n\t\t\t\t<div class=\"elementor-element elementor-element-c09c714 elementor-widget elementor-widget-wd_table\" data-id=\"c09c714\" data-element_type=\"widget\" data-widget_type=\"wd_table.default\">\n\t\t\t\t<div class=\"elementor-widget-container\">\n\t\t\t\t\t<div class=\"wd-el-table-wrap wd-reset-all-last\">\n\t\t\t<table class=\"wd-el-table\">\n\t\t\t\t\t\t\t\t\t<thead class=\"text-left\">\n\t\t\t\t\t\t\t\t\t\t\t\t\t\t\t\t\t\t\t\t\t\t\t\t\t\t\t\t\t\t<tr class=\"wd-table-row elementor-repeater-item-0853997\">\n\t\t\t\t\t\t\t\t\t\t\t\t\t\t\t\t\t\t\t\t\t\t\t\t\t\t\t\t\t\t\t\t\t\t\t\t<th class=\"wd-table-cell elementor-repeater-item-b5614aa\" colspan=\"1\" rowspan=\"1\">\n\t\t\t\t\t\t\t\t\t<p>dimensiones W CM<\/p>\t\t\t\t\t\t\t\t<\/th>\n\t\t\t\t\t\t\t\t\t\t\t\t\t\t\t\t\t\t\t\t\t\t\t\t\t\t\t\t<th class=\"wd-table-cell elementor-repeater-item-592843c\" colspan=\"1\" rowspan=\"1\">\n\t\t\t\t\t\t\t\t\t<p>peque\u00f1o<\/p>\t\t\t\t\t\t\t\t<\/th>\n\t\t\t\t\t\t\t\t\t\t\t\t\t\t\t\t\t\t\t\t\t\t\t\t\t\t\t\t<th class=\"wd-table-cell elementor-repeater-item-b8ea54a\" colspan=\"1\" rowspan=\"1\">\n\t\t\t\t\t\t\t\t\t<p>medio<\/p>\t\t\t\t\t\t\t\t<\/th>\n\t\t\t\t\t\t\t\t\t\t\t\t\t\t\t\t\t\t\t\t\t\t\t\t\t\t\t\t<th class=\"wd-table-cell elementor-repeater-item-18ada3f\" colspan=\"1\" rowspan=\"1\">\n\t\t\t\t\t\t\t\t\t<p>grande<\/p>\t\t\t\t\t\t\t\t<\/th>\n\t\t\t\t\t\t\t\t\t\t\t\t\t\t\t\t\t\t\t\t\t\t\t\t\t\t\t\t<th class=\"wd-table-cell elementor-repeater-item-5ec0c09\" colspan=\"1\" rowspan=\"1\">\n\t\t\t\t\t\t\t\t\t<p>extra grande<\/p>\t\t\t\t\t\t\t\t<\/th>\n\t\t\t\t\t\t\t\t\t\t\t\t\t\t\t\t\t\t\t<\/tr>\n\t\t\t\t\t<\/thead>\n\t\t\t\t\n\t\t\t\t<tbody class=\"text-left\">\n\t\t\t\t\t\t\t\t\t\t\t\t\t\t\t\t\t\t\t\t\t\t\t\t\t\t<tr class=\"wd-table-row elementor-repeater-item-3b90a33\">\n\t\t\t\t\t\t\t\t\t\t\t\t\t\t\t\t\t\t\t\t\t\t\t\t\t\t\t\t\t\t\t<td class=\"wd-table-cell elementor-repeater-item-13dc106\" colspan=\"1\" rowspan=\"1\">\n\t\t\t\t\t\t\t<p><strong>LARGO DE LA CAMISETA<\/strong><\/p>\t\t\t\t\t\t\t<\/td>\n\t\t\t\t\t\t\t\t\t\t\t\t\t\t\t\t\t\t\t\t\t\t\t\t<td class=\"wd-table-cell elementor-repeater-item-b3aa7d3\" colspan=\"1\" rowspan=\"1\">\n\t\t\t\t\t\t\t<p>76 CM<\/p>\t\t\t\t\t\t\t<\/td>\n\t\t\t\t\t\t\t\t\t\t\t\t\t\t\t\t\t\t\t\t\t\t\t\t<td class=\"wd-table-cell elementor-repeater-item-576b39e\" colspan=\"1\" rowspan=\"1\">\n\t\t\t\t\t\t\t<p>78 CM<\/p>\t\t\t\t\t\t\t<\/td>\n\t\t\t\t\t\t\t\t\t\t\t\t\t\t\t\t\t\t\t\t\t\t\t\t<td class=\"wd-table-cell elementor-repeater-item-ccdf645\" colspan=\"1\" rowspan=\"1\">\n\t\t\t\t\t\t\t<p>80 CM<\/p>\t\t\t\t\t\t\t<\/td>\n\t\t\t\t\t\t\t\t\t\t\t\t\t\t\t\t\t\t\t\t\t\t\t\t<td class=\"wd-table-cell elementor-repeater-item-e0752e5\" colspan=\"1\" rowspan=\"1\">\n\t\t\t\t\t\t\t<p>82 CM<\/p>\t\t\t\t\t\t\t<\/td>\n\t\t\t\t\t\t\t\t\t\t\t\t\t\t\t\t\t\t\t\t\t\t\t\t\t\t\t\t\t\t\t\t<\/tr>\n\t\t\t\t\t\t\t\t<tr class=\"wd-table-row elementor-repeater-item-3ba53f4\">\n\t\t\t\t\t\t\t\t\t\t\t\t\t\t\t\t\t\t\t\t\t\t\t\t\t\t\t\t\t\t\t<td class=\"wd-table-cell elementor-repeater-item-dbbf925\" colspan=\"1\" rowspan=\"1\">\n\t\t\t\t\t\t\t<p><strong>ANCHO <\/strong><br><strong>EN EL PECHO<\/strong><\/p>\t\t\t\t\t\t\t<\/td>\n\t\t\t\t\t\t\t\t\t\t\t\t\t\t\t\t\t\t\t\t\t\t\t\t<td class=\"wd-table-cell elementor-repeater-item-e7247a0\" colspan=\"1\" rowspan=\"1\">\n\t\t\t\t\t\t\t<p>57 CM<\/p>\t\t\t\t\t\t\t<\/td>\n\t\t\t\t\t\t\t\t\t\t\t\t\t\t\t\t\t\t\t\t\t\t\t\t<td class=\"wd-table-cell elementor-repeater-item-1e06644\" colspan=\"1\" rowspan=\"1\">\n\t\t\t\t\t\t\t<p>60 CM<\/p>\t\t\t\t\t\t\t<\/td>\n\t\t\t\t\t\t\t\t\t\t\t\t\t\t\t\t\t\t\t\t\t\t\t\t<td class=\"wd-table-cell elementor-repeater-item-c80c2c6\" colspan=\"1\" rowspan=\"1\">\n\t\t\t\t\t\t\t<p>63 CM<\/p>\t\t\t\t\t\t\t<\/td>\n\t\t\t\t\t\t\t\t\t\t\t\t\t\t\t\t\t\t\t\t\t\t\t\t<td class=\"wd-table-cell elementor-repeater-item-e1ac5c5\" colspan=\"1\" rowspan=\"1\">\n\t\t\t\t\t\t\t<p>66 CM<\/p>\t\t\t\t\t\t\t<\/td>\n\t\t\t\t\t\t\t\t\t\t\t\t\t\t\t\t\t\t\t\t\t\t\t\t\t\t\t\t\t\t\t\t<\/tr>\n\t\t\t\t\t\t\t\t<tr class=\"wd-table-row elementor-repeater-item-fa18be5\">\n\t\t\t\t\t\t\t\t\t\t\t\t\t\t\t\t\t\t\t\t\t\t\t\t\t\t\t\t\t\t\t<td class=\"wd-table-cell elementor-repeater-item-0fc9001\" colspan=\"1\" rowspan=\"1\">\n\t\t\t\t\t\t\t<p><strong>LONGITUD DE LA MANGA<\/strong><\/p>\t\t\t\t\t\t\t<\/td>\n\t\t\t\t\t\t\t\t\t\t\t\t\t\t\t\t\t\t\t\t\t\t\t\t<td class=\"wd-table-cell elementor-repeater-item-58d9e76\" colspan=\"1\" rowspan=\"1\">\n\t\t\t\t\t\t\t<p>21 CM<\/p>\t\t\t\t\t\t\t<\/td>\n\t\t\t\t\t\t\t\t\t\t\t\t\t\t\t\t\t\t\t\t\t\t\t\t<td class=\"wd-table-cell elementor-repeater-item-da2f071\" colspan=\"1\" rowspan=\"1\">\n\t\t\t\t\t\t\t<p>22 CM<\/p>\t\t\t\t\t\t\t<\/td>\n\t\t\t\t\t\t\t\t\t\t\t\t\t\t\t\t\t\t\t\t\t\t\t\t<td class=\"wd-table-cell elementor-repeater-item-c4a1fa8\" colspan=\"1\" rowspan=\"1\">\n\t\t\t\t\t\t\t<p>23 CM<\/p>\t\t\t\t\t\t\t<\/td>\n\t\t\t\t\t\t\t\t\t\t\t\t\t\t\t\t\t\t\t\t\t\t\t\t<td class=\"wd-table-cell elementor-repeater-item-f78365d\" colspan=\"1\" rowspan=\"1\">\n\t\t\t\t\t\t\t<p>24 CM<\/p>\t\t\t\t\t\t\t<\/td>\n\t\t\t\t\t\t\t\t\t\t\t\t\t\t\t\t<\/tr>\n\t\t\t\t<\/tbody>\n\t\t\t<\/table>\n\t\t<\/div>\n\t\t\t\t<\/div>\n\t\t\t\t<\/div>\n\t\t\t\t\t<\/div>\n\t\t\t\t<\/div>\n\t\t\t\t<\/div>\n\t\t","protected":false},"excerpt":{"rendered":"<p>LA CAMISETA \u00abBASIC\u00bb DE POLONARKO EST\u00c1 FABRICADA EN ALGOD\u00d3N 100%. CADA CAMISETA TIENE SU PROPIO N\u00daMERO Y ES DE TIRADA LIMITADA. EL GRAMAJE ES DE 240 G\/M\u00b2, LO QUE DA LA SENSACI\u00d3N DE ALTA CALIDAD. EL MATERIAL HA SIDO MERCERIZADO PARA AUMENTAR SU DURABILIDAD. SE TRATA DE UN BORDADO DE PUNTO SENCILLO. LA CAMISETA ES OVERSIZE, LO QUE LA HACE EXTREMADAMENTE C\u00d3MODA Y TRANSPIRABLE. LA PARTE DELANTERA DE LA CAMISETA LLEVA UN BORDADO GRUESO Y DURADERO CON EL LOGOTIPO DE NUESTRA MARCA. LA CAMISETA TAMBI\u00c9N TIENE ETIQUETAS DE SILICONA HIPOALERG\u00c9NICA Y UN BOLSILLO OCULTO BAJO LA RECETA DE LAVADO.       <\/p>\n","protected":false},"featured_media":18125,"template":"","meta":[],"product_brand":[],"product_cat":[101],"product_tag":[],"class_list":{"0":"post-17486","1":"product","2":"type-product","3":"status-publish","4":"has-post-thumbnail","6":"product_cat-ropa","8":"first","9":"instock","10":"shipping-taxable","11":"purchasable","12":"product-type-variable"},"yoast_head":"<!-- This site is optimized with the Yoast SEO plugin v24.6 - https:\/\/yoast.com\/wordpress\/plugins\/seo\/ -->\n<title>POLONARKO &quot;BASIC&quot; NEGRO-BLANCO - POLONARKO<\/title>\n<meta name=\"robots\" content=\"index, follow, max-snippet:-1, max-image-preview:large, max-video-preview:-1\" \/>\n<link rel=\"canonical\" href=\"https:\/\/shop.polonarko.com\/es\/produkt\/polonarko-basic-negro-blanco\/\" \/>\n<meta property=\"og:locale\" content=\"es_ES\" \/>\n<meta property=\"og:type\" content=\"article\" \/>\n<meta property=\"og:title\" content=\"POLONARKO &quot;BASIC&quot; NEGRO-BLANCO - POLONARKO\" \/>\n<meta property=\"og:description\" content=\"LA CAMISETA &quot;BASIC&quot; DE POLONARKO EST\u00c1 FABRICADA EN ALGOD\u00d3N 100%. CADA CAMISETA TIENE SU PROPIO N\u00daMERO Y ES DE TIRADA LIMITADA. EL GRAMAJE ES DE 240 G\/M\u00b2, LO QUE DA LA SENSACI\u00d3N DE ALTA CALIDAD. EL MATERIAL HA SIDO MERCERIZADO PARA AUMENTAR SU DURABILIDAD. SE TRATA DE UN BORDADO DE PUNTO SENCILLO. LA CAMISETA ES OVERSIZE, LO QUE LA HACE EXTREMADAMENTE C\u00d3MODA Y TRANSPIRABLE. LA PARTE DELANTERA DE LA CAMISETA LLEVA UN BORDADO GRUESO Y DURADERO CON EL LOGOTIPO DE NUESTRA MARCA. LA CAMISETA TAMBI\u00c9N TIENE ETIQUETAS DE SILICONA HIPOALERG\u00c9NICA Y UN BOLSILLO OCULTO BAJO LA RECETA DE LAVADO.\" \/>\n<meta property=\"og:url\" content=\"https:\/\/shop.polonarko.com\/es\/produkt\/polonarko-basic-negro-blanco\/\" \/>\n<meta property=\"og:site_name\" content=\"POLONARKO\" \/>\n<meta property=\"article:modified_time\" content=\"2024-10-09T11:49:51+00:00\" \/>\n<meta property=\"og:image\" content=\"https:\/\/shop.polonarko.com\/wp-content\/uploads\/2024\/09\/czarnabialy.jpg\" \/>\n\t<meta property=\"og:image:width\" content=\"1200\" \/>\n\t<meta property=\"og:image:height\" content=\"1200\" \/>\n\t<meta property=\"og:image:type\" content=\"image\/jpeg\" \/>\n<meta name=\"twitter:card\" content=\"summary_large_image\" \/>\n<script type=\"application\/ld+json\" class=\"yoast-schema-graph\">{\"@context\":\"https:\/\/schema.org\",\"@graph\":[{\"@type\":\"WebPage\",\"@id\":\"https:\/\/shop.polonarko.com\/es\/produkt\/polonarko-basic-negro-blanco\/\",\"url\":\"https:\/\/shop.polonarko.com\/es\/produkt\/polonarko-basic-negro-blanco\/\",\"name\":\"POLONARKO \\\"BASIC\\\" NEGRO-BLANCO - POLONARKO\",\"isPartOf\":{\"@id\":\"https:\/\/shop.polonarko.com\/es\/#website\"},\"primaryImageOfPage\":{\"@id\":\"https:\/\/shop.polonarko.com\/es\/produkt\/polonarko-basic-negro-blanco\/#primaryimage\"},\"image\":{\"@id\":\"https:\/\/shop.polonarko.com\/es\/produkt\/polonarko-basic-negro-blanco\/#primaryimage\"},\"thumbnailUrl\":\"https:\/\/shop.polonarko.com\/wp-content\/uploads\/2025\/03\/Czarna-biale-logo.png\",\"datePublished\":\"2024-09-16T01:50:06+00:00\",\"dateModified\":\"2024-10-09T11:49:51+00:00\",\"breadcrumb\":{\"@id\":\"https:\/\/shop.polonarko.com\/es\/produkt\/polonarko-basic-negro-blanco\/#breadcrumb\"},\"inLanguage\":\"es\",\"potentialAction\":[{\"@type\":\"ReadAction\",\"target\":[\"https:\/\/shop.polonarko.com\/es\/produkt\/polonarko-basic-negro-blanco\/\"]}]},{\"@type\":\"ImageObject\",\"inLanguage\":\"es\",\"@id\":\"https:\/\/shop.polonarko.com\/es\/produkt\/polonarko-basic-negro-blanco\/#primaryimage\",\"url\":\"https:\/\/shop.polonarko.com\/wp-content\/uploads\/2025\/03\/Czarna-biale-logo.png\",\"contentUrl\":\"https:\/\/shop.polonarko.com\/wp-content\/uploads\/2025\/03\/Czarna-biale-logo.png\"},{\"@type\":\"BreadcrumbList\",\"@id\":\"https:\/\/shop.polonarko.com\/es\/produkt\/polonarko-basic-negro-blanco\/#breadcrumb\",\"itemListElement\":[{\"@type\":\"ListItem\",\"position\":1,\"name\":\"Strona g\u0142\u00f3wna\",\"item\":\"https:\/\/shop.polonarko.com\/es\/\"},{\"@type\":\"ListItem\",\"position\":2,\"name\":\"Sklep\",\"item\":\"https:\/\/shop.polonarko.com\/sklep\/\"},{\"@type\":\"ListItem\",\"position\":3,\"name\":\"POLONARKO &#8220;BASIC&#8221; NEGRO-BLANCO\"}]},{\"@type\":\"WebSite\",\"@id\":\"https:\/\/shop.polonarko.com\/es\/#website\",\"url\":\"https:\/\/shop.polonarko.com\/es\/\",\"name\":\"POLONARKO\",\"description\":\"POLONARKO ES ROPA, CULTURA, REBELD\u00cdA, M\u00daSICA, GRAFFITI. POLONARKO ES FUDAMENT. ENTRA EN LA WEB Y AP\u00daNTATE A LA COMUNIDAD. \",\"publisher\":{\"@id\":\"https:\/\/shop.polonarko.com\/es\/#organization\"},\"potentialAction\":[{\"@type\":\"SearchAction\",\"target\":{\"@type\":\"EntryPoint\",\"urlTemplate\":\"https:\/\/shop.polonarko.com\/es\/?s={search_term_string}\"},\"query-input\":{\"@type\":\"PropertyValueSpecification\",\"valueRequired\":true,\"valueName\":\"search_term_string\"}}],\"inLanguage\":\"es\"},{\"@type\":\"Organization\",\"@id\":\"https:\/\/shop.polonarko.com\/es\/#organization\",\"name\":\"POLONARKO\",\"url\":\"https:\/\/shop.polonarko.com\/es\/\",\"logo\":{\"@type\":\"ImageObject\",\"inLanguage\":\"es\",\"@id\":\"https:\/\/shop.polonarko.com\/es\/#\/schema\/logo\/image\/\",\"url\":\"https:\/\/shop.polonarko.com\/wp-content\/uploads\/2024\/08\/cropped-logo-e1726125761427.webp\",\"contentUrl\":\"https:\/\/shop.polonarko.com\/wp-content\/uploads\/2024\/08\/cropped-logo-e1726125761427.webp\",\"width\":512,\"height\":512,\"caption\":\"POLONARKO\"},\"image\":{\"@id\":\"https:\/\/shop.polonarko.com\/es\/#\/schema\/logo\/image\/\"},\"sameAs\":[\"https:\/\/www.instagram.com\/polonarkoclothing\/\",\"https:\/\/www.tiktok.com\/@polonarkoclothing\"]}]}<\/script>\n<!-- \/ Yoast SEO plugin. -->","yoast_head_json":{"title":"POLONARKO \"BASIC\" NEGRO-BLANCO - POLONARKO","robots":{"index":"index","follow":"follow","max-snippet":"max-snippet:-1","max-image-preview":"max-image-preview:large","max-video-preview":"max-video-preview:-1"},"canonical":"https:\/\/shop.polonarko.com\/es\/produkt\/polonarko-basic-negro-blanco\/","og_locale":"es_ES","og_type":"article","og_title":"POLONARKO \"BASIC\" NEGRO-BLANCO - POLONARKO","og_description":"LA CAMISETA \"BASIC\" DE POLONARKO EST\u00c1 FABRICADA EN ALGOD\u00d3N 100%. CADA CAMISETA TIENE SU PROPIO N\u00daMERO Y ES DE TIRADA LIMITADA. EL GRAMAJE ES DE 240 G\/M\u00b2, LO QUE DA LA SENSACI\u00d3N DE ALTA CALIDAD. EL MATERIAL HA SIDO MERCERIZADO PARA AUMENTAR SU DURABILIDAD. SE TRATA DE UN BORDADO DE PUNTO SENCILLO. LA CAMISETA ES OVERSIZE, LO QUE LA HACE EXTREMADAMENTE C\u00d3MODA Y TRANSPIRABLE. LA PARTE DELANTERA DE LA CAMISETA LLEVA UN BORDADO GRUESO Y DURADERO CON EL LOGOTIPO DE NUESTRA MARCA. LA CAMISETA TAMBI\u00c9N TIENE ETIQUETAS DE SILICONA HIPOALERG\u00c9NICA Y UN BOLSILLO OCULTO BAJO LA RECETA DE LAVADO.","og_url":"https:\/\/shop.polonarko.com\/es\/produkt\/polonarko-basic-negro-blanco\/","og_site_name":"POLONARKO","article_modified_time":"2024-10-09T11:49:51+00:00","og_image":[{"width":1200,"height":1200,"url":"https:\/\/shop.polonarko.com\/wp-content\/uploads\/2024\/09\/czarnabialy.jpg","type":"image\/jpeg"}],"twitter_card":"summary_large_image","schema":{"@context":"https:\/\/schema.org","@graph":[{"@type":"WebPage","@id":"https:\/\/shop.polonarko.com\/es\/produkt\/polonarko-basic-negro-blanco\/","url":"https:\/\/shop.polonarko.com\/es\/produkt\/polonarko-basic-negro-blanco\/","name":"POLONARKO \"BASIC\" NEGRO-BLANCO - POLONARKO","isPartOf":{"@id":"https:\/\/shop.polonarko.com\/es\/#website"},"primaryImageOfPage":{"@id":"https:\/\/shop.polonarko.com\/es\/produkt\/polonarko-basic-negro-blanco\/#primaryimage"},"image":{"@id":"https:\/\/shop.polonarko.com\/es\/produkt\/polonarko-basic-negro-blanco\/#primaryimage"},"thumbnailUrl":"https:\/\/shop.polonarko.com\/wp-content\/uploads\/2025\/03\/Czarna-biale-logo.png","datePublished":"2024-09-16T01:50:06+00:00","dateModified":"2024-10-09T11:49:51+00:00","breadcrumb":{"@id":"https:\/\/shop.polonarko.com\/es\/produkt\/polonarko-basic-negro-blanco\/#breadcrumb"},"inLanguage":"es","potentialAction":[{"@type":"ReadAction","target":["https:\/\/shop.polonarko.com\/es\/produkt\/polonarko-basic-negro-blanco\/"]}]},{"@type":"ImageObject","inLanguage":"es","@id":"https:\/\/shop.polonarko.com\/es\/produkt\/polonarko-basic-negro-blanco\/#primaryimage","url":"https:\/\/shop.polonarko.com\/wp-content\/uploads\/2025\/03\/Czarna-biale-logo.png","contentUrl":"https:\/\/shop.polonarko.com\/wp-content\/uploads\/2025\/03\/Czarna-biale-logo.png"},{"@type":"BreadcrumbList","@id":"https:\/\/shop.polonarko.com\/es\/produkt\/polonarko-basic-negro-blanco\/#breadcrumb","itemListElement":[{"@type":"ListItem","position":1,"name":"Strona g\u0142\u00f3wna","item":"https:\/\/shop.polonarko.com\/es\/"},{"@type":"ListItem","position":2,"name":"Sklep","item":"https:\/\/shop.polonarko.com\/sklep\/"},{"@type":"ListItem","position":3,"name":"POLONARKO &#8220;BASIC&#8221; NEGRO-BLANCO"}]},{"@type":"WebSite","@id":"https:\/\/shop.polonarko.com\/es\/#website","url":"https:\/\/shop.polonarko.com\/es\/","name":"POLONARKO","description":"POLONARKO ES ROPA, CULTURA, REBELD\u00cdA, M\u00daSICA, GRAFFITI. POLONARKO ES FUDAMENT. ENTRA EN LA WEB Y AP\u00daNTATE A LA COMUNIDAD. ","publisher":{"@id":"https:\/\/shop.polonarko.com\/es\/#organization"},"potentialAction":[{"@type":"SearchAction","target":{"@type":"EntryPoint","urlTemplate":"https:\/\/shop.polonarko.com\/es\/?s={search_term_string}"},"query-input":{"@type":"PropertyValueSpecification","valueRequired":true,"valueName":"search_term_string"}}],"inLanguage":"es"},{"@type":"Organization","@id":"https:\/\/shop.polonarko.com\/es\/#organization","name":"POLONARKO","url":"https:\/\/shop.polonarko.com\/es\/","logo":{"@type":"ImageObject","inLanguage":"es","@id":"https:\/\/shop.polonarko.com\/es\/#\/schema\/logo\/image\/","url":"https:\/\/shop.polonarko.com\/wp-content\/uploads\/2024\/08\/cropped-logo-e1726125761427.webp","contentUrl":"https:\/\/shop.polonarko.com\/wp-content\/uploads\/2024\/08\/cropped-logo-e1726125761427.webp","width":512,"height":512,"caption":"POLONARKO"},"image":{"@id":"https:\/\/shop.polonarko.com\/es\/#\/schema\/logo\/image\/"},"sameAs":["https:\/\/www.instagram.com\/polonarkoclothing\/","https:\/\/www.tiktok.com\/@polonarkoclothing"]}]}},"jetpack_sharing_enabled":true,"_links":{"self":[{"href":"https:\/\/shop.polonarko.com\/es\/wp-json\/wp\/v2\/product\/17486","targetHints":{"allow":["GET"]}}],"collection":[{"href":"https:\/\/shop.polonarko.com\/es\/wp-json\/wp\/v2\/product"}],"about":[{"href":"https:\/\/shop.polonarko.com\/es\/wp-json\/wp\/v2\/types\/product"}],"version-history":[{"count":1,"href":"https:\/\/shop.polonarko.com\/es\/wp-json\/wp\/v2\/product\/17486\/revisions"}],"predecessor-version":[{"id":17491,"href":"https:\/\/shop.polonarko.com\/es\/wp-json\/wp\/v2\/product\/17486\/revisions\/17491"}],"wp:featuredmedia":[{"embeddable":true,"href":"https:\/\/shop.polonarko.com\/es\/wp-json\/wp\/v2\/media\/18125"}],"wp:attachment":[{"href":"https:\/\/shop.polonarko.com\/es\/wp-json\/wp\/v2\/media?parent=17486"}],"wp:term":[{"taxonomy":"product_brand","embeddable":true,"href":"https:\/\/shop.polonarko.com\/es\/wp-json\/wp\/v2\/product_brand?post=17486"},{"taxonomy":"product_cat","embeddable":true,"href":"https:\/\/shop.polonarko.com\/es\/wp-json\/wp\/v2\/product_cat?post=17486"},{"taxonomy":"product_tag","embeddable":true,"href":"https:\/\/shop.polonarko.com\/es\/wp-json\/wp\/v2\/product_tag?post=17486"}],"curies":[{"name":"wp","href":"https:\/\/api.w.org\/{rel}","templated":true}]}}