{"id":17566,"date":"2024-08-29T20:47:28","date_gmt":"2024-08-29T18:47:28","guid":{"rendered":"https:\/\/shop.polonarko.com\/carrito-2\/"},"modified":"2024-10-10T14:27:14","modified_gmt":"2024-10-10T12:27:14","slug":"carrito-2","status":"publish","type":"page","link":"https:\/\/shop.polonarko.com\/es\/carrito-2\/","title":{"rendered":"Carrito"},"content":{"rendered":"\n","protected":false},"excerpt":{"rendered":"","protected":false},"author":1,"featured_media":0,"parent":0,"menu_order":0,"comment_status":"closed","ping_status":"closed","template":"","meta":{"footnotes":""},"class_list":["post-17566","page","type-page","status-publish","hentry"],"yoast_head":"<!-- This site is optimized with the Yoast SEO plugin v24.6 - https:\/\/yoast.com\/wordpress\/plugins\/seo\/ -->\n<title>Carrito - POLONARKO<\/title>\n<meta name=\"robots\" content=\"index, follow, max-snippet:-1, max-image-preview:large, max-video-preview:-1\" \/>\n<link rel=\"canonical\" href=\"https:\/\/shop.polonarko.com\/es\/carrito-2\/\" \/>\n<meta property=\"og:locale\" content=\"es_ES\" \/>\n<meta property=\"og:type\" content=\"article\" \/>\n<meta property=\"og:title\" content=\"Carrito - POLONARKO\" \/>\n<meta property=\"og:url\" content=\"https:\/\/shop.polonarko.com\/es\/carrito-2\/\" \/>\n<meta property=\"og:site_name\" content=\"POLONARKO\" \/>\n<meta property=\"article:modified_time\" content=\"2024-10-10T12:27:14+00:00\" \/>\n<meta name=\"twitter:card\" content=\"summary_large_image\" \/>\n<script type=\"application\/ld+json\" class=\"yoast-schema-graph\">{\"@context\":\"https:\/\/schema.org\",\"@graph\":[{\"@type\":\"WebPage\",\"@id\":\"https:\/\/shop.polonarko.com\/es\/carrito-2\/\",\"url\":\"https:\/\/shop.polonarko.com\/es\/carrito-2\/\",\"name\":\"Carrito - POLONARKO\",\"isPartOf\":{\"@id\":\"https:\/\/shop.polonarko.com\/es\/#website\"},\"datePublished\":\"2024-08-29T18:47:28+00:00\",\"dateModified\":\"2024-10-10T12:27:14+00:00\",\"breadcrumb\":{\"@id\":\"https:\/\/shop.polonarko.com\/es\/carrito-2\/#breadcrumb\"},\"inLanguage\":\"es\",\"potentialAction\":[{\"@type\":\"ReadAction\",\"target\":[\"https:\/\/shop.polonarko.com\/es\/carrito-2\/\"]}]},{\"@type\":\"BreadcrumbList\",\"@id\":\"https:\/\/shop.polonarko.com\/es\/carrito-2\/#breadcrumb\",\"itemListElement\":[{\"@type\":\"ListItem\",\"position\":1,\"name\":\"Strona g\u0142\u00f3wna\",\"item\":\"https:\/\/shop.polonarko.com\/es\/\"},{\"@type\":\"ListItem\",\"position\":2,\"name\":\"Carrito\"}]},{\"@type\":\"WebSite\",\"@id\":\"https:\/\/shop.polonarko.com\/es\/#website\",\"url\":\"https:\/\/shop.polonarko.com\/es\/\",\"name\":\"POLONARKO\",\"description\":\"POLONARKO ES ROPA, CULTURA, REBELD\u00cdA, M\u00daSICA, GRAFFITI. POLONARKO ES FUDAMENT. ENTRA EN LA WEB Y AP\u00daNTATE A LA COMUNIDAD. \",\"publisher\":{\"@id\":\"https:\/\/shop.polonarko.com\/es\/#organization\"},\"potentialAction\":[{\"@type\":\"SearchAction\",\"target\":{\"@type\":\"EntryPoint\",\"urlTemplate\":\"https:\/\/shop.polonarko.com\/es\/?s={search_term_string}\"},\"query-input\":{\"@type\":\"PropertyValueSpecification\",\"valueRequired\":true,\"valueName\":\"search_term_string\"}}],\"inLanguage\":\"es\"},{\"@type\":\"Organization\",\"@id\":\"https:\/\/shop.polonarko.com\/es\/#organization\",\"name\":\"POLONARKO\",\"url\":\"https:\/\/shop.polonarko.com\/es\/\",\"logo\":{\"@type\":\"ImageObject\",\"inLanguage\":\"es\",\"@id\":\"https:\/\/shop.polonarko.com\/es\/#\/schema\/logo\/image\/\",\"url\":\"https:\/\/shop.polonarko.com\/wp-content\/uploads\/2024\/08\/cropped-logo-e1726125761427.webp\",\"contentUrl\":\"https:\/\/shop.polonarko.com\/wp-content\/uploads\/2024\/08\/cropped-logo-e1726125761427.webp\",\"width\":512,\"height\":512,\"caption\":\"POLONARKO\"},\"image\":{\"@id\":\"https:\/\/shop.polonarko.com\/es\/#\/schema\/logo\/image\/\"},\"sameAs\":[\"https:\/\/www.instagram.com\/polonarkoclothing\/\",\"https:\/\/www.tiktok.com\/@polonarkoclothing\"]}]}<\/script>\n<!-- \/ Yoast SEO plugin. -->","yoast_head_json":{"title":"Carrito - POLONARKO","robots":{"index":"index","follow":"follow","max-snippet":"max-snippet:-1","max-image-preview":"max-image-preview:large","max-video-preview":"max-video-preview:-1"},"canonical":"https:\/\/shop.polonarko.com\/es\/carrito-2\/","og_locale":"es_ES","og_type":"article","og_title":"Carrito - POLONARKO","og_url":"https:\/\/shop.polonarko.com\/es\/carrito-2\/","og_site_name":"POLONARKO","article_modified_time":"2024-10-10T12:27:14+00:00","twitter_card":"summary_large_image","schema":{"@context":"https:\/\/schema.org","@graph":[{"@type":"WebPage","@id":"https:\/\/shop.polonarko.com\/es\/carrito-2\/","url":"https:\/\/shop.polonarko.com\/es\/carrito-2\/","name":"Carrito - POLONARKO","isPartOf":{"@id":"https:\/\/shop.polonarko.com\/es\/#website"},"datePublished":"2024-08-29T18:47:28+00:00","dateModified":"2024-10-10T12:27:14+00:00","breadcrumb":{"@id":"https:\/\/shop.polonarko.com\/es\/carrito-2\/#breadcrumb"},"inLanguage":"es","potentialAction":[{"@type":"ReadAction","target":["https:\/\/shop.polonarko.com\/es\/carrito-2\/"]}]},{"@type":"BreadcrumbList","@id":"https:\/\/shop.polonarko.com\/es\/carrito-2\/#breadcrumb","itemListElement":[{"@type":"ListItem","position":1,"name":"Strona g\u0142\u00f3wna","item":"https:\/\/shop.polonarko.com\/es\/"},{"@type":"ListItem","position":2,"name":"Carrito"}]},{"@type":"WebSite","@id":"https:\/\/shop.polonarko.com\/es\/#website","url":"https:\/\/shop.polonarko.com\/es\/","name":"POLONARKO","description":"POLONARKO ES ROPA, CULTURA, REBELD\u00cdA, M\u00daSICA, GRAFFITI. POLONARKO ES FUDAMENT. ENTRA EN LA WEB Y AP\u00daNTATE A LA COMUNIDAD. ","publisher":{"@id":"https:\/\/shop.polonarko.com\/es\/#organization"},"potentialAction":[{"@type":"SearchAction","target":{"@type":"EntryPoint","urlTemplate":"https:\/\/shop.polonarko.com\/es\/?s={search_term_string}"},"query-input":{"@type":"PropertyValueSpecification","valueRequired":true,"valueName":"search_term_string"}}],"inLanguage":"es"},{"@type":"Organization","@id":"https:\/\/shop.polonarko.com\/es\/#organization","name":"POLONARKO","url":"https:\/\/shop.polonarko.com\/es\/","logo":{"@type":"ImageObject","inLanguage":"es","@id":"https:\/\/shop.polonarko.com\/es\/#\/schema\/logo\/image\/","url":"https:\/\/shop.polonarko.com\/wp-content\/uploads\/2024\/08\/cropped-logo-e1726125761427.webp","contentUrl":"https:\/\/shop.polonarko.com\/wp-content\/uploads\/2024\/08\/cropped-logo-e1726125761427.webp","width":512,"height":512,"caption":"POLONARKO"},"image":{"@id":"https:\/\/shop.polonarko.com\/es\/#\/schema\/logo\/image\/"},"sameAs":["https:\/\/www.instagram.com\/polonarkoclothing\/","https:\/\/www.tiktok.com\/@polonarkoclothing"]}]}},"jetpack_sharing_enabled":true,"_links":{"self":[{"href":"https:\/\/shop.polonarko.com\/es\/wp-json\/wp\/v2\/pages\/17566","targetHints":{"allow":["GET"]}}],"collection":[{"href":"https:\/\/shop.polonarko.com\/es\/wp-json\/wp\/v2\/pages"}],"about":[{"href":"https:\/\/shop.polonarko.com\/es\/wp-json\/wp\/v2\/types\/page"}],"author":[{"embeddable":true,"href":"https:\/\/shop.polonarko.com\/es\/wp-json\/wp\/v2\/users\/1"}],"replies":[{"embeddable":true,"href":"https:\/\/shop.polonarko.com\/es\/wp-json\/wp\/v2\/comments?post=17566"}],"version-history":[{"count":1,"href":"https:\/\/shop.polonarko.com\/es\/wp-json\/wp\/v2\/pages\/17566\/revisions"}],"predecessor-version":[{"id":17589,"href":"https:\/\/shop.polonarko.com\/es\/wp-json\/wp\/v2\/pages\/17566\/revisions\/17589"}],"wp:attachment":[{"href":"https:\/\/shop.polonarko.com\/es\/wp-json\/wp\/v2\/media?parent=17566"}],"curies":[{"name":"wp","href":"https:\/\/api.w.org\/{rel}","templated":true}]}}