{"id":17546,"date":"2024-08-29T20:07:43","date_gmt":"2024-08-29T18:07:43","guid":{"rendered":"https:\/\/shop.polonarko.com\/politica-de-privacidad\/"},"modified":"2024-10-09T14:17:34","modified_gmt":"2024-10-09T12:17:34","slug":"politica-de-privacidad","status":"publish","type":"page","link":"https:\/\/shop.polonarko.com\/es\/politica-de-privacidad\/","title":{"rendered":"POL\u00cdTICA DE PRIVACIDAD"},"content":{"rendered":"\t\t<div data-elementor-type=\"wp-page\" data-elementor-id=\"17546\" class=\"elementor elementor-17546 elementor-3\">\n\t\t\t\t<div class=\"elementor-element elementor-element-21156297 e-flex e-con-boxed wd-section-disabled e-con e-parent\" data-id=\"21156297\" data-element_type=\"container\">\n\t\t\t\t\t<div class=\"e-con-inner\">\n\t\t\t\t<div class=\"elementor-element elementor-element-5890fe4 elementor-widget elementor-widget-wd_title\" data-id=\"5890fe4\" data-element_type=\"widget\" data-widget_type=\"wd_title.default\">\n\t\t\t\t<div class=\"elementor-widget-container\">\n\t\t\t\t\t<div class=\"title-wrapper set-mb-s reset-last-child wd-title-color-default wd-title-style-default wd-title-size-default text-center\">\n\n\t\t\t\n\t\t\t<div class=\"liner-continer\">\n\t\t\t\t<h4 class=\"woodmart-title-container title wd-fontsize-l\">POL\u00cdTICA DE PRIVACIDAD<\/h4> \n\t\t\t\t\t\t\t<\/div>\n\n\t\t\t\t\t<\/div>\n\t\t\t\t<\/div>\n\t\t\t\t<\/div>\n\t\t\t\t<div class=\"elementor-element elementor-element-a88e6ef elementor-widget elementor-widget-wd_text_block\" data-id=\"a88e6ef\" data-element_type=\"widget\" data-widget_type=\"wd_text_block.default\">\n\t\t\t\t<div class=\"elementor-widget-container\">\n\t\t\t\t\t<div class=\"wd-text-block reset-last-child text-left\">\n\t\t\t\n\t\t\t<p class=\"MsoNormal\"><strong><span lang=\"PL\">1. INFORMACI\u00d3N GENERAL<\/span><\/strong><\/p>\n<p class=\"MsoNormal\"><span lang=\"PL\">Esta pol\u00edtica se aplica al Sitio Web, que opera en la siguiente url: shop.polonarko.com<\/span><\/p>\n<p class=\"MsoNormal\"><span lang=\"PL\">El operador del servicio y administrador de los datos personales es: <strong>NGBRANDING Nikodem Wierchlewski Powsta\u0144c\u00f3w \u015al\u0105skich 116\/56, 53-333 Wroc\u0142aw, NIP: 8993002651,<\/strong><\/span> <span lang=\"PL\"><strong>REGON: 529527901.<\/strong><\/span><\/p>\n<p class=\"MsoNormal\"><span lang=\"PL\">Direcci\u00f3n de correo electr\u00f3nico de contacto del operador: <strong>polonarkoclothing@gmail.com<\/strong><\/span><\/p>\n<p class=\"MsoNormal\"><span lang=\"PL\">El Operador es el Administrador de sus datos personales con respecto a los datos que usted facilite voluntariamente en el Sitio Web.<\/span><\/p>\n<p class=\"MsoNormal\"><span lang=\"PL\">El Servicio utiliza los datos personales para los siguientes fines:<\/span><\/p>\n<ul>\n<li class=\"MsoNormal\">Objetivos de marketing<\/li>\n<li class=\"MsoNormal\"><span lang=\"PL\">Tramitaci\u00f3n de consultas a trav\u00e9s del formulario<\/span><\/li>\n<li class=\"MsoNormal\"><span lang=\"PL\">Preparaci\u00f3n, embalaje, expedici\u00f3n de mercanc\u00edas<\/span><\/li>\n<li class=\"MsoNormal\"><span lang=\"PL\">Prestaci\u00f3n de los servicios solicitados<\/span><\/li>\n<li class=\"MsoNormal\"><span lang=\"PL\">Cobro de deudas<\/span><\/li>\n<li class=\"MsoNormal\"><span lang=\"PL\">Presentaci\u00f3n de una oferta o informaci\u00f3n<\/span><\/li>\n<\/ul>\n<p class=\"MsoNormal\"><span lang=\"PL\">El Servicio realiza funciones para obtener informaci\u00f3n sobre los usuarios y su comportamiento de las siguientes maneras:<\/span><\/p>\n<ul>\n<li><span lang=\"PL\">A trav\u00e9s de los datos introducidos voluntariamente en los formularios, que se introducen en los sistemas del Operador<br><\/span><\/li>\n<li><span lang=\"PL\">Mediante el almacenamiento de cookies (las denominadas \u00abcookies\u00bb) en los dispositivos finales.<\/span><\/li>\n<\/ul>\n<p class=\"MsoNormal\"><strong><span lang=\"PL\">2. M\u00c9TODOS SELECCIONADOS DE PROTECCI\u00d3N DE DATOS UTILIZADOS POR EL OPERADOR<\/span><\/strong><\/p>\n<p class=\"MsoNormal\"><span lang=\"PL\">Los sitios de inicio de sesi\u00f3n e introducci\u00f3n de datos personales est\u00e1n protegidos en la capa de transmisi\u00f3n (certificado SSL). Esto garantiza que los datos personales y de inicio de sesi\u00f3n introducidos en el sitio se cifran en el ordenador del usuario y solo pueden leerse en el servidor de destino. <\/span><\/p>\n<p class=\"MsoNormal\"><span lang=\"PL\">Los datos personales almacenados en la base de datos se encriptan de tal forma que s\u00f3lo pueden leerlos quienes posean la clave del operador. De este modo, los datos quedan protegidos en caso de que la base de datos sea robada del servidor. <\/span><\/p>\n<p class=\"MsoNormal\"><span lang=\"PL\">Las contrase\u00f1as de usuario se almacenan en forma de hash.La funci\u00f3n hash funciona de forma unidireccional, es decir, no es posible invertirla, lo que constituye actualmente el est\u00e1ndar moderno para almacenar contrase\u00f1as de usuario. <\/span><\/p>\n<p class=\"MsoNormal\"><span lang=\"PL\">El operador cambia peri\u00f3dicamente sus contrase\u00f1as administrativas.<\/span><\/p>\n<p class=\"MsoNormal\"><span lang=\"PL\">Un elemento importante de la protecci\u00f3n de datos es la actualizaci\u00f3n peri\u00f3dica de todo el software utilizado por el Operador para procesar datos personales, lo que en particular significa actualizaciones peri\u00f3dicas de los componentes del software.<\/span><\/p>\n<p class=\"MsoNormal\"><strong><span lang=\"PL\">3. HOSTING<\/span><\/strong><\/p>\n<p class=\"MsoNormal\"><span lang=\"PL\">El sitio web est\u00e1 alojado (mantenido t\u00e9cnicamente) en los servidores del operador: ovhcloud.com<\/span><\/p>\n<p class=\"MsoNormal\"><span lang=\"PL\">La empresa de alojamiento mantiene registros a nivel de servidor para garantizar la fiabilidad t\u00e9cnica. Los registros pueden incluir: <\/span><\/p>\n<ul>\n<li class=\"MsoNormal\"><span lang=\"PL\">recursos especificados por un identificador URL (direcciones de los recursos solicitados: p\u00e1ginas, archivos),<\/span><\/li>\n<li class=\"MsoNormal\"><span lang=\"PL\">el momento de la investigaci\u00f3n,<\/span><\/li>\n<li class=\"MsoNormal\"><span lang=\"PL\">momento de enviar la respuesta,<\/span><\/li>\n<li class=\"MsoNormal\"><span lang=\"PL\">el nombre de la estaci\u00f3n cliente - identificaci\u00f3n a trav\u00e9s del protocolo HTTP,<\/span><\/li>\n<li class=\"MsoNormal\"><span lang=\"PL\">informaci\u00f3n sobre los errores ocurridos durante la ejecuci\u00f3n de la transacci\u00f3n HTTP,<\/span><\/li>\n<li class=\"MsoNormal\"><span lang=\"PL\">la URL de una p\u00e1gina visitada previamente por el usuario (enlace de referencia), en el caso de un enlace al Sitio Web,<\/span><\/li>\n<li class=\"MsoNormal\"><span lang=\"PL\">informaci\u00f3n sobre el navegador del usuario,<\/span><\/li>\n<li class=\"MsoNormal\"><span lang=\"PL\">Informaci\u00f3n sobre la direcci\u00f3n IP,<\/span><\/li>\n<li class=\"MsoNormal\"><span lang=\"PL\">informaci\u00f3n de diagn\u00f3stico relacionada con el proceso de autopedido de servicios a trav\u00e9s de registradores en el sitio web,<\/span><\/li>\n<li class=\"MsoNormal\"><span lang=\"PL\">informaci\u00f3n relacionada con el tratamiento de los correos electr\u00f3nicos dirigidos al Operador y enviados por \u00e9ste.<\/span><\/li>\n<\/ul>\n<p class=\"MsoNormal\"><strong><span lang=\"PL\">4. SUS DERECHOS E INFORMACI\u00d3N ADICIONAL SOBRE EL USO DE LOS DATOS<\/span><\/strong><\/p>\n<p class=\"MsoNormal\"><span lang=\"PL\">En determinadas situaciones, el Administrador tiene derecho a transferir sus datos personales a otros destinatarios si ello es necesario para la ejecuci\u00f3n de un contrato celebrado con usted o para el cumplimiento de obligaciones que incumben al Administrador. <\/span>Esto se aplica a estos grupos de audiencia:<\/p>\n<ul>\n<li class=\"MsoNormal\">empresa de alojamiento por delegaci\u00f3n<\/li>\n<li class=\"MsoNormal\">mensajeros<\/li>\n<li class=\"MsoNormal\">operadores postales<\/li>\n<li class=\"MsoNormal\">bancos<\/li>\n<li class=\"MsoNormal\">operadores de pago<\/li>\n<li class=\"MsoNormal\">personal autorizado y asociados que utilicen los datos para cumplir la finalidad del sitio web<\/li>\n<li class=\"MsoNormal\">empresas que prestan servicios de marketing al Administrador<\/li>\n<\/ul>\n<p class=\"MsoNormal\">El administrador no tratar\u00e1 sus datos personales durante m\u00e1s tiempo del necesario para el desempe\u00f1o de las actividades relacionadas definidas por reglamentos independientes (por ejemplo, sobre contabilidad). En cuanto a los datos de marketing, no se procesar\u00e1n durante m\u00e1s de 3 a\u00f1os. <\/p>\n<p class=\"MsoNormal\">Tiene derecho a solicitar al Administrador:<\/p>\n<ul>\n<li class=\"MsoNormal\">acceso a los datos personales que le conciernen,<\/li>\n<li class=\"MsoNormal\">su rectificaci\u00f3n,<\/li>\n<li class=\"MsoNormal\">supresiones,<\/li>\n<li class=\"MsoNormal\">limitaci\u00f3n del tratamiento y portabilidad de los datos.<\/li>\n<\/ul>\n<p class=\"MsoNormal\">Tiene derecho a oponerse, en relaci\u00f3n con el tratamiento indicado en el apartado 3.2, al tratamiento de datos personales a efectos de los intereses leg\u00edtimos perseguidos por el responsable del tratamiento, incluida la elaboraci\u00f3n de perfiles, sin que pueda ejercerse el derecho de oposici\u00f3n cuando existan motivos leg\u00edtimos v\u00e1lidos para el tratamiento que prevalezcan sobre sus intereses, derechos y libertades, en particular el reconocimiento, la estimaci\u00f3n o la defensa de reclamaciones.<\/p>\n<p class=\"MsoNormal\">La actuaci\u00f3n del Administrador podr\u00e1 ser objeto de reclamaci\u00f3n ante el Presidente de la Oficina de Protecci\u00f3n de Datos Personales, ul. Stawki 2, 00-193 Varsovia. <\/p>\n<p class=\"MsoNormal\">El suministro de datos personales es voluntario, pero necesario para el funcionamiento del Servicio.<\/p>\n<p class=\"MsoNormal\">La toma de decisiones automatizada, incluida la elaboraci\u00f3n de perfiles, puede llevarse a cabo en relaci\u00f3n con usted con el fin de prestarle servicios en virtud del contrato celebrado y con fines de marketing directo por parte del Administrador.<\/p>\n<p class=\"MsoNormal\">Los datos personales no se transfieren desde terceros pa\u00edses en el sentido de la legislaci\u00f3n sobre protecci\u00f3n de datos. Esto significa que no los enviamos fuera de la Uni\u00f3n Europea. <\/p>\n<p class=\"MsoNormal\"><strong>5. INFORMACI\u00d3N EN LOS FORMULARIOS<\/strong><\/p>\n<p class=\"MsoNormal\">El servicio recopila informaci\u00f3n facilitada voluntariamente por el usuario, incluidos datos personales cuando se facilitan.<\/p>\n<p class=\"MsoNormal\">El servicio puede guardar informaci\u00f3n sobre los par\u00e1metros de conexi\u00f3n (marca de tiempo, direcci\u00f3n IP).<\/p>\n<p class=\"MsoNormal\">En algunos casos, el sitio web puede almacenar informaci\u00f3n para ayudar a vincular los datos del formulario con la direcci\u00f3n de correo electr\u00f3nico del usuario que lo cumplimenta. En este caso, la direcci\u00f3n de correo electr\u00f3nico del usuario aparece dentro de la url de la p\u00e1gina que contiene el formulario. <\/p>\n<p class=\"MsoNormal\">Los datos facilitados en el formulario se procesan con la finalidad resultante de la funci\u00f3n del formulario espec\u00edfico, por ejemplo, para procesar una solicitud de servicio o contacto de ventas, registro de servicios, etc. En cada caso, el contexto y la descripci\u00f3n del formulario le informan claramente de para qu\u00e9 se utiliza. <\/p>\n<p class=\"MsoNormal\"><strong>6. REGISTROS DEL ADMINISTRADOR<\/strong><\/p>\n<p class=\"MsoNormal\">La informaci\u00f3n sobre el comportamiento de los usuarios en el sitio web puede ser objeto de registro. Estos datos se utilizan para la administraci\u00f3n del sitio web. <\/p>\n<p class=\"MsoNormal\"><strong>7. T\u00e9cnicas de marketing pertinentes<\/strong><\/p>\n<p class=\"MsoNormal\">El operador utiliza el an\u00e1lisis estad\u00edstico del tr\u00e1fico del sitio web a trav\u00e9s de Google Analytics (Google Inc., con sede en EE.UU.). El operador no transmite datos personales al operador de este servicio, s\u00f3lo informaci\u00f3n anonimizada. El servicio se basa en el uso de cookies en el dispositivo terminal del usuario. Con respecto a la informaci\u00f3n sobre las preferencias del usuario recopilada por la red publicitaria de Google, el usuario puede ver y editar la informaci\u00f3n resultante de las cookies utilizando la siguiente herramienta: https:\/\/www.google.com\/ads\/preferences\/.   <\/p>\n<p class=\"MsoNormal\">El Operador utiliza t\u00e9cnicas de remarketing para hacer coincidir los mensajes publicitarios con el comportamiento del usuario en el sitio web, lo que puede dar la ilusi\u00f3n de que se est\u00e1n utilizando los datos personales del usuario para rastrearlo, pero en la pr\u00e1ctica no se transfiere ning\u00fan dato personal del Operador a los operadores publicitarios. Un requisito tecnol\u00f3gico previo para tales actividades es que las cookies est\u00e9n habilitadas. <\/p>\n<p class=\"MsoNormal\">El operador utiliza el p\u00edxel de Facebook. Esta tecnolog\u00eda garantiza que Facebook (Facebook Inc., EE.UU.) sepa que una persona registrada en ella est\u00e1 utilizando el Sitio Web. El operador no transmite ning\u00fan dato personal adicional a Facebook. El servicio se basa en el uso de cookies en el dispositivo terminal del usuario.   <\/p>\n<p class=\"MsoNormal\"><strong>8. INFORMACI\u00d3N SOBRE COOKIES<\/strong><\/p>\n<p class=\"MsoNormal\">El sitio web utiliza cookies.<\/p>\n<p class=\"MsoNormal\">Las cookies (denominadas \u00abcookies\u00bb) son datos inform\u00e1ticos, en particular archivos de texto, que se almacenan en el equipo terminal del Usuario del Servicio y est\u00e1n destinados a ser utilizados en el Sitio Web. Las cookies suelen contener el nombre del sitio web del que proceden, el tiempo que permanecen almacenadas en el equipo terminal y un n\u00famero \u00fanico. <\/p>\n<p class=\"MsoNormal\">La entidad que coloca cookies en el equipo terminal del Usuario del Servicio y accede a ellas es el Operador del Servicio.<\/p>\n<p class=\"MsoNormal\">Las cookies se utilizan para los siguientes fines:<\/p>\n<p class=\"MsoNormal\">mantener una sesi\u00f3n del usuario del Sitio Web (despu\u00e9s de iniciar sesi\u00f3n), gracias a la cual el usuario no tiene que volver a introducir su nombre de usuario y contrase\u00f1a en cada subp\u00e1gina del Sitio Web;<\/p>\n<p class=\"MsoNormal\">para alcanzar los objetivos expuestos en el apartado \u00abT\u00e9cnicas esenciales de marketing\u00bb;<\/p>\n<p class=\"MsoNormal\">El Sitio Web utiliza dos tipos principales de cookies: \u00abde sesi\u00f3n\u00bb (cookies de sesi\u00f3n) y \u201cpermanentes\u201d (cookies persistentes). Las cookies de \u00absesi\u00f3n\u00bb son archivos temporales que se almacenan en el equipo terminal del Usuario hasta que se desconecta, abandona el sitio web o apaga el software (navegador web). Las cookies \u00abpermanentes\u00bb se almacenan en el equipo terminal del Usuario durante el tiempo especificado en los par\u00e1metros de las cookies o hasta que el Usuario las elimina.  <\/p>\n<p class=\"MsoNormal\">El software de navegaci\u00f3n web (navegador web) suele permitir por defecto el almacenamiento de cookies en el dispositivo terminal del Usuario. Los Usuarios del Sitio Web pueden cambiar su configuraci\u00f3n a este respecto. El navegador de Internet permite eliminar las cookies. Tambi\u00e9n es posible bloquear autom\u00e1ticamente las cookies Para m\u00e1s detalles, consulte la ayuda o la documentaci\u00f3n de su navegador de Internet.   <\/p>\n<p class=\"MsoNormal\">Las restricciones en el uso de cookies pueden afectar a algunas de las funciones disponibles en el sitio web.<\/p>\n<p class=\"MsoNormal\">Las cookies colocadas en el equipo terminal del Usuario del Servicio tambi\u00e9n pueden ser utilizadas por entidades que cooperan con el Operador del Servicio, en particular empresas: Google (Google Inc. con sede en Estados Unidos), Facebook (Facebook Inc. con sede en Estados Unidos), Twitter (Twitter Inc. con sede en Estados Unidos).<\/p>\n<p class=\"MsoNormal\"><strong>9. GESTI\u00d3N DE COOKIES - \u00bfC\u00d3MO UTILIZAR Y RETIRAR EL CONSENTIMIENTO EN LA PR\u00c1CTICA?<\/strong><\/p>\n<p class=\"MsoNormal\">Si no desea recibir cookies, puede cambiar la configuraci\u00f3n de su navegador. Estipulamos que deshabilitar las cookies que son esenciales para los procesos de autenticaci\u00f3n, seguridad, mantenimiento de las preferencias del usuario puede dificultar, y en casos extremos puede imposibilitar, el uso de los sitios web <\/p>\n<p class=\"MsoNormal\">Para gestionar la configuraci\u00f3n de las cookies, seleccione el navegador web que utiliza de la lista siguiente y siga las instrucciones:<\/p>\n<p class=\"MsoNormal\"><strong>Edge<\/strong><\/p>\n<p class=\"MsoNormal\"><strong>Internet Explorer<\/strong><\/p>\n<p class=\"MsoNormal\"><strong>Chrome<\/strong><\/p>\n<p class=\"MsoNormal\"><strong>Safari<\/strong><\/p>\n<p class=\"MsoNormal\"><strong>Firefox<\/strong><\/p>\n<p class=\"MsoNormal\"><strong>Opera<\/strong><\/p>\n<p class=\"MsoNormal\"><strong>Dispositivos m\u00f3viles:<\/strong><\/p>\n<p class=\"MsoNormal\"><strong>Android<\/strong><\/p>\n<p class=\"MsoNormal\"><strong>Safari (iOS)<\/strong><\/p>\n<p class=\"MsoNormal\"><strong>Windows Phone<\/strong><\/p>\n<p class=\"MsoNormal\">&nbsp;<\/p>\n\t\t\t\t\t<\/div>\n\t\t\t\t<\/div>\n\t\t\t\t<\/div>\n\t\t\t\t\t<\/div>\n\t\t\t\t<\/div>\n\t\t\t\t<\/div>\n\t\t","protected":false},"excerpt":{"rendered":"<p>POL\u00cdTICA DE PRIVACIDAD 1. INFORMACI\u00d3N GENERAL Esta pol\u00edtica se aplica al Sitio Web, que opera en la siguiente url: shop.polonarko.com<\/p>\n","protected":false},"author":1,"featured_media":0,"parent":0,"menu_order":0,"comment_status":"closed","ping_status":"open","template":"","meta":{"footnotes":""},"class_list":["post-17546","page","type-page","status-publish","hentry"],"yoast_head":"<!-- This site is optimized with the Yoast SEO plugin v24.6 - https:\/\/yoast.com\/wordpress\/plugins\/seo\/ -->\n<title>POL\u00cdTICA DE PRIVACIDAD - POLONARKO<\/title>\n<meta name=\"robots\" content=\"index, follow, max-snippet:-1, max-image-preview:large, max-video-preview:-1\" \/>\n<link rel=\"canonical\" href=\"https:\/\/shop.polonarko.com\/es\/politica-de-privacidad\/\" \/>\n<meta property=\"og:locale\" content=\"es_ES\" \/>\n<meta property=\"og:type\" content=\"article\" \/>\n<meta property=\"og:title\" content=\"POL\u00cdTICA DE PRIVACIDAD - POLONARKO\" \/>\n<meta property=\"og:description\" content=\"POL\u00cdTICA DE PRIVACIDAD 1. INFORMACI\u00d3N GENERAL Esta pol\u00edtica se aplica al Sitio Web, que opera en la siguiente url: shop.polonarko.com\" \/>\n<meta property=\"og:url\" content=\"https:\/\/shop.polonarko.com\/es\/politica-de-privacidad\/\" \/>\n<meta property=\"og:site_name\" content=\"POLONARKO\" \/>\n<meta property=\"article:modified_time\" content=\"2024-10-09T12:17:34+00:00\" \/>\n<meta name=\"twitter:card\" content=\"summary_large_image\" \/>\n<meta name=\"twitter:label1\" content=\"Tiempo de lectura\" \/>\n\t<meta name=\"twitter:data1\" content=\"9 minutos\" \/>\n<script type=\"application\/ld+json\" class=\"yoast-schema-graph\">{\"@context\":\"https:\/\/schema.org\",\"@graph\":[{\"@type\":\"WebPage\",\"@id\":\"https:\/\/shop.polonarko.com\/es\/politica-de-privacidad\/\",\"url\":\"https:\/\/shop.polonarko.com\/es\/politica-de-privacidad\/\",\"name\":\"POL\u00cdTICA DE PRIVACIDAD - POLONARKO\",\"isPartOf\":{\"@id\":\"https:\/\/shop.polonarko.com\/es\/#website\"},\"datePublished\":\"2024-08-29T18:07:43+00:00\",\"dateModified\":\"2024-10-09T12:17:34+00:00\",\"breadcrumb\":{\"@id\":\"https:\/\/shop.polonarko.com\/es\/politica-de-privacidad\/#breadcrumb\"},\"inLanguage\":\"es\",\"potentialAction\":[{\"@type\":\"ReadAction\",\"target\":[\"https:\/\/shop.polonarko.com\/es\/politica-de-privacidad\/\"]}]},{\"@type\":\"BreadcrumbList\",\"@id\":\"https:\/\/shop.polonarko.com\/es\/politica-de-privacidad\/#breadcrumb\",\"itemListElement\":[{\"@type\":\"ListItem\",\"position\":1,\"name\":\"Strona g\u0142\u00f3wna\",\"item\":\"https:\/\/shop.polonarko.com\/es\/\"},{\"@type\":\"ListItem\",\"position\":2,\"name\":\"POL\u00cdTICA DE PRIVACIDAD\"}]},{\"@type\":\"WebSite\",\"@id\":\"https:\/\/shop.polonarko.com\/es\/#website\",\"url\":\"https:\/\/shop.polonarko.com\/es\/\",\"name\":\"POLONARKO\",\"description\":\"POLONARKO ES ROPA, CULTURA, REBELD\u00cdA, M\u00daSICA, GRAFFITI. POLONARKO ES FUDAMENT. ENTRA EN LA WEB Y AP\u00daNTATE A LA COMUNIDAD. \",\"publisher\":{\"@id\":\"https:\/\/shop.polonarko.com\/es\/#organization\"},\"potentialAction\":[{\"@type\":\"SearchAction\",\"target\":{\"@type\":\"EntryPoint\",\"urlTemplate\":\"https:\/\/shop.polonarko.com\/es\/?s={search_term_string}\"},\"query-input\":{\"@type\":\"PropertyValueSpecification\",\"valueRequired\":true,\"valueName\":\"search_term_string\"}}],\"inLanguage\":\"es\"},{\"@type\":\"Organization\",\"@id\":\"https:\/\/shop.polonarko.com\/es\/#organization\",\"name\":\"POLONARKO\",\"url\":\"https:\/\/shop.polonarko.com\/es\/\",\"logo\":{\"@type\":\"ImageObject\",\"inLanguage\":\"es\",\"@id\":\"https:\/\/shop.polonarko.com\/es\/#\/schema\/logo\/image\/\",\"url\":\"https:\/\/shop.polonarko.com\/wp-content\/uploads\/2024\/08\/cropped-logo-e1726125761427.webp\",\"contentUrl\":\"https:\/\/shop.polonarko.com\/wp-content\/uploads\/2024\/08\/cropped-logo-e1726125761427.webp\",\"width\":512,\"height\":512,\"caption\":\"POLONARKO\"},\"image\":{\"@id\":\"https:\/\/shop.polonarko.com\/es\/#\/schema\/logo\/image\/\"},\"sameAs\":[\"https:\/\/www.instagram.com\/polonarkoclothing\/\",\"https:\/\/www.tiktok.com\/@polonarkoclothing\"]}]}<\/script>\n<!-- \/ Yoast SEO plugin. -->","yoast_head_json":{"title":"POL\u00cdTICA DE PRIVACIDAD - POLONARKO","robots":{"index":"index","follow":"follow","max-snippet":"max-snippet:-1","max-image-preview":"max-image-preview:large","max-video-preview":"max-video-preview:-1"},"canonical":"https:\/\/shop.polonarko.com\/es\/politica-de-privacidad\/","og_locale":"es_ES","og_type":"article","og_title":"POL\u00cdTICA DE PRIVACIDAD - POLONARKO","og_description":"POL\u00cdTICA DE PRIVACIDAD 1. INFORMACI\u00d3N GENERAL Esta pol\u00edtica se aplica al Sitio Web, que opera en la siguiente url: shop.polonarko.com","og_url":"https:\/\/shop.polonarko.com\/es\/politica-de-privacidad\/","og_site_name":"POLONARKO","article_modified_time":"2024-10-09T12:17:34+00:00","twitter_card":"summary_large_image","twitter_misc":{"Tiempo de lectura":"9 minutos"},"schema":{"@context":"https:\/\/schema.org","@graph":[{"@type":"WebPage","@id":"https:\/\/shop.polonarko.com\/es\/politica-de-privacidad\/","url":"https:\/\/shop.polonarko.com\/es\/politica-de-privacidad\/","name":"POL\u00cdTICA DE PRIVACIDAD - POLONARKO","isPartOf":{"@id":"https:\/\/shop.polonarko.com\/es\/#website"},"datePublished":"2024-08-29T18:07:43+00:00","dateModified":"2024-10-09T12:17:34+00:00","breadcrumb":{"@id":"https:\/\/shop.polonarko.com\/es\/politica-de-privacidad\/#breadcrumb"},"inLanguage":"es","potentialAction":[{"@type":"ReadAction","target":["https:\/\/shop.polonarko.com\/es\/politica-de-privacidad\/"]}]},{"@type":"BreadcrumbList","@id":"https:\/\/shop.polonarko.com\/es\/politica-de-privacidad\/#breadcrumb","itemListElement":[{"@type":"ListItem","position":1,"name":"Strona g\u0142\u00f3wna","item":"https:\/\/shop.polonarko.com\/es\/"},{"@type":"ListItem","position":2,"name":"POL\u00cdTICA DE PRIVACIDAD"}]},{"@type":"WebSite","@id":"https:\/\/shop.polonarko.com\/es\/#website","url":"https:\/\/shop.polonarko.com\/es\/","name":"POLONARKO","description":"POLONARKO ES ROPA, CULTURA, REBELD\u00cdA, M\u00daSICA, GRAFFITI. POLONARKO ES FUDAMENT. ENTRA EN LA WEB Y AP\u00daNTATE A LA COMUNIDAD. ","publisher":{"@id":"https:\/\/shop.polonarko.com\/es\/#organization"},"potentialAction":[{"@type":"SearchAction","target":{"@type":"EntryPoint","urlTemplate":"https:\/\/shop.polonarko.com\/es\/?s={search_term_string}"},"query-input":{"@type":"PropertyValueSpecification","valueRequired":true,"valueName":"search_term_string"}}],"inLanguage":"es"},{"@type":"Organization","@id":"https:\/\/shop.polonarko.com\/es\/#organization","name":"POLONARKO","url":"https:\/\/shop.polonarko.com\/es\/","logo":{"@type":"ImageObject","inLanguage":"es","@id":"https:\/\/shop.polonarko.com\/es\/#\/schema\/logo\/image\/","url":"https:\/\/shop.polonarko.com\/wp-content\/uploads\/2024\/08\/cropped-logo-e1726125761427.webp","contentUrl":"https:\/\/shop.polonarko.com\/wp-content\/uploads\/2024\/08\/cropped-logo-e1726125761427.webp","width":512,"height":512,"caption":"POLONARKO"},"image":{"@id":"https:\/\/shop.polonarko.com\/es\/#\/schema\/logo\/image\/"},"sameAs":["https:\/\/www.instagram.com\/polonarkoclothing\/","https:\/\/www.tiktok.com\/@polonarkoclothing"]}]}},"jetpack_sharing_enabled":true,"_links":{"self":[{"href":"https:\/\/shop.polonarko.com\/es\/wp-json\/wp\/v2\/pages\/17546","targetHints":{"allow":["GET"]}}],"collection":[{"href":"https:\/\/shop.polonarko.com\/es\/wp-json\/wp\/v2\/pages"}],"about":[{"href":"https:\/\/shop.polonarko.com\/es\/wp-json\/wp\/v2\/types\/page"}],"author":[{"embeddable":true,"href":"https:\/\/shop.polonarko.com\/es\/wp-json\/wp\/v2\/users\/1"}],"replies":[{"embeddable":true,"href":"https:\/\/shop.polonarko.com\/es\/wp-json\/wp\/v2\/comments?post=17546"}],"version-history":[{"count":1,"href":"https:\/\/shop.polonarko.com\/es\/wp-json\/wp\/v2\/pages\/17546\/revisions"}],"predecessor-version":[{"id":17547,"href":"https:\/\/shop.polonarko.com\/es\/wp-json\/wp\/v2\/pages\/17546\/revisions\/17547"}],"wp:attachment":[{"href":"https:\/\/shop.polonarko.com\/es\/wp-json\/wp\/v2\/media?parent=17546"}],"curies":[{"name":"wp","href":"https:\/\/api.w.org\/{rel}","templated":true}]}}