{"id":17560,"date":"2024-09-21T13:27:37","date_gmt":"2024-09-21T11:27:37","guid":{"rendered":"https:\/\/shop.polonarko.com\/return-policy\/"},"modified":"2024-10-09T15:28:42","modified_gmt":"2024-10-09T13:28:42","slug":"return-policy","status":"publish","type":"page","link":"https:\/\/shop.polonarko.com\/en\/return-policy\/","title":{"rendered":"RETURN POLICY"},"content":{"rendered":"\t\t<div data-elementor-type=\"wp-page\" data-elementor-id=\"17560\" class=\"elementor elementor-17560 elementor-13\">\n\t\t\t\t<div class=\"elementor-element elementor-element-a123270 e-flex e-con-boxed wd-section-disabled e-con e-parent\" data-id=\"a123270\" data-element_type=\"container\">\n\t\t\t\t\t<div class=\"e-con-inner\">\n\t\t\t\t<div class=\"elementor-element elementor-element-3f3caf0 elementor-widget elementor-widget-wd_title\" data-id=\"3f3caf0\" data-element_type=\"widget\" data-widget_type=\"wd_title.default\">\n\t\t\t\t<div class=\"elementor-widget-container\">\n\t\t\t\t\t<div class=\"title-wrapper set-mb-s reset-last-child wd-title-color-default wd-title-style-default wd-title-size-default text-center\">\n\n\t\t\t\n\t\t\t<div class=\"liner-continer\">\n\t\t\t\t<h4 class=\"woodmart-title-container title wd-fontsize-l\">RETURN POLICY<\/h4> \n\t\t\t\t\t\t\t<\/div>\n\n\t\t\t\t\t<\/div>\n\t\t\t\t<\/div>\n\t\t\t\t<\/div>\n\t\t\t\t<div class=\"elementor-element elementor-element-74c81b55 text-center color-scheme-inherit elementor-widget elementor-widget-text-editor\" data-id=\"74c81b55\" data-element_type=\"widget\" data-widget_type=\"text-editor.default\">\n\t\t\t\t<div class=\"elementor-widget-container\">\n\t\t\t\t\t\t\t<p><strong>1. RIGHT OF WITHDRAWAL<\/strong><\/p>\n<p>You have the right to withdraw from the contract within 14 days of receiving the product without giving any reason. Please note that the product must not bear any signs of use, the packaging and the product must be complete and not bear any signs of use. The tags must remain in place. You can return the product via the return form, which is attached on this page. The shipping cost of the return is borne by you.    <\/p>\n<p><strong>2. ADVERTISEMENT<\/strong><\/p>\n<p>You can complain about the Product by e-mail: <strong>polonarkoclothing@gmail.com<\/strong> or by post to the following address: <strong>Powsta\u0144c\u00f3w \u015al\u0105skich 116\/56, 53-333 Wroc\u0142aw.<\/strong> We recommend contacting us via the contact form or by e-mail.<\/p>\n<p>The complaint notification should include:<\/p>\n<ol>\n<li>First and last name<\/li>\n<li>Address for correspondence<\/li>\n<li>E-mail address<\/li>\n<li>Type of goods claimed<\/li>\n<li>Precise description of the defect, date of finding and photographs<\/li>\n<li>Date of purchase of the goods<\/li>\n<li>Customer request<\/li>\n<li>Manner of informing the customer about the complaint handling (e-mail\/traditional mail\/SMS)<\/li>\n<\/ol>\n<p><strong>3.RETURN SHIPPING<\/strong><\/p>\n<p>The return should be sent by courier to the address Kokosowa 13\/1, 53-333 Wroc\u0142aw or directly to Paczkomaty InPost &#8211; WRO297M at 5 Wojanowska Street, Wroc\u0142aw. The return shipping fee is the responsibility of the customer.  <\/p>\n<p><strong>4. RETURN OF FUNDS<\/strong><\/p>\n<p>Once the complaint or withdrawal is successful, the money will be refunded within 14 working days. The refund is made by the operator of the payment gateway that the Customer used when purchasing the Product. <\/p>\n\t\t\t\t\t\t<\/div>\n\t\t\t\t<\/div>\n\t\t\t\t\t<\/div>\n\t\t\t\t<\/div>\n\t\t<div class=\"elementor-element elementor-element-96ffe70 e-flex e-con-boxed wd-section-disabled e-con e-parent\" data-id=\"96ffe70\" data-element_type=\"container\">\n\t\t\t\t\t<div class=\"e-con-inner\">\n\t\t\t\t<div class=\"elementor-element elementor-element-116569f elementor-widget elementor-widget-wd_title\" data-id=\"116569f\" data-element_type=\"widget\" data-widget_type=\"wd_title.default\">\n\t\t\t\t<div class=\"elementor-widget-container\">\n\t\t\t\t\t<div class=\"title-wrapper set-mb-s reset-last-child wd-title-color-default wd-title-style-default wd-title-size-default text-left\">\n\n\t\t\t\n\t\t\t<div class=\"liner-continer\">\n\t\t\t\t<h4 class=\"woodmart-title-container title wd-fontsize-l\">DOWNLOADS<\/h4> \n\t\t\t\t\t\t\t<\/div>\n\n\t\t\t\t\t<\/div>\n\t\t\t\t<\/div>\n\t\t\t\t<\/div>\n\t\t\t\t\t<\/div>\n\t\t\t\t<\/div>\n\t\t<div class=\"elementor-element elementor-element-1d9efbc e-flex e-con-boxed wd-section-disabled e-con e-parent\" data-id=\"1d9efbc\" data-element_type=\"container\">\n\t\t\t\t\t<div class=\"e-con-inner\">\n\t\t\t\t<div class=\"elementor-element elementor-element-3f0ae77 elementor-widget elementor-widget-wd_button\" data-id=\"3f0ae77\" data-element_type=\"widget\" data-widget_type=\"wd_button.default\">\n\t\t\t\t<div class=\"elementor-widget-container\">\n\t\t\t\t\t<div class=\"wd-button-wrapper text-left\" >\n\t\t\t<a class=\"btn btn-style-3d btn-style-rectangle btn-size-default btn-color-black btn-icon-pos-right\"  href=\"https:\/\/shop.polonarko.com\/download\/16174\/?tmstv=1728386307\">\n\t\t\t\t<span class=\"wd-btn-text\" data-elementor-setting-key=\"text\">\n\t\t\t\t\tWITHDRAWAL FORM\t\t\t\t<\/span>\n\n\t\t\t\t\t\t\t<\/a>\n\t\t<\/div>\n\t\t\t\t<\/div>\n\t\t\t\t<\/div>\n\t\t\t\t\t<\/div>\n\t\t\t\t<\/div>\n\t\t\t\t<\/div>\n\t\t","protected":false},"excerpt":{"rendered":"<p>RETURN POLICY 1. RIGHT OF WITHDRAWAL You have the right to withdraw from the contract within 14 days of receiving<\/p>\n","protected":false},"author":1,"featured_media":0,"parent":0,"menu_order":0,"comment_status":"closed","ping_status":"closed","template":"","meta":{"footnotes":""},"class_list":["post-17560","page","type-page","status-publish","hentry"],"yoast_head":"<!-- This site is optimized with the Yoast SEO plugin v24.6 - https:\/\/yoast.com\/wordpress\/plugins\/seo\/ -->\n<title>RETURN POLICY - POLONARKO<\/title>\n<meta name=\"robots\" content=\"index, follow, max-snippet:-1, max-image-preview:large, max-video-preview:-1\" \/>\n<link rel=\"canonical\" href=\"https:\/\/shop.polonarko.com\/en\/return-policy\/\" \/>\n<meta property=\"og:locale\" content=\"en_US\" \/>\n<meta property=\"og:type\" content=\"article\" \/>\n<meta property=\"og:title\" content=\"RETURN POLICY - POLONARKO\" \/>\n<meta property=\"og:description\" content=\"RETURN POLICY 1. RIGHT OF WITHDRAWAL You have the right to withdraw from the contract within 14 days of receiving\" \/>\n<meta property=\"og:url\" content=\"https:\/\/shop.polonarko.com\/en\/return-policy\/\" \/>\n<meta property=\"og:site_name\" content=\"POLONARKO\" \/>\n<meta property=\"article:modified_time\" content=\"2024-10-09T13:28:42+00:00\" \/>\n<meta name=\"twitter:card\" content=\"summary_large_image\" \/>\n<meta name=\"twitter:label1\" content=\"Est. reading time\" \/>\n\t<meta name=\"twitter:data1\" content=\"1 minute\" \/>\n<script type=\"application\/ld+json\" class=\"yoast-schema-graph\">{\"@context\":\"https:\/\/schema.org\",\"@graph\":[{\"@type\":\"WebPage\",\"@id\":\"https:\/\/shop.polonarko.com\/en\/return-policy\/\",\"url\":\"https:\/\/shop.polonarko.com\/en\/return-policy\/\",\"name\":\"RETURN POLICY - POLONARKO\",\"isPartOf\":{\"@id\":\"https:\/\/shop.polonarko.com\/en\/#website\"},\"datePublished\":\"2024-09-21T11:27:37+00:00\",\"dateModified\":\"2024-10-09T13:28:42+00:00\",\"breadcrumb\":{\"@id\":\"https:\/\/shop.polonarko.com\/en\/return-policy\/#breadcrumb\"},\"inLanguage\":\"en-US\",\"potentialAction\":[{\"@type\":\"ReadAction\",\"target\":[\"https:\/\/shop.polonarko.com\/en\/return-policy\/\"]}]},{\"@type\":\"BreadcrumbList\",\"@id\":\"https:\/\/shop.polonarko.com\/en\/return-policy\/#breadcrumb\",\"itemListElement\":[{\"@type\":\"ListItem\",\"position\":1,\"name\":\"Strona g\u0142\u00f3wna\",\"item\":\"https:\/\/shop.polonarko.com\/en\/\"},{\"@type\":\"ListItem\",\"position\":2,\"name\":\"RETURN POLICY\"}]},{\"@type\":\"WebSite\",\"@id\":\"https:\/\/shop.polonarko.com\/en\/#website\",\"url\":\"https:\/\/shop.polonarko.com\/en\/\",\"name\":\"POLONARKO\",\"description\":\"POLONARKO IS CLOTHES, CULTURE, REBELLION, MUSIC, GRAFFITI. POLONARKO IS FUDAMENT. GO TO THE WEBSITE AND SIGN UP FOR THE COMITY. \",\"publisher\":{\"@id\":\"https:\/\/shop.polonarko.com\/en\/#organization\"},\"potentialAction\":[{\"@type\":\"SearchAction\",\"target\":{\"@type\":\"EntryPoint\",\"urlTemplate\":\"https:\/\/shop.polonarko.com\/en\/?s={search_term_string}\"},\"query-input\":{\"@type\":\"PropertyValueSpecification\",\"valueRequired\":true,\"valueName\":\"search_term_string\"}}],\"inLanguage\":\"en-US\"},{\"@type\":\"Organization\",\"@id\":\"https:\/\/shop.polonarko.com\/en\/#organization\",\"name\":\"POLONARKO\",\"url\":\"https:\/\/shop.polonarko.com\/en\/\",\"logo\":{\"@type\":\"ImageObject\",\"inLanguage\":\"en-US\",\"@id\":\"https:\/\/shop.polonarko.com\/en\/#\/schema\/logo\/image\/\",\"url\":\"https:\/\/shop.polonarko.com\/wp-content\/uploads\/2024\/08\/cropped-logo-e1726125761427.webp\",\"contentUrl\":\"https:\/\/shop.polonarko.com\/wp-content\/uploads\/2024\/08\/cropped-logo-e1726125761427.webp\",\"width\":512,\"height\":512,\"caption\":\"POLONARKO\"},\"image\":{\"@id\":\"https:\/\/shop.polonarko.com\/en\/#\/schema\/logo\/image\/\"},\"sameAs\":[\"https:\/\/www.instagram.com\/polonarkoclothing\/\",\"https:\/\/www.tiktok.com\/@polonarkoclothing\"]}]}<\/script>\n<!-- \/ Yoast SEO plugin. -->","yoast_head_json":{"title":"RETURN POLICY - POLONARKO","robots":{"index":"index","follow":"follow","max-snippet":"max-snippet:-1","max-image-preview":"max-image-preview:large","max-video-preview":"max-video-preview:-1"},"canonical":"https:\/\/shop.polonarko.com\/en\/return-policy\/","og_locale":"en_US","og_type":"article","og_title":"RETURN POLICY - POLONARKO","og_description":"RETURN POLICY 1. RIGHT OF WITHDRAWAL You have the right to withdraw from the contract within 14 days of receiving","og_url":"https:\/\/shop.polonarko.com\/en\/return-policy\/","og_site_name":"POLONARKO","article_modified_time":"2024-10-09T13:28:42+00:00","twitter_card":"summary_large_image","twitter_misc":{"Est. reading time":"1 minute"},"schema":{"@context":"https:\/\/schema.org","@graph":[{"@type":"WebPage","@id":"https:\/\/shop.polonarko.com\/en\/return-policy\/","url":"https:\/\/shop.polonarko.com\/en\/return-policy\/","name":"RETURN POLICY - POLONARKO","isPartOf":{"@id":"https:\/\/shop.polonarko.com\/en\/#website"},"datePublished":"2024-09-21T11:27:37+00:00","dateModified":"2024-10-09T13:28:42+00:00","breadcrumb":{"@id":"https:\/\/shop.polonarko.com\/en\/return-policy\/#breadcrumb"},"inLanguage":"en-US","potentialAction":[{"@type":"ReadAction","target":["https:\/\/shop.polonarko.com\/en\/return-policy\/"]}]},{"@type":"BreadcrumbList","@id":"https:\/\/shop.polonarko.com\/en\/return-policy\/#breadcrumb","itemListElement":[{"@type":"ListItem","position":1,"name":"Strona g\u0142\u00f3wna","item":"https:\/\/shop.polonarko.com\/en\/"},{"@type":"ListItem","position":2,"name":"RETURN POLICY"}]},{"@type":"WebSite","@id":"https:\/\/shop.polonarko.com\/en\/#website","url":"https:\/\/shop.polonarko.com\/en\/","name":"POLONARKO","description":"POLONARKO IS CLOTHES, CULTURE, REBELLION, MUSIC, GRAFFITI. POLONARKO IS FUDAMENT. GO TO THE WEBSITE AND SIGN UP FOR THE COMITY. ","publisher":{"@id":"https:\/\/shop.polonarko.com\/en\/#organization"},"potentialAction":[{"@type":"SearchAction","target":{"@type":"EntryPoint","urlTemplate":"https:\/\/shop.polonarko.com\/en\/?s={search_term_string}"},"query-input":{"@type":"PropertyValueSpecification","valueRequired":true,"valueName":"search_term_string"}}],"inLanguage":"en-US"},{"@type":"Organization","@id":"https:\/\/shop.polonarko.com\/en\/#organization","name":"POLONARKO","url":"https:\/\/shop.polonarko.com\/en\/","logo":{"@type":"ImageObject","inLanguage":"en-US","@id":"https:\/\/shop.polonarko.com\/en\/#\/schema\/logo\/image\/","url":"https:\/\/shop.polonarko.com\/wp-content\/uploads\/2024\/08\/cropped-logo-e1726125761427.webp","contentUrl":"https:\/\/shop.polonarko.com\/wp-content\/uploads\/2024\/08\/cropped-logo-e1726125761427.webp","width":512,"height":512,"caption":"POLONARKO"},"image":{"@id":"https:\/\/shop.polonarko.com\/en\/#\/schema\/logo\/image\/"},"sameAs":["https:\/\/www.instagram.com\/polonarkoclothing\/","https:\/\/www.tiktok.com\/@polonarkoclothing"]}]}},"jetpack_sharing_enabled":true,"_links":{"self":[{"href":"https:\/\/shop.polonarko.com\/en\/wp-json\/wp\/v2\/pages\/17560","targetHints":{"allow":["GET"]}}],"collection":[{"href":"https:\/\/shop.polonarko.com\/en\/wp-json\/wp\/v2\/pages"}],"about":[{"href":"https:\/\/shop.polonarko.com\/en\/wp-json\/wp\/v2\/types\/page"}],"author":[{"embeddable":true,"href":"https:\/\/shop.polonarko.com\/en\/wp-json\/wp\/v2\/users\/1"}],"replies":[{"embeddable":true,"href":"https:\/\/shop.polonarko.com\/en\/wp-json\/wp\/v2\/comments?post=17560"}],"version-history":[{"count":1,"href":"https:\/\/shop.polonarko.com\/en\/wp-json\/wp\/v2\/pages\/17560\/revisions"}],"predecessor-version":[{"id":17561,"href":"https:\/\/shop.polonarko.com\/en\/wp-json\/wp\/v2\/pages\/17560\/revisions\/17561"}],"wp:attachment":[{"href":"https:\/\/shop.polonarko.com\/en\/wp-json\/wp\/v2\/media?parent=17560"}],"curies":[{"name":"wp","href":"https:\/\/api.w.org\/{rel}","templated":true}]}}