{"id":17552,"date":"2024-08-29T20:07:43","date_gmt":"2024-08-29T18:07:43","guid":{"rendered":"https:\/\/shop.polonarko.com\/privacy-policy\/"},"modified":"2024-10-09T15:07:23","modified_gmt":"2024-10-09T13:07:23","slug":"privacy-policy","status":"publish","type":"page","link":"https:\/\/shop.polonarko.com\/en\/privacy-policy\/","title":{"rendered":"PRIVACY POLICY"},"content":{"rendered":"\t\t<div data-elementor-type=\"wp-page\" data-elementor-id=\"17552\" class=\"elementor elementor-17552 elementor-3\">\n\t\t\t\t<div class=\"elementor-element elementor-element-21156297 e-flex e-con-boxed wd-section-disabled e-con e-parent\" data-id=\"21156297\" data-element_type=\"container\">\n\t\t\t\t\t<div class=\"e-con-inner\">\n\t\t\t\t<div class=\"elementor-element elementor-element-5890fe4 elementor-widget elementor-widget-wd_title\" data-id=\"5890fe4\" data-element_type=\"widget\" data-widget_type=\"wd_title.default\">\n\t\t\t\t<div class=\"elementor-widget-container\">\n\t\t\t\t\t<div class=\"title-wrapper set-mb-s reset-last-child wd-title-color-default wd-title-style-default wd-title-size-default text-center\">\n\n\t\t\t\n\t\t\t<div class=\"liner-continer\">\n\t\t\t\t<h4 class=\"woodmart-title-container title wd-fontsize-l\">PRIVACY POLICY<\/h4> \n\t\t\t\t\t\t\t<\/div>\n\n\t\t\t\t\t<\/div>\n\t\t\t\t<\/div>\n\t\t\t\t<\/div>\n\t\t\t\t<div class=\"elementor-element elementor-element-a88e6ef elementor-widget elementor-widget-wd_text_block\" data-id=\"a88e6ef\" data-element_type=\"widget\" data-widget_type=\"wd_text_block.default\">\n\t\t\t\t<div class=\"elementor-widget-container\">\n\t\t\t\t\t<div class=\"wd-text-block reset-last-child text-left\">\n\t\t\t\n\t\t\t<p class=\"MsoNormal\"><strong><span lang=\"PL\">1. GENERAL INFORMATION<\/span><\/strong><\/p>\n<p class=\"MsoNormal\"><span lang=\"PL\">This policy applies to the Website, operating at the following url: shop.polonarko.com<\/span><\/p>\n<p class=\"MsoNormal\"><span lang=\"PL\">The service operator and personal data administrator is: <strong>NGBRANDING Nikodem Wierchlewski Powsta\u0144c\u00f3w \u015al\u0105skich 116\/56, 53-333 Wroc\u0142aw, NIP: 8993002651,<\/strong><\/span> <span lang=\"PL\"><strong>REGON: 529527901.<\/strong><\/span><\/p>\n<p class=\"MsoNormal\"><span lang=\"PL\">Operator's e-mail contact address: <strong>polonarkoclothing@gmail.com<\/strong><\/span><\/p>\n<p class=\"MsoNormal\"><span lang=\"PL\">The Operator is the Administrator of your personal data with regard to the data you voluntarily provide on the Website.<\/span><\/p>\n<p class=\"MsoNormal\"><span lang=\"PL\">The Service uses personal data for the following purposes:<\/span><\/p>\n<ul>\n<li class=\"MsoNormal\">Marketing goals<\/li>\n<li class=\"MsoNormal\"><span lang=\"PL\">Handling of enquiries via the form<\/span><\/li>\n<li class=\"MsoNormal\"><span lang=\"PL\">Preparation, packaging, dispatch of goods<\/span><\/li>\n<li class=\"MsoNormal\"><span lang=\"PL\">Provision of the services requested<\/span><\/li>\n<li class=\"MsoNormal\"><span lang=\"PL\">Debt collection<\/span><\/li>\n<li class=\"MsoNormal\"><span lang=\"PL\">Presentation of an offer or information<\/span><\/li>\n<\/ul>\n<p class=\"MsoNormal\"><span lang=\"PL\">The service performs functions to obtain information about users and their behaviour in the following ways:<\/span><\/p>\n<ul>\n<li><span lang=\"PL\">Through the data voluntarily entered in the forms, which are entered into the Operator's systems<br><\/span><\/li>\n<li><span lang=\"PL\">By storing cookies (so-called \u2018cookies\u2019) on end devices.<\/span><\/li>\n<\/ul>\n<p class=\"MsoNormal\"><strong><span lang=\"PL\">2. SELECTED DATA PROTECTION METHODS USED BY THE OPERATOR<\/span><\/strong><\/p>\n<p class=\"MsoNormal\"><span lang=\"PL\">The login and personal data entry sites are protected in the transmission layer (SSL certificate). This ensures that the personal and login data entered on the site are encrypted on the user's computer and can only be read on the target server. <\/span><\/p>\n<p class=\"MsoNormal\"><span lang=\"PL\">Personal data stored in the database is encrypted in such a way that only those holding the Operator key can read it. In this way, the data is protected in case the database is stolen from the server. <\/span><\/p>\n<p class=\"MsoNormal\"><span lang=\"PL\">User passwords are stored in hashed form. The hash function operates in a one-way fashion - it is not possible to reverse it, which is now the modern standard for storing user passwords. <\/span><\/p>\n<p class=\"MsoNormal\"><span lang=\"PL\">The operator periodically changes its administrative passwords.<\/span><\/p>\n<p class=\"MsoNormal\"><span lang=\"PL\">An important element of data protection is the regular updating of all software used by the Operator to process personal data, which in particular means regular updates of software components.<\/span><\/p>\n<p class=\"MsoNormal\"><strong><span lang=\"PL\">3. HOSTING<\/span><\/strong><\/p>\n<p class=\"MsoNormal\"><span lang=\"PL\">The website is hosted (technically maintained) on the servers of the operator: ovhcloud.com<\/span><\/p>\n<p class=\"MsoNormal\"><span lang=\"PL\">The hosting company keeps logs at server level to ensure technical reliability. The logs may include: <\/span><\/p>\n<ul>\n<li class=\"MsoNormal\"><span lang=\"PL\">resources specified by a URL identifier (addresses of the requested resources - pages, files),<\/span><\/li>\n<li class=\"MsoNormal\"><span lang=\"PL\">the timing of the enquiry,<\/span><\/li>\n<li class=\"MsoNormal\"><span lang=\"PL\">time of sending the reply,<\/span><\/li>\n<li class=\"MsoNormal\"><span lang=\"PL\">the name of the client station - identification via the HTTP protocol,<\/span><\/li>\n<li class=\"MsoNormal\"><span lang=\"PL\">information about errors that occurred during the execution of the HTTP transaction,<\/span><\/li>\n<li class=\"MsoNormal\"><span lang=\"PL\">the URL of a page previously visited by the user (referer link), in the event of a link to the Website,<\/span><\/li>\n<li class=\"MsoNormal\"><span lang=\"PL\">information about the user's browser,<\/span><\/li>\n<li class=\"MsoNormal\"><span lang=\"PL\">IP address information,<\/span><\/li>\n<li class=\"MsoNormal\"><span lang=\"PL\">diagnostic information related to the process of self-ordering services via registrars on the website,<\/span><\/li>\n<li class=\"MsoNormal\"><span lang=\"PL\">information related to the handling of e-mails addressed to and sent by the Operator.<\/span><\/li>\n<\/ul>\n<p class=\"MsoNormal\"><strong><span lang=\"PL\">4. YOUR RIGHTS AND ADDITIONAL INFORMATION ON HOW TO USE THE DATA<\/span><\/strong><\/p>\n<p class=\"MsoNormal\"><span lang=\"PL\">In certain situations, the Administrator has the right to transfer your personal data to other recipients if this is necessary for the performance of a contract concluded with you or for the fulfilment of obligations incumbent on the Administrator. <\/span>This applies to such audience groups:<\/p>\n<ul>\n<li class=\"MsoNormal\">hosting company on a delegated basis<\/li>\n<li class=\"MsoNormal\">couriers<\/li>\n<li class=\"MsoNormal\">postal operators<\/li>\n<li class=\"MsoNormal\">banks<\/li>\n<li class=\"MsoNormal\">payment operators<\/li>\n<li class=\"MsoNormal\">authorised staff and associates who use the data in order to fulfil the purpose of the site<\/li>\n<li class=\"MsoNormal\">companies providing marketing services to the Administrator<\/li>\n<\/ul>\n<p class=\"MsoNormal\">Your personal data processed by the Administrator for no longer than is necessary for the performance of the related activities defined by separate regulations (e.g. on accounting). With regard to marketing data, data will not be processed for longer than 3 years. <\/p>\n<p class=\"MsoNormal\">You have the right to request from the Administrator:<\/p>\n<ul>\n<li class=\"MsoNormal\">access to personal data concerning you,<\/li>\n<li class=\"MsoNormal\">their rectification,<\/li>\n<li class=\"MsoNormal\">deletions,<\/li>\n<li class=\"MsoNormal\">restriction of processing and data portability.<\/li>\n<\/ul>\n<p class=\"MsoNormal\">You have the right to object, in respect of the processing indicated in paragraph 3.2, to the processing of personal data for the purposes of the legitimate interests pursued by the Controller, including profiling, with the right to object not being exercisable where there are valid legitimate grounds for the processing which override your interests, rights and freedoms, in particular the establishment, assertion or defence of claims.<\/p>\n<p class=\"MsoNormal\">The Administrator's actions may be complained about to the President of the Office for Personal Data Protection, ul. Stawki 2, 00-193 Warsaw. <\/p>\n<p class=\"MsoNormal\">The provision of personal data is voluntary, but necessary for the operation of the Service.<\/p>\n<p class=\"MsoNormal\">Automated decision-making, including profiling, may be undertaken in relation to you for the purpose of providing services under the contract concluded and for the purpose of direct marketing by the Administrator.<\/p>\n<p class=\"MsoNormal\">Personal data is not transferred from third countries within the meaning of data protection legislation. This means that we do not send them outside the European Union. <\/p>\n<p class=\"MsoNormal\"><strong>5. INFORMATION IN THE FORMS<\/strong><\/p>\n<p class=\"MsoNormal\">The service collects information voluntarily provided by the user, including personal data where provided.<\/p>\n<p class=\"MsoNormal\">The service can save information about the connection parameters (time stamp, IP address).<\/p>\n<p class=\"MsoNormal\">The website may, in some cases, store information to help link the data in the form to the e-mail address of the user completing the form. In this case, the user's e-mail address appears inside the url of the page containing the form. <\/p>\n<p class=\"MsoNormal\">The data provided in the form is processed for the purpose resulting from the function of the specific form, e.g. to process a service request or sales contact, registration of services, etc. In each case, the context and description of the form clearly informs what it is used for. <\/p>\n<p class=\"MsoNormal\"><strong>6. ADMINISTRATOR LOGS<\/strong><\/p>\n<p class=\"MsoNormal\">User behaviour information on the website may be subject to logging. This data is used for the administration of the website. <\/p>\n<p class=\"MsoNormal\"><strong>7. Relevant marketing techniques<\/strong><\/p>\n<p class=\"MsoNormal\">The operator uses statistical analysis of website traffic via Google Analytics (Google Inc., based in the USA). The operator does not transmit personal data to the operator of this service, only anonymised information. The service is based on the use of cookies on the user's terminal device. With regard to the information on user preferences collected by the Google advertising network, the user can view and edit the information resulting from cookies using the following tool: https:\/\/www.google.com\/ads\/preferences\/.   <\/p>\n<p class=\"MsoNormal\">The Operator uses remarketing techniques to match advertising messages to the user's behaviour on the website, which may give the illusion that the user's personal data are being used to track the user, but in practice no personal data are transferred from the Operator to the advertising operators. A technological prerequisite for such activities is that cookies are enabled. <\/p>\n<p class=\"MsoNormal\">The operator uses the Facebook pixel. This technology ensures that Facebook (Facebook Inc., USA) knows that a person registered with it is using the Website. The Operator does not transmit any additional personal data to Facebook. The service is based on the use of cookies on the user's terminal device.   <\/p>\n<p class=\"MsoNormal\"><strong>8. INFORMATION ON COOKIES<\/strong><\/p>\n<p class=\"MsoNormal\">The website uses cookies.<\/p>\n<p class=\"MsoNormal\">Cookies (so-called \u2018cookies\u2019) are IT data, in particular text files, which are stored in the Service User's terminal equipment and are intended for use on the Website. Cookies usually contain the name of the website they come from, the time they are stored on the terminal equipment and a unique number. <\/p>\n<p class=\"MsoNormal\">The entity placing cookies on the Service User's terminal equipment and accessing them is the Service Operator.<\/p>\n<p class=\"MsoNormal\">Cookies are used for the following purposes:<\/p>\n<p class=\"MsoNormal\">maintaining a session of the Website user (after logging in), thanks to which the user does not have to re-enter his\/her login and password on each subpage of the Website;<\/p>\n<p class=\"MsoNormal\">to achieve the objectives set out above under \u2018Essential marketing techniques\u2019;<\/p>\n<p class=\"MsoNormal\">The Website uses two main types of cookies: \u2018session\u2019 (session cookies) and \u201cpermanent\u201d (persistent cookies). \u2018Session\u2019 cookies are temporary files that are stored on the User's terminal equipment until they log off, leave the website or switch off the software (web browser). \u2018Persistent\u2019 cookies are stored on the User's terminal equipment for the time specified in the parameters of the cookies or until they are deleted by the User.  <\/p>\n<p class=\"MsoNormal\">Web browsing software (web browser) usually allows cookies to be stored on the User's terminal device by default. Users of the Website may change their settings in this respect. The Internet browser makes it possible to delete cookies. It is also possible to automatically block cookies For details, please refer to the help or documentation of your Internet browser.   <\/p>\n<p class=\"MsoNormal\">Restrictions on the use of cookies may affect some of the functionality available on the Website.<\/p>\n<p class=\"MsoNormal\">Cookies placed in the Service User's terminal equipment may also be used by entities cooperating with the Service Operator, in particular companies: Google (Google Inc. based in the USA), Facebook (Facebook Inc. based in the USA), Twitter (Twitter Inc. based in the USA).<\/p>\n<p class=\"MsoNormal\"><strong>9. MANAGING COOKIES - HOW TO USE AND WITHDRAW CONSENT IN PRACTICE?<\/strong><\/p>\n<p class=\"MsoNormal\">If you do not wish to receive cookies, you can change your browser settings. We stipulate that disabling cookies that are essential for authentication processes, security, maintaining user preferences may make it difficult, and in extreme cases may make it impossible, to use the websites <\/p>\n<p class=\"MsoNormal\">To manage your cookie settings, select the web browser you are using from the list below and follow the instructions:<\/p>\n<p class=\"MsoNormal\"><strong>Edge<\/strong><\/p>\n<p class=\"MsoNormal\"><strong>Internet Explorer<\/strong><\/p>\n<p class=\"MsoNormal\"><strong>Chrome<\/strong><\/p>\n<p class=\"MsoNormal\"><strong>Safari<\/strong><\/p>\n<p class=\"MsoNormal\"><strong>Firefox<\/strong><\/p>\n<p class=\"MsoNormal\"><strong>Opera<\/strong><\/p>\n<p class=\"MsoNormal\"><strong>Mobile devices:<\/strong><\/p>\n<p class=\"MsoNormal\"><strong>Android<\/strong><\/p>\n<p class=\"MsoNormal\"><strong>Safari (iOS)<\/strong><\/p>\n<p class=\"MsoNormal\"><strong>Windows Phone<\/strong><\/p>\n<p class=\"MsoNormal\">&nbsp;<\/p>\n\t\t\t\t\t<\/div>\n\t\t\t\t<\/div>\n\t\t\t\t<\/div>\n\t\t\t\t\t<\/div>\n\t\t\t\t<\/div>\n\t\t\t\t<\/div>\n\t\t","protected":false},"excerpt":{"rendered":"<p>PRIVACY POLICY 1. GENERAL INFORMATION This policy applies to the Website, operating at the following url: shop.polonarko.com The service operator<\/p>\n","protected":false},"author":1,"featured_media":0,"parent":0,"menu_order":0,"comment_status":"closed","ping_status":"open","template":"","meta":{"footnotes":""},"class_list":["post-17552","page","type-page","status-publish","hentry"],"yoast_head":"<!-- This site is optimized with the Yoast SEO plugin v24.6 - https:\/\/yoast.com\/wordpress\/plugins\/seo\/ -->\n<title>PRIVACY POLICY - POLONARKO<\/title>\n<meta name=\"robots\" content=\"index, follow, max-snippet:-1, max-image-preview:large, max-video-preview:-1\" \/>\n<link rel=\"canonical\" href=\"https:\/\/shop.polonarko.com\/en\/privacy-policy\/\" \/>\n<meta property=\"og:locale\" content=\"en_US\" \/>\n<meta property=\"og:type\" content=\"article\" \/>\n<meta property=\"og:title\" content=\"PRIVACY POLICY - POLONARKO\" \/>\n<meta property=\"og:description\" content=\"PRIVACY POLICY 1. GENERAL INFORMATION This policy applies to the Website, operating at the following url: shop.polonarko.com The service operator\" \/>\n<meta property=\"og:url\" content=\"https:\/\/shop.polonarko.com\/en\/privacy-policy\/\" \/>\n<meta property=\"og:site_name\" content=\"POLONARKO\" \/>\n<meta property=\"article:modified_time\" content=\"2024-10-09T13:07:23+00:00\" \/>\n<meta name=\"twitter:card\" content=\"summary_large_image\" \/>\n<meta name=\"twitter:label1\" content=\"Est. reading time\" \/>\n\t<meta name=\"twitter:data1\" content=\"7 minutes\" \/>\n<script type=\"application\/ld+json\" class=\"yoast-schema-graph\">{\"@context\":\"https:\/\/schema.org\",\"@graph\":[{\"@type\":\"WebPage\",\"@id\":\"https:\/\/shop.polonarko.com\/en\/privacy-policy\/\",\"url\":\"https:\/\/shop.polonarko.com\/en\/privacy-policy\/\",\"name\":\"PRIVACY POLICY - POLONARKO\",\"isPartOf\":{\"@id\":\"https:\/\/shop.polonarko.com\/en\/#website\"},\"datePublished\":\"2024-08-29T18:07:43+00:00\",\"dateModified\":\"2024-10-09T13:07:23+00:00\",\"breadcrumb\":{\"@id\":\"https:\/\/shop.polonarko.com\/en\/privacy-policy\/#breadcrumb\"},\"inLanguage\":\"en-US\",\"potentialAction\":[{\"@type\":\"ReadAction\",\"target\":[\"https:\/\/shop.polonarko.com\/en\/privacy-policy\/\"]}]},{\"@type\":\"BreadcrumbList\",\"@id\":\"https:\/\/shop.polonarko.com\/en\/privacy-policy\/#breadcrumb\",\"itemListElement\":[{\"@type\":\"ListItem\",\"position\":1,\"name\":\"Strona g\u0142\u00f3wna\",\"item\":\"https:\/\/shop.polonarko.com\/en\/\"},{\"@type\":\"ListItem\",\"position\":2,\"name\":\"PRIVACY POLICY\"}]},{\"@type\":\"WebSite\",\"@id\":\"https:\/\/shop.polonarko.com\/en\/#website\",\"url\":\"https:\/\/shop.polonarko.com\/en\/\",\"name\":\"POLONARKO\",\"description\":\"POLONARKO IS CLOTHES, CULTURE, REBELLION, MUSIC, GRAFFITI. POLONARKO IS FUDAMENT. GO TO THE WEBSITE AND SIGN UP FOR THE COMITY. \",\"publisher\":{\"@id\":\"https:\/\/shop.polonarko.com\/en\/#organization\"},\"potentialAction\":[{\"@type\":\"SearchAction\",\"target\":{\"@type\":\"EntryPoint\",\"urlTemplate\":\"https:\/\/shop.polonarko.com\/en\/?s={search_term_string}\"},\"query-input\":{\"@type\":\"PropertyValueSpecification\",\"valueRequired\":true,\"valueName\":\"search_term_string\"}}],\"inLanguage\":\"en-US\"},{\"@type\":\"Organization\",\"@id\":\"https:\/\/shop.polonarko.com\/en\/#organization\",\"name\":\"POLONARKO\",\"url\":\"https:\/\/shop.polonarko.com\/en\/\",\"logo\":{\"@type\":\"ImageObject\",\"inLanguage\":\"en-US\",\"@id\":\"https:\/\/shop.polonarko.com\/en\/#\/schema\/logo\/image\/\",\"url\":\"https:\/\/shop.polonarko.com\/wp-content\/uploads\/2024\/08\/cropped-logo-e1726125761427.webp\",\"contentUrl\":\"https:\/\/shop.polonarko.com\/wp-content\/uploads\/2024\/08\/cropped-logo-e1726125761427.webp\",\"width\":512,\"height\":512,\"caption\":\"POLONARKO\"},\"image\":{\"@id\":\"https:\/\/shop.polonarko.com\/en\/#\/schema\/logo\/image\/\"},\"sameAs\":[\"https:\/\/www.instagram.com\/polonarkoclothing\/\",\"https:\/\/www.tiktok.com\/@polonarkoclothing\"]}]}<\/script>\n<!-- \/ Yoast SEO plugin. -->","yoast_head_json":{"title":"PRIVACY POLICY - POLONARKO","robots":{"index":"index","follow":"follow","max-snippet":"max-snippet:-1","max-image-preview":"max-image-preview:large","max-video-preview":"max-video-preview:-1"},"canonical":"https:\/\/shop.polonarko.com\/en\/privacy-policy\/","og_locale":"en_US","og_type":"article","og_title":"PRIVACY POLICY - POLONARKO","og_description":"PRIVACY POLICY 1. GENERAL INFORMATION This policy applies to the Website, operating at the following url: shop.polonarko.com The service operator","og_url":"https:\/\/shop.polonarko.com\/en\/privacy-policy\/","og_site_name":"POLONARKO","article_modified_time":"2024-10-09T13:07:23+00:00","twitter_card":"summary_large_image","twitter_misc":{"Est. reading time":"7 minutes"},"schema":{"@context":"https:\/\/schema.org","@graph":[{"@type":"WebPage","@id":"https:\/\/shop.polonarko.com\/en\/privacy-policy\/","url":"https:\/\/shop.polonarko.com\/en\/privacy-policy\/","name":"PRIVACY POLICY - POLONARKO","isPartOf":{"@id":"https:\/\/shop.polonarko.com\/en\/#website"},"datePublished":"2024-08-29T18:07:43+00:00","dateModified":"2024-10-09T13:07:23+00:00","breadcrumb":{"@id":"https:\/\/shop.polonarko.com\/en\/privacy-policy\/#breadcrumb"},"inLanguage":"en-US","potentialAction":[{"@type":"ReadAction","target":["https:\/\/shop.polonarko.com\/en\/privacy-policy\/"]}]},{"@type":"BreadcrumbList","@id":"https:\/\/shop.polonarko.com\/en\/privacy-policy\/#breadcrumb","itemListElement":[{"@type":"ListItem","position":1,"name":"Strona g\u0142\u00f3wna","item":"https:\/\/shop.polonarko.com\/en\/"},{"@type":"ListItem","position":2,"name":"PRIVACY POLICY"}]},{"@type":"WebSite","@id":"https:\/\/shop.polonarko.com\/en\/#website","url":"https:\/\/shop.polonarko.com\/en\/","name":"POLONARKO","description":"POLONARKO IS CLOTHES, CULTURE, REBELLION, MUSIC, GRAFFITI. POLONARKO IS FUDAMENT. GO TO THE WEBSITE AND SIGN UP FOR THE COMITY. ","publisher":{"@id":"https:\/\/shop.polonarko.com\/en\/#organization"},"potentialAction":[{"@type":"SearchAction","target":{"@type":"EntryPoint","urlTemplate":"https:\/\/shop.polonarko.com\/en\/?s={search_term_string}"},"query-input":{"@type":"PropertyValueSpecification","valueRequired":true,"valueName":"search_term_string"}}],"inLanguage":"en-US"},{"@type":"Organization","@id":"https:\/\/shop.polonarko.com\/en\/#organization","name":"POLONARKO","url":"https:\/\/shop.polonarko.com\/en\/","logo":{"@type":"ImageObject","inLanguage":"en-US","@id":"https:\/\/shop.polonarko.com\/en\/#\/schema\/logo\/image\/","url":"https:\/\/shop.polonarko.com\/wp-content\/uploads\/2024\/08\/cropped-logo-e1726125761427.webp","contentUrl":"https:\/\/shop.polonarko.com\/wp-content\/uploads\/2024\/08\/cropped-logo-e1726125761427.webp","width":512,"height":512,"caption":"POLONARKO"},"image":{"@id":"https:\/\/shop.polonarko.com\/en\/#\/schema\/logo\/image\/"},"sameAs":["https:\/\/www.instagram.com\/polonarkoclothing\/","https:\/\/www.tiktok.com\/@polonarkoclothing"]}]}},"jetpack_sharing_enabled":true,"_links":{"self":[{"href":"https:\/\/shop.polonarko.com\/en\/wp-json\/wp\/v2\/pages\/17552","targetHints":{"allow":["GET"]}}],"collection":[{"href":"https:\/\/shop.polonarko.com\/en\/wp-json\/wp\/v2\/pages"}],"about":[{"href":"https:\/\/shop.polonarko.com\/en\/wp-json\/wp\/v2\/types\/page"}],"author":[{"embeddable":true,"href":"https:\/\/shop.polonarko.com\/en\/wp-json\/wp\/v2\/users\/1"}],"replies":[{"embeddable":true,"href":"https:\/\/shop.polonarko.com\/en\/wp-json\/wp\/v2\/comments?post=17552"}],"version-history":[{"count":1,"href":"https:\/\/shop.polonarko.com\/en\/wp-json\/wp\/v2\/pages\/17552\/revisions"}],"predecessor-version":[{"id":17553,"href":"https:\/\/shop.polonarko.com\/en\/wp-json\/wp\/v2\/pages\/17552\/revisions\/17553"}],"wp:attachment":[{"href":"https:\/\/shop.polonarko.com\/en\/wp-json\/wp\/v2\/media?parent=17552"}],"curies":[{"name":"wp","href":"https:\/\/api.w.org\/{rel}","templated":true}]}}