{"id":17492,"date":"2024-09-16T03:50:06","date_gmt":"2024-09-16T01:50:06","guid":{"rendered":"https:\/\/shop.polonarko.com\/produkt\/polonarko-basic-schwarz-weiss\/"},"modified":"2024-10-09T13:51:12","modified_gmt":"2024-10-09T11:51:12","slug":"polonarko-basic-schwarz-weiss","status":"publish","type":"product","link":"https:\/\/shop.polonarko.com\/de\/produkt\/polonarko-basic-schwarz-weiss\/","title":{"rendered":"POLONARKO \u201eBASIC\u201c SCHWARZ-WEISS"},"content":{"rendered":"\t\t<div data-elementor-type=\"wp-post\" data-elementor-id=\"17492\" class=\"elementor elementor-17492 elementor-15930\">\n\t\t\t\t<div class=\"elementor-element elementor-element-64b7356 e-flex e-con-boxed wd-section-disabled e-con e-parent\" data-id=\"64b7356\" data-element_type=\"container\">\n\t\t\t\t\t<div class=\"e-con-inner\">\n\t\t\t\t<div class=\"elementor-element elementor-element-5aa2ace elementor-widget elementor-widget-wd_image_or_svg\" data-id=\"5aa2ace\" data-element_type=\"widget\" data-widget_type=\"wd_image_or_svg.default\">\n\t\t\t\t<div class=\"elementor-widget-container\">\n\t\t\t\n\t\t<div class=\"wd-image text-center\">\n\t\t\t\t\t\t\t\t<img fetchpriority=\"high\" decoding=\"async\" width=\"400\" height=\"200\" src=\"https:\/\/shop.polonarko.com\/wp-content\/uploads\/2024\/08\/logo-400x200.webp\" class=\"attachment-medium size-medium\" alt=\"Polonarko logo\" srcset=\"https:\/\/shop.polonarko.com\/wp-content\/uploads\/2024\/08\/logo-400x200.webp 400w, https:\/\/shop.polonarko.com\/wp-content\/uploads\/2024\/08\/logo-1300x650.webp 1300w, https:\/\/shop.polonarko.com\/wp-content\/uploads\/2024\/08\/logo-768x384.webp 768w, https:\/\/shop.polonarko.com\/wp-content\/uploads\/2024\/08\/logo-1536x768.webp 1536w, https:\/\/shop.polonarko.com\/wp-content\/uploads\/2024\/08\/logo-2048x1024.webp 2048w, https:\/\/shop.polonarko.com\/wp-content\/uploads\/2024\/08\/logo-860x430.webp 860w, https:\/\/shop.polonarko.com\/wp-content\/uploads\/2024\/08\/logo-430x215.webp 430w, https:\/\/shop.polonarko.com\/wp-content\/uploads\/2024\/08\/logo-700x350.webp 700w, https:\/\/shop.polonarko.com\/wp-content\/uploads\/2024\/08\/logo-150x75.webp 150w, https:\/\/shop.polonarko.com\/wp-content\/uploads\/2024\/08\/logo-e1726125761427.webp 1200w\" sizes=\"(max-width: 400px) 100vw, 400px\" \/>\t\t\t\t\t<\/div>\n\n\t\t\t\t<\/div>\n\t\t\t\t<\/div>\n\t\t\t\t<div class=\"elementor-element elementor-element-c09c714 elementor-widget elementor-widget-wd_table\" data-id=\"c09c714\" data-element_type=\"widget\" data-widget_type=\"wd_table.default\">\n\t\t\t\t<div class=\"elementor-widget-container\">\n\t\t\t\t\t<div class=\"wd-el-table-wrap wd-reset-all-last\">\n\t\t\t<table class=\"wd-el-table\">\n\t\t\t\t\t\t\t\t\t<thead class=\"text-left\">\n\t\t\t\t\t\t\t\t\t\t\t\t\t\t\t\t\t\t\t\t\t\t\t\t\t\t\t\t\t\t<tr class=\"wd-table-row elementor-repeater-item-0853997\">\n\t\t\t\t\t\t\t\t\t\t\t\t\t\t\t\t\t\t\t\t\t\t\t\t\t\t\t\t\t\t\t\t\t\t\t\t<th class=\"wd-table-cell elementor-repeater-item-b5614aa\" colspan=\"1\" rowspan=\"1\">\n\t\t\t\t\t\t\t\t\t<p>Abmessungen W CM<\/p>\t\t\t\t\t\t\t\t<\/th>\n\t\t\t\t\t\t\t\t\t\t\t\t\t\t\t\t\t\t\t\t\t\t\t\t\t\t\t\t<th class=\"wd-table-cell elementor-repeater-item-592843c\" colspan=\"1\" rowspan=\"1\">\n\t\t\t\t\t\t\t\t\t<p>klein<\/p>\t\t\t\t\t\t\t\t<\/th>\n\t\t\t\t\t\t\t\t\t\t\t\t\t\t\t\t\t\t\t\t\t\t\t\t\t\t\t\t<th class=\"wd-table-cell elementor-repeater-item-b8ea54a\" colspan=\"1\" rowspan=\"1\">\n\t\t\t\t\t\t\t\t\t<p>mittel<\/p>\t\t\t\t\t\t\t\t<\/th>\n\t\t\t\t\t\t\t\t\t\t\t\t\t\t\t\t\t\t\t\t\t\t\t\t\t\t\t\t<th class=\"wd-table-cell elementor-repeater-item-18ada3f\" colspan=\"1\" rowspan=\"1\">\n\t\t\t\t\t\t\t\t\t<p>gro\u00df<\/p>\t\t\t\t\t\t\t\t<\/th>\n\t\t\t\t\t\t\t\t\t\t\t\t\t\t\t\t\t\t\t\t\t\t\t\t\t\t\t\t<th class=\"wd-table-cell elementor-repeater-item-5ec0c09\" colspan=\"1\" rowspan=\"1\">\n\t\t\t\t\t\t\t\t\t<p>extra gro\u00df<\/p>\t\t\t\t\t\t\t\t<\/th>\n\t\t\t\t\t\t\t\t\t\t\t\t\t\t\t\t\t\t\t<\/tr>\n\t\t\t\t\t<\/thead>\n\t\t\t\t\n\t\t\t\t<tbody class=\"text-left\">\n\t\t\t\t\t\t\t\t\t\t\t\t\t\t\t\t\t\t\t\t\t\t\t\t\t\t<tr class=\"wd-table-row elementor-repeater-item-3b90a33\">\n\t\t\t\t\t\t\t\t\t\t\t\t\t\t\t\t\t\t\t\t\t\t\t\t\t\t\t\t\t\t\t<td class=\"wd-table-cell elementor-repeater-item-13dc106\" colspan=\"1\" rowspan=\"1\">\n\t\t\t\t\t\t\t<p><strong>L\u00c4NGE DES SHIRTS<\/strong><\/p>\t\t\t\t\t\t\t<\/td>\n\t\t\t\t\t\t\t\t\t\t\t\t\t\t\t\t\t\t\t\t\t\t\t\t<td class=\"wd-table-cell elementor-repeater-item-b3aa7d3\" colspan=\"1\" rowspan=\"1\">\n\t\t\t\t\t\t\t<p>76 CM<\/p>\t\t\t\t\t\t\t<\/td>\n\t\t\t\t\t\t\t\t\t\t\t\t\t\t\t\t\t\t\t\t\t\t\t\t<td class=\"wd-table-cell elementor-repeater-item-576b39e\" colspan=\"1\" rowspan=\"1\">\n\t\t\t\t\t\t\t<p>78 CM<\/p>\t\t\t\t\t\t\t<\/td>\n\t\t\t\t\t\t\t\t\t\t\t\t\t\t\t\t\t\t\t\t\t\t\t\t<td class=\"wd-table-cell elementor-repeater-item-ccdf645\" colspan=\"1\" rowspan=\"1\">\n\t\t\t\t\t\t\t<p>80 CM<\/p>\t\t\t\t\t\t\t<\/td>\n\t\t\t\t\t\t\t\t\t\t\t\t\t\t\t\t\t\t\t\t\t\t\t\t<td class=\"wd-table-cell elementor-repeater-item-e0752e5\" colspan=\"1\" rowspan=\"1\">\n\t\t\t\t\t\t\t<p>82 CM<\/p>\t\t\t\t\t\t\t<\/td>\n\t\t\t\t\t\t\t\t\t\t\t\t\t\t\t\t\t\t\t\t\t\t\t\t\t\t\t\t\t\t\t\t<\/tr>\n\t\t\t\t\t\t\t\t<tr class=\"wd-table-row elementor-repeater-item-3ba53f4\">\n\t\t\t\t\t\t\t\t\t\t\t\t\t\t\t\t\t\t\t\t\t\t\t\t\t\t\t\t\t\t\t<td class=\"wd-table-cell elementor-repeater-item-dbbf925\" colspan=\"1\" rowspan=\"1\">\n\t\t\t\t\t\t\t<p><strong>BREITE<\/strong><br><strong>IN DER BRUST<\/strong><\/p>\t\t\t\t\t\t\t<\/td>\n\t\t\t\t\t\t\t\t\t\t\t\t\t\t\t\t\t\t\t\t\t\t\t\t<td class=\"wd-table-cell elementor-repeater-item-e7247a0\" colspan=\"1\" rowspan=\"1\">\n\t\t\t\t\t\t\t<p>57 CM<\/p>\t\t\t\t\t\t\t<\/td>\n\t\t\t\t\t\t\t\t\t\t\t\t\t\t\t\t\t\t\t\t\t\t\t\t<td class=\"wd-table-cell elementor-repeater-item-1e06644\" colspan=\"1\" rowspan=\"1\">\n\t\t\t\t\t\t\t<p>60 CM<\/p>\t\t\t\t\t\t\t<\/td>\n\t\t\t\t\t\t\t\t\t\t\t\t\t\t\t\t\t\t\t\t\t\t\t\t<td class=\"wd-table-cell elementor-repeater-item-c80c2c6\" colspan=\"1\" rowspan=\"1\">\n\t\t\t\t\t\t\t<p>63 CM<\/p>\t\t\t\t\t\t\t<\/td>\n\t\t\t\t\t\t\t\t\t\t\t\t\t\t\t\t\t\t\t\t\t\t\t\t<td class=\"wd-table-cell elementor-repeater-item-e1ac5c5\" colspan=\"1\" rowspan=\"1\">\n\t\t\t\t\t\t\t<p>66 CM<\/p>\t\t\t\t\t\t\t<\/td>\n\t\t\t\t\t\t\t\t\t\t\t\t\t\t\t\t\t\t\t\t\t\t\t\t\t\t\t\t\t\t\t\t<\/tr>\n\t\t\t\t\t\t\t\t<tr class=\"wd-table-row elementor-repeater-item-fa18be5\">\n\t\t\t\t\t\t\t\t\t\t\t\t\t\t\t\t\t\t\t\t\t\t\t\t\t\t\t\t\t\t\t<td class=\"wd-table-cell elementor-repeater-item-0fc9001\" colspan=\"1\" rowspan=\"1\">\n\t\t\t\t\t\t\t<p><strong>L\u00c4NGE DES SCHLAUCHES<\/strong><\/p>\t\t\t\t\t\t\t<\/td>\n\t\t\t\t\t\t\t\t\t\t\t\t\t\t\t\t\t\t\t\t\t\t\t\t<td class=\"wd-table-cell elementor-repeater-item-58d9e76\" colspan=\"1\" rowspan=\"1\">\n\t\t\t\t\t\t\t<p>21 CM<\/p>\t\t\t\t\t\t\t<\/td>\n\t\t\t\t\t\t\t\t\t\t\t\t\t\t\t\t\t\t\t\t\t\t\t\t<td class=\"wd-table-cell elementor-repeater-item-da2f071\" colspan=\"1\" rowspan=\"1\">\n\t\t\t\t\t\t\t<p>22 CM<\/p>\t\t\t\t\t\t\t<\/td>\n\t\t\t\t\t\t\t\t\t\t\t\t\t\t\t\t\t\t\t\t\t\t\t\t<td class=\"wd-table-cell elementor-repeater-item-c4a1fa8\" colspan=\"1\" rowspan=\"1\">\n\t\t\t\t\t\t\t<p>23 CM<\/p>\t\t\t\t\t\t\t<\/td>\n\t\t\t\t\t\t\t\t\t\t\t\t\t\t\t\t\t\t\t\t\t\t\t\t<td class=\"wd-table-cell elementor-repeater-item-f78365d\" colspan=\"1\" rowspan=\"1\">\n\t\t\t\t\t\t\t<p>24 CM<\/p>\t\t\t\t\t\t\t<\/td>\n\t\t\t\t\t\t\t\t\t\t\t\t\t\t\t\t<\/tr>\n\t\t\t\t<\/tbody>\n\t\t\t<\/table>\n\t\t<\/div>\n\t\t\t\t<\/div>\n\t\t\t\t<\/div>\n\t\t\t\t\t<\/div>\n\t\t\t\t<\/div>\n\t\t\t\t<\/div>\n\t\t","protected":false},"excerpt":{"rendered":"<p>DAS POLONARKO \u201eBASIC\u201c T-SHIRT IST AUS 100% BAUMWOLLE HERGESTELLT. JEDES T-SHIRT HAT SEINE EIGENE NUMMER UND IST IN DER ANZAHL LIMITIERT. DIE GRAMMATUR BETR\u00c4GT 240 G\/M\u00b2, WAS DAS GEF\u00dcHL VON HOHER QUALIT\u00c4T VERMITTELT. DAS MATERIAL WURDE MERCERISIERT, UM SEINE HALTBARKEIT ZU ERH\u00d6HEN. ES HANDELT SICH UM EINE SINGLE-JERSEY-BESTICKUNG. DAS T-SHIRT IST \u00dcBERGROSS, WAS ES SEHR BEQUEM UND ATMUNGSAKTIV MACHT. AUF DER VORDERSEITE DES T-SHIRTS BEFINDET SICH EINE DAUERHAFTE, DICKE STICKEREI MIT UNSEREM MARKENLOGO. DAS T-SHIRT HAT AUSSERDEM HYPOALLERGENE SILIKONETIKETTEN UND EINE VERSTECKTE TASCHE UNTER DEM WASCHREZEPT.       <\/p>\n","protected":false},"featured_media":18124,"template":"","meta":[],"product_brand":[],"product_cat":[102],"product_tag":[],"class_list":{"0":"post-17492","1":"product","2":"type-product","3":"status-publish","4":"has-post-thumbnail","6":"product_cat-kleidung","8":"first","9":"instock","10":"shipping-taxable","11":"purchasable","12":"product-type-variable"},"yoast_head":"<!-- This site is optimized with the Yoast SEO plugin v24.6 - https:\/\/yoast.com\/wordpress\/plugins\/seo\/ -->\n<title>POLONARKO \u201eBASIC\u201c SCHWARZ-WEISS - POLONARKO<\/title>\n<meta name=\"robots\" content=\"index, follow, max-snippet:-1, max-image-preview:large, max-video-preview:-1\" \/>\n<link rel=\"canonical\" href=\"https:\/\/shop.polonarko.com\/de\/produkt\/polonarko-basic-schwarz-weiss\/\" \/>\n<meta property=\"og:locale\" content=\"de_DE\" \/>\n<meta property=\"og:type\" content=\"article\" \/>\n<meta property=\"og:title\" content=\"POLONARKO \u201eBASIC\u201c SCHWARZ-WEISS - POLONARKO\" \/>\n<meta property=\"og:description\" content=\"DAS POLONARKO \u201eBASIC\u201c T-SHIRT IST AUS 100% BAUMWOLLE HERGESTELLT. JEDES T-SHIRT HAT SEINE EIGENE NUMMER UND IST IN DER ANZAHL LIMITIERT. DIE GRAMMATUR BETR\u00c4GT 240 G\/M\u00b2, WAS DAS GEF\u00dcHL VON HOHER QUALIT\u00c4T VERMITTELT. DAS MATERIAL WURDE MERCERISIERT, UM SEINE HALTBARKEIT ZU ERH\u00d6HEN. ES HANDELT SICH UM EINE SINGLE-JERSEY-BESTICKUNG. DAS T-SHIRT IST \u00dcBERGROSS, WAS ES SEHR BEQUEM UND ATMUNGSAKTIV MACHT. AUF DER VORDERSEITE DES T-SHIRTS BEFINDET SICH EINE DAUERHAFTE, DICKE STICKEREI MIT UNSEREM MARKENLOGO. DAS T-SHIRT HAT AUSSERDEM HYPOALLERGENE SILIKONETIKETTEN UND EINE VERSTECKTE TASCHE UNTER DEM WASCHREZEPT.\" \/>\n<meta property=\"og:url\" content=\"https:\/\/shop.polonarko.com\/de\/produkt\/polonarko-basic-schwarz-weiss\/\" \/>\n<meta property=\"og:site_name\" content=\"POLONARKO\" \/>\n<meta property=\"article:modified_time\" content=\"2024-10-09T11:51:12+00:00\" \/>\n<meta property=\"og:image\" content=\"https:\/\/shop.polonarko.com\/wp-content\/uploads\/2024\/09\/czarnabialy.jpg\" \/>\n\t<meta property=\"og:image:width\" content=\"1200\" \/>\n\t<meta property=\"og:image:height\" content=\"1200\" \/>\n\t<meta property=\"og:image:type\" content=\"image\/jpeg\" \/>\n<meta name=\"twitter:card\" content=\"summary_large_image\" \/>\n<script type=\"application\/ld+json\" class=\"yoast-schema-graph\">{\"@context\":\"https:\/\/schema.org\",\"@graph\":[{\"@type\":\"WebPage\",\"@id\":\"https:\/\/shop.polonarko.com\/de\/produkt\/polonarko-basic-schwarz-weiss\/\",\"url\":\"https:\/\/shop.polonarko.com\/de\/produkt\/polonarko-basic-schwarz-weiss\/\",\"name\":\"POLONARKO \u201eBASIC\u201c SCHWARZ-WEISS - POLONARKO\",\"isPartOf\":{\"@id\":\"https:\/\/shop.polonarko.com\/de\/#website\"},\"primaryImageOfPage\":{\"@id\":\"https:\/\/shop.polonarko.com\/de\/produkt\/polonarko-basic-schwarz-weiss\/#primaryimage\"},\"image\":{\"@id\":\"https:\/\/shop.polonarko.com\/de\/produkt\/polonarko-basic-schwarz-weiss\/#primaryimage\"},\"thumbnailUrl\":\"https:\/\/shop.polonarko.com\/wp-content\/uploads\/2025\/03\/Czarna-biale-logo.png\",\"datePublished\":\"2024-09-16T01:50:06+00:00\",\"dateModified\":\"2024-10-09T11:51:12+00:00\",\"breadcrumb\":{\"@id\":\"https:\/\/shop.polonarko.com\/de\/produkt\/polonarko-basic-schwarz-weiss\/#breadcrumb\"},\"inLanguage\":\"de\",\"potentialAction\":[{\"@type\":\"ReadAction\",\"target\":[\"https:\/\/shop.polonarko.com\/de\/produkt\/polonarko-basic-schwarz-weiss\/\"]}]},{\"@type\":\"ImageObject\",\"inLanguage\":\"de\",\"@id\":\"https:\/\/shop.polonarko.com\/de\/produkt\/polonarko-basic-schwarz-weiss\/#primaryimage\",\"url\":\"https:\/\/shop.polonarko.com\/wp-content\/uploads\/2025\/03\/Czarna-biale-logo.png\",\"contentUrl\":\"https:\/\/shop.polonarko.com\/wp-content\/uploads\/2025\/03\/Czarna-biale-logo.png\"},{\"@type\":\"BreadcrumbList\",\"@id\":\"https:\/\/shop.polonarko.com\/de\/produkt\/polonarko-basic-schwarz-weiss\/#breadcrumb\",\"itemListElement\":[{\"@type\":\"ListItem\",\"position\":1,\"name\":\"Strona g\u0142\u00f3wna\",\"item\":\"https:\/\/shop.polonarko.com\/de\/\"},{\"@type\":\"ListItem\",\"position\":2,\"name\":\"Sklep\",\"item\":\"https:\/\/shop.polonarko.com\/sklep\/\"},{\"@type\":\"ListItem\",\"position\":3,\"name\":\"POLONARKO \u201eBASIC\u201c SCHWARZ-WEISS\"}]},{\"@type\":\"WebSite\",\"@id\":\"https:\/\/shop.polonarko.com\/de\/#website\",\"url\":\"https:\/\/shop.polonarko.com\/de\/\",\"name\":\"POLONARKO\",\"description\":\"POLONARKO IST KLEIDUNG, KULTUR, REBELLION, MUSIK, GRAFFITI. POLONARKO IST FUDAMENT. GEHEN SIE AUF DIE WEBSITE UND MELDEN SIE SICH F\u00dcR DIE GEMEINSCHAFT AN. \",\"publisher\":{\"@id\":\"https:\/\/shop.polonarko.com\/de\/#organization\"},\"potentialAction\":[{\"@type\":\"SearchAction\",\"target\":{\"@type\":\"EntryPoint\",\"urlTemplate\":\"https:\/\/shop.polonarko.com\/de\/?s={search_term_string}\"},\"query-input\":{\"@type\":\"PropertyValueSpecification\",\"valueRequired\":true,\"valueName\":\"search_term_string\"}}],\"inLanguage\":\"de\"},{\"@type\":\"Organization\",\"@id\":\"https:\/\/shop.polonarko.com\/de\/#organization\",\"name\":\"POLONARKO\",\"url\":\"https:\/\/shop.polonarko.com\/de\/\",\"logo\":{\"@type\":\"ImageObject\",\"inLanguage\":\"de\",\"@id\":\"https:\/\/shop.polonarko.com\/de\/#\/schema\/logo\/image\/\",\"url\":\"https:\/\/shop.polonarko.com\/wp-content\/uploads\/2024\/08\/cropped-logo-e1726125761427.webp\",\"contentUrl\":\"https:\/\/shop.polonarko.com\/wp-content\/uploads\/2024\/08\/cropped-logo-e1726125761427.webp\",\"width\":512,\"height\":512,\"caption\":\"POLONARKO\"},\"image\":{\"@id\":\"https:\/\/shop.polonarko.com\/de\/#\/schema\/logo\/image\/\"},\"sameAs\":[\"https:\/\/www.instagram.com\/polonarkoclothing\/\",\"https:\/\/www.tiktok.com\/@polonarkoclothing\"]}]}<\/script>\n<!-- \/ Yoast SEO plugin. -->","yoast_head_json":{"title":"POLONARKO \u201eBASIC\u201c SCHWARZ-WEISS - POLONARKO","robots":{"index":"index","follow":"follow","max-snippet":"max-snippet:-1","max-image-preview":"max-image-preview:large","max-video-preview":"max-video-preview:-1"},"canonical":"https:\/\/shop.polonarko.com\/de\/produkt\/polonarko-basic-schwarz-weiss\/","og_locale":"de_DE","og_type":"article","og_title":"POLONARKO \u201eBASIC\u201c SCHWARZ-WEISS - POLONARKO","og_description":"DAS POLONARKO \u201eBASIC\u201c T-SHIRT IST AUS 100% BAUMWOLLE HERGESTELLT. JEDES T-SHIRT HAT SEINE EIGENE NUMMER UND IST IN DER ANZAHL LIMITIERT. DIE GRAMMATUR BETR\u00c4GT 240 G\/M\u00b2, WAS DAS GEF\u00dcHL VON HOHER QUALIT\u00c4T VERMITTELT. DAS MATERIAL WURDE MERCERISIERT, UM SEINE HALTBARKEIT ZU ERH\u00d6HEN. ES HANDELT SICH UM EINE SINGLE-JERSEY-BESTICKUNG. DAS T-SHIRT IST \u00dcBERGROSS, WAS ES SEHR BEQUEM UND ATMUNGSAKTIV MACHT. AUF DER VORDERSEITE DES T-SHIRTS BEFINDET SICH EINE DAUERHAFTE, DICKE STICKEREI MIT UNSEREM MARKENLOGO. DAS T-SHIRT HAT AUSSERDEM HYPOALLERGENE SILIKONETIKETTEN UND EINE VERSTECKTE TASCHE UNTER DEM WASCHREZEPT.","og_url":"https:\/\/shop.polonarko.com\/de\/produkt\/polonarko-basic-schwarz-weiss\/","og_site_name":"POLONARKO","article_modified_time":"2024-10-09T11:51:12+00:00","og_image":[{"width":1200,"height":1200,"url":"https:\/\/shop.polonarko.com\/wp-content\/uploads\/2024\/09\/czarnabialy.jpg","type":"image\/jpeg"}],"twitter_card":"summary_large_image","schema":{"@context":"https:\/\/schema.org","@graph":[{"@type":"WebPage","@id":"https:\/\/shop.polonarko.com\/de\/produkt\/polonarko-basic-schwarz-weiss\/","url":"https:\/\/shop.polonarko.com\/de\/produkt\/polonarko-basic-schwarz-weiss\/","name":"POLONARKO \u201eBASIC\u201c SCHWARZ-WEISS - POLONARKO","isPartOf":{"@id":"https:\/\/shop.polonarko.com\/de\/#website"},"primaryImageOfPage":{"@id":"https:\/\/shop.polonarko.com\/de\/produkt\/polonarko-basic-schwarz-weiss\/#primaryimage"},"image":{"@id":"https:\/\/shop.polonarko.com\/de\/produkt\/polonarko-basic-schwarz-weiss\/#primaryimage"},"thumbnailUrl":"https:\/\/shop.polonarko.com\/wp-content\/uploads\/2025\/03\/Czarna-biale-logo.png","datePublished":"2024-09-16T01:50:06+00:00","dateModified":"2024-10-09T11:51:12+00:00","breadcrumb":{"@id":"https:\/\/shop.polonarko.com\/de\/produkt\/polonarko-basic-schwarz-weiss\/#breadcrumb"},"inLanguage":"de","potentialAction":[{"@type":"ReadAction","target":["https:\/\/shop.polonarko.com\/de\/produkt\/polonarko-basic-schwarz-weiss\/"]}]},{"@type":"ImageObject","inLanguage":"de","@id":"https:\/\/shop.polonarko.com\/de\/produkt\/polonarko-basic-schwarz-weiss\/#primaryimage","url":"https:\/\/shop.polonarko.com\/wp-content\/uploads\/2025\/03\/Czarna-biale-logo.png","contentUrl":"https:\/\/shop.polonarko.com\/wp-content\/uploads\/2025\/03\/Czarna-biale-logo.png"},{"@type":"BreadcrumbList","@id":"https:\/\/shop.polonarko.com\/de\/produkt\/polonarko-basic-schwarz-weiss\/#breadcrumb","itemListElement":[{"@type":"ListItem","position":1,"name":"Strona g\u0142\u00f3wna","item":"https:\/\/shop.polonarko.com\/de\/"},{"@type":"ListItem","position":2,"name":"Sklep","item":"https:\/\/shop.polonarko.com\/sklep\/"},{"@type":"ListItem","position":3,"name":"POLONARKO \u201eBASIC\u201c SCHWARZ-WEISS"}]},{"@type":"WebSite","@id":"https:\/\/shop.polonarko.com\/de\/#website","url":"https:\/\/shop.polonarko.com\/de\/","name":"POLONARKO","description":"POLONARKO IST KLEIDUNG, KULTUR, REBELLION, MUSIK, GRAFFITI. POLONARKO IST FUDAMENT. GEHEN SIE AUF DIE WEBSITE UND MELDEN SIE SICH F\u00dcR DIE GEMEINSCHAFT AN. ","publisher":{"@id":"https:\/\/shop.polonarko.com\/de\/#organization"},"potentialAction":[{"@type":"SearchAction","target":{"@type":"EntryPoint","urlTemplate":"https:\/\/shop.polonarko.com\/de\/?s={search_term_string}"},"query-input":{"@type":"PropertyValueSpecification","valueRequired":true,"valueName":"search_term_string"}}],"inLanguage":"de"},{"@type":"Organization","@id":"https:\/\/shop.polonarko.com\/de\/#organization","name":"POLONARKO","url":"https:\/\/shop.polonarko.com\/de\/","logo":{"@type":"ImageObject","inLanguage":"de","@id":"https:\/\/shop.polonarko.com\/de\/#\/schema\/logo\/image\/","url":"https:\/\/shop.polonarko.com\/wp-content\/uploads\/2024\/08\/cropped-logo-e1726125761427.webp","contentUrl":"https:\/\/shop.polonarko.com\/wp-content\/uploads\/2024\/08\/cropped-logo-e1726125761427.webp","width":512,"height":512,"caption":"POLONARKO"},"image":{"@id":"https:\/\/shop.polonarko.com\/de\/#\/schema\/logo\/image\/"},"sameAs":["https:\/\/www.instagram.com\/polonarkoclothing\/","https:\/\/www.tiktok.com\/@polonarkoclothing"]}]}},"jetpack_sharing_enabled":true,"_links":{"self":[{"href":"https:\/\/shop.polonarko.com\/de\/wp-json\/wp\/v2\/product\/17492","targetHints":{"allow":["GET"]}}],"collection":[{"href":"https:\/\/shop.polonarko.com\/de\/wp-json\/wp\/v2\/product"}],"about":[{"href":"https:\/\/shop.polonarko.com\/de\/wp-json\/wp\/v2\/types\/product"}],"version-history":[{"count":1,"href":"https:\/\/shop.polonarko.com\/de\/wp-json\/wp\/v2\/product\/17492\/revisions"}],"predecessor-version":[{"id":17497,"href":"https:\/\/shop.polonarko.com\/de\/wp-json\/wp\/v2\/product\/17492\/revisions\/17497"}],"wp:featuredmedia":[{"embeddable":true,"href":"https:\/\/shop.polonarko.com\/de\/wp-json\/wp\/v2\/media\/18124"}],"wp:attachment":[{"href":"https:\/\/shop.polonarko.com\/de\/wp-json\/wp\/v2\/media?parent=17492"}],"wp:term":[{"taxonomy":"product_brand","embeddable":true,"href":"https:\/\/shop.polonarko.com\/de\/wp-json\/wp\/v2\/product_brand?post=17492"},{"taxonomy":"product_cat","embeddable":true,"href":"https:\/\/shop.polonarko.com\/de\/wp-json\/wp\/v2\/product_cat?post=17492"},{"taxonomy":"product_tag","embeddable":true,"href":"https:\/\/shop.polonarko.com\/de\/wp-json\/wp\/v2\/product_tag?post=17492"}],"curies":[{"name":"wp","href":"https:\/\/api.w.org\/{rel}","templated":true}]}}