{"id":17592,"date":"2021-10-12T16:27:24","date_gmt":"2021-10-12T14:27:24","guid":{"rendered":"https:\/\/shop.polonarko.com\/kontakt\/"},"modified":"2024-10-10T14:35:35","modified_gmt":"2024-10-10T12:35:35","slug":"kontakt","status":"publish","type":"page","link":"https:\/\/shop.polonarko.com\/de\/kontakt\/","title":{"rendered":"Kontakt"},"content":{"rendered":"\t\t<div data-elementor-type=\"wp-page\" data-elementor-id=\"17592\" class=\"elementor elementor-17592 elementor-4439\">\n\t\t\t\t\t\t<section class=\"elementor-section elementor-top-section elementor-element elementor-element-1c9344a2 elementor-section-boxed elementor-section-height-default elementor-section-height-default wd-section-disabled\" data-id=\"1c9344a2\" data-element_type=\"section\">\n\t\t\t\t\t\t<div class=\"elementor-container elementor-column-gap-default\">\n\t\t\t\t\t<div class=\"elementor-column elementor-col-50 elementor-top-column elementor-element elementor-element-a4e7846\" data-id=\"a4e7846\" data-element_type=\"column\">\n\t\t\t<div class=\"elementor-widget-wrap elementor-element-populated\">\n\t\t\t\t\t\t<div class=\"elementor-element elementor-element-779d5db5 elementor-widget elementor-widget-wd_title\" data-id=\"779d5db5\" data-element_type=\"widget\" data-widget_type=\"wd_title.default\">\n\t\t\t\t<div class=\"elementor-widget-container\">\n\t\t\t\t\t<div class=\"title-wrapper set-mb-s reset-last-child wd-title-color-default wd-title-style-default wd-title-size-default text-center\">\n\n\t\t\t\n\t\t\t<div class=\"liner-continer\">\n\t\t\t\t<h4 class=\"woodmart-title-container title wd-fontsize-l\">FAQ - FRAGEN UND ANTWORTEN<\/h4> \n\t\t\t\t\t\t\t<\/div>\n\n\t\t\t\t\t<\/div>\n\t\t\t\t<\/div>\n\t\t\t\t<\/div>\n\t\t\t\t<div class=\"elementor-element elementor-element-22ca346 elementor-widget__width-initial elementor-widget elementor-widget-wd_accordion\" data-id=\"22ca346\" data-element_type=\"widget\" data-widget_type=\"wd_accordion.default\">\n\t\t\t\t<div class=\"elementor-widget-container\">\n\t\t\t\n\t\t<div class=\"wd-accordion wd-style-default\" data-state=\"first\">\n\t\t\t\t\t\t\t\n\t\t\t\t<div class=\"wd-accordion-item\">\n\t\t\t\t\t<div class=\"wd-accordion-title wd-active text-left wd-opener-pos-right\" data-accordion-index=\"0\">\n\t\t\t\t\t\t<div class=\"wd-accordion-title-text\">\n\t\t\t\t\t\t\t\t\t\t\t\t\t\t<span>\n\t\t\t\t\t\t\t\tWIE SIEHT DAS ERSTATTUNGSVERFAHREN AUS?\t\t\t\t\t\t\t<\/span>\n\t\t\t\t\t\t<\/div>\n\t\t\t\t\t\t<span class=\"wd-accordion-opener wd-opener-style-arrow\"><\/span>\n\t\t\t\t\t<\/div>\n\n\t\t\t\t\t<div class=\"wd-accordion-content reset-last-child wd-active\" data-accordion-index=\"0\">\n\t\t\t\t\t\t\t\t\t\t\t\t\t\n\t\t\t\t\t\t\t<p>SIE K\u00d6NNEN INNERHALB VON 14 ARBEITSTAGEN NACH DEM KAUF DES PRODUKTS BEI UNS VOM VERTRAG ZUR\u00dcCKTRETEN. R\u00dcCKSENDUNGEN SOLLTEN NUR PER INPOST PAKETPOST AN PAKETPOST WRO297M GESCHICKT WERDEN. LEGEN SIE BITTE DAS R\u00dcCKSENDEFORMULAR DEM PAKET BEI.  <\/p>\n\t\t\t\t\t\t\t\t\t\t\t\t\t\t\t\t\t\t<\/div>\n\t\t\t\t<\/div>\n\t\t\t\t\t\t\t\n\t\t\t\t<div class=\"wd-accordion-item\">\n\t\t\t\t\t<div class=\"wd-accordion-title text-left wd-opener-pos-right\" data-accordion-index=\"1\">\n\t\t\t\t\t\t<div class=\"wd-accordion-title-text\">\n\t\t\t\t\t\t\t\t\t\t\t\t\t\t<span>\n\t\t\t\t\t\t\t\tWIE LANGE DAUERT DIE AMORTISATION?\t\t\t\t\t\t\t<\/span>\n\t\t\t\t\t\t<\/div>\n\t\t\t\t\t\t<span class=\"wd-accordion-opener wd-opener-style-arrow\"><\/span>\n\t\t\t\t\t<\/div>\n\n\t\t\t\t\t<div class=\"wd-accordion-content reset-last-child\" data-accordion-index=\"1\">\n\t\t\t\t\t\t\t\t\t\t\t\t\t\n\t\t\t\t\t\t\t<p>DIE ERSTATTUNG ERFOLGT INNERHALB VON 14 ARBEITSTAGEN.<\/p>\n\t\t\t\t\t\t\t\t\t\t\t\t\t\t\t\t\t\t<\/div>\n\t\t\t\t<\/div>\n\t\t\t\t\t\t\t\n\t\t\t\t<div class=\"wd-accordion-item\">\n\t\t\t\t\t<div class=\"wd-accordion-title text-left wd-opener-pos-right\" data-accordion-index=\"2\">\n\t\t\t\t\t\t<div class=\"wd-accordion-title-text\">\n\t\t\t\t\t\t\t\t\t\t\t\t\t\t<span>\n\t\t\t\t\t\t\t\tMIT WELCHEM KURIER SCHICKEN SIE DAS PAKET?\t\t\t\t\t\t\t<\/span>\n\t\t\t\t\t\t<\/div>\n\t\t\t\t\t\t<span class=\"wd-accordion-opener wd-opener-style-arrow\"><\/span>\n\t\t\t\t\t<\/div>\n\n\t\t\t\t\t<div class=\"wd-accordion-content reset-last-child\" data-accordion-index=\"2\">\n\t\t\t\t\t\t\t\t\t\t\t\t\t\n\t\t\t\t\t\t\t<p>WIR VERWENDEN NUR INPOST-KURIERE. WIR K\u00d6NNEN IHR PAKET ZU IHNEN NACH HAUSE ODER ZU EINEM PAKETAUTOMATEN IN DER N\u00c4HE LIEFERN. <\/p>\n\t\t\t\t\t\t\t\t\t\t\t\t\t\t\t\t\t\t<\/div>\n\t\t\t\t<\/div>\n\t\t\t\t\t\t\t\n\t\t\t\t<div class=\"wd-accordion-item\">\n\t\t\t\t\t<div class=\"wd-accordion-title text-left wd-opener-pos-right\" data-accordion-index=\"3\">\n\t\t\t\t\t\t<div class=\"wd-accordion-title-text\">\n\t\t\t\t\t\t\t\t\t\t\t\t\t\t<span>\n\t\t\t\t\t\t\t\tWIE LANGE DAUERT ES, EINE BESTELLUNG ABZUSCHLIESSEN?\t\t\t\t\t\t\t<\/span>\n\t\t\t\t\t\t<\/div>\n\t\t\t\t\t\t<span class=\"wd-accordion-opener wd-opener-style-arrow\"><\/span>\n\t\t\t\t\t<\/div>\n\n\t\t\t\t\t<div class=\"wd-accordion-content reset-last-child\" data-accordion-index=\"3\">\n\t\t\t\t\t\t\t\t\t\t\t\t\t\n\t\t\t\t\t\t\t<p>BESTELLUNGEN K\u00d6NNEN INNERHALB VON 14 ARBEITSTAGEN ZUGESTELLT WERDEN. IN DER PRAXIS SIND DIES 2-3 WERKTAGE. <\/p>\n\t\t\t\t\t\t\t\t\t\t\t\t\t\t\t\t\t\t<\/div>\n\t\t\t\t<\/div>\n\t\t\t\t\t\t\t\n\t\t\t\t<div class=\"wd-accordion-item\">\n\t\t\t\t\t<div class=\"wd-accordion-title text-left wd-opener-pos-right\" data-accordion-index=\"4\">\n\t\t\t\t\t\t<div class=\"wd-accordion-title-text\">\n\t\t\t\t\t\t\t\t\t\t\t\t\t\t<span>\n\t\t\t\t\t\t\t\tWIE SIEHT DAS BESCHWERDEVERFAHREN AUS?\t\t\t\t\t\t\t<\/span>\n\t\t\t\t\t\t<\/div>\n\t\t\t\t\t\t<span class=\"wd-accordion-opener wd-opener-style-arrow\"><\/span>\n\t\t\t\t\t<\/div>\n\n\t\t\t\t\t<div class=\"wd-accordion-content reset-last-child\" data-accordion-index=\"4\">\n\t\t\t\t\t\t\t\t\t\t\t\t\t\n\t\t\t\t\t\t\t<p>SIE K\u00d6NNEN SICH \u00dcBER EIN FEHLERHAFTES PRODUKT BEI UNSERER E-MAIL-ADRESSE <b>POLONARKOCLOTHING@GMAIL.COM<\/b> BESCHWEREN. WIR HABEN 14 TAGE ZEIT, DIE BESCHWERDE ZU PR\u00dcFEN. BESCHWERDEN M\u00dcSSEN AN DAS PAKET WRO297M GESENDET WERDEN.  &nbsp;<\/p>\n\t\t\t\t\t\t\t\t\t\t\t\t\t\t\t\t\t\t<\/div>\n\t\t\t\t<\/div>\n\t\t\t\t\t<\/div>\n\t\t\t\t<\/div>\n\t\t\t\t<\/div>\n\t\t\t\t\t<\/div>\n\t\t<\/div>\n\t\t\t\t<div class=\"elementor-column elementor-col-50 elementor-top-column elementor-element elementor-element-41bec3dc\" data-id=\"41bec3dc\" data-element_type=\"column\">\n\t\t\t<div class=\"elementor-widget-wrap elementor-element-populated\">\n\t\t\t\t\t\t<div class=\"elementor-element elementor-element-88ca337 elementor-widget elementor-widget-wd_title\" data-id=\"88ca337\" data-element_type=\"widget\" data-widget_type=\"wd_title.default\">\n\t\t\t\t<div class=\"elementor-widget-container\">\n\t\t\t\t\t<div class=\"title-wrapper set-mb-s reset-last-child wd-title-color-default wd-title-style-default wd-title-size-default text-center\">\n\n\t\t\t\n\t\t\t<div class=\"liner-continer\">\n\t\t\t\t<h4 class=\"woodmart-title-container title wd-fontsize-l\">KONTAKTFORMULAR<\/h4> \n\t\t\t\t\t\t\t<\/div>\n\n\t\t\t\t\t<\/div>\n\t\t\t\t<\/div>\n\t\t\t\t<\/div>\n\t\t\t\t<div class=\"elementor-element elementor-element-5ce0072f elementor-widget elementor-widget-wd_contact_form_7\" data-id=\"5ce0072f\" data-element_type=\"widget\" data-widget_type=\"wd_contact_form_7.default\">\n\t\t\t\t<div class=\"elementor-widget-container\">\n\t\t\t\n<div class=\"wpcf7 no-js\" id=\"wpcf7-f14-o1\" lang=\"pl-PL\" dir=\"ltr\" data-wpcf7-id=\"14\">\n<div class=\"screen-reader-response\"><p role=\"status\" aria-live=\"polite\" aria-atomic=\"true\"><\/p> <ul><\/ul><\/div>\n<form action=\"\/de\/wp-json\/wp\/v2\/pages\/17592#wpcf7-f14-o1\" method=\"post\" class=\"wpcf7-form init\" aria-label=\"Formularz kontaktowy\" novalidate=\"novalidate\" data-status=\"init\">\n<div style=\"display: none;\">\n<input type=\"hidden\" name=\"_wpcf7\" value=\"14\" \/>\n<input type=\"hidden\" name=\"_wpcf7_version\" value=\"6.0.1\" \/>\n<input type=\"hidden\" name=\"_wpcf7_locale\" value=\"pl_PL\" \/>\n<input type=\"hidden\" name=\"_wpcf7_unit_tag\" value=\"wpcf7-f14-o1\" \/>\n<input type=\"hidden\" name=\"_wpcf7_container_post\" value=\"0\" \/>\n<input type=\"hidden\" name=\"_wpcf7_posted_data_hash\" value=\"\" \/>\n<\/div>\n<p><label> Twoje imi\u0119 i nazwisko<br \/>\n<span class=\"wpcf7-form-control-wrap\" data-name=\"your-name\"><input size=\"40\" maxlength=\"400\" class=\"wpcf7-form-control wpcf7-text wpcf7-validates-as-required\" autocomplete=\"name\" aria-required=\"true\" aria-invalid=\"false\" value=\"\" type=\"text\" name=\"your-name\" \/><\/span> <\/label>\n<\/p>\n<p><label> Tw\u00f3j adres e-mail<br \/>\n<span class=\"wpcf7-form-control-wrap\" data-name=\"your-email\"><input size=\"40\" maxlength=\"400\" class=\"wpcf7-form-control wpcf7-email wpcf7-validates-as-required wpcf7-text wpcf7-validates-as-email\" autocomplete=\"email\" aria-required=\"true\" aria-invalid=\"false\" value=\"\" type=\"email\" name=\"your-email\" \/><\/span> <\/label>\n<\/p>\n<p><label> Temat<br \/>\n<span class=\"wpcf7-form-control-wrap\" data-name=\"your-subject\"><input size=\"40\" maxlength=\"400\" class=\"wpcf7-form-control wpcf7-text wpcf7-validates-as-required\" aria-required=\"true\" aria-invalid=\"false\" value=\"\" type=\"text\" name=\"your-subject\" \/><\/span> <\/label>\n<\/p>\n<p><label> Twoja wiadomo\u015bci (opcjonalne)<br \/>\n<span class=\"wpcf7-form-control-wrap\" data-name=\"your-message\"><textarea cols=\"40\" rows=\"10\" maxlength=\"2000\" class=\"wpcf7-form-control wpcf7-textarea\" aria-invalid=\"false\" name=\"your-message\"><\/textarea><\/span> <\/label>\n<\/p>\n<p><input class=\"wpcf7-form-control wpcf7-submit has-spinner\" type=\"submit\" value=\"Wy\u015blij\" \/>\n<\/p><div class=\"wpcf7-response-output\" aria-hidden=\"true\"><\/div>\n<\/form>\n<\/div>\n\t\t<\/div>\n\t\t\t\t<\/div>\n\t\t\t\t\t<\/div>\n\t\t<\/div>\n\t\t\t\t\t<\/div>\n\t\t<\/section>\n\t\t\t\t<\/div>\n\t\t","protected":false},"excerpt":{"rendered":"<p>FAQ &#8211; FRAGEN UND ANTWORTEN WIE SIEHT DAS ERSTATTUNGSVERFAHREN AUS? SIE K\u00d6NNEN INNERHALB VON 14 ARBEITSTAGEN NACH DEM KAUF DES<\/p>\n","protected":false},"author":1,"featured_media":0,"parent":0,"menu_order":0,"comment_status":"closed","ping_status":"closed","template":"","meta":{"footnotes":""},"class_list":["post-17592","page","type-page","status-publish","hentry"],"yoast_head":"<!-- This site is optimized with the Yoast SEO plugin v24.6 - https:\/\/yoast.com\/wordpress\/plugins\/seo\/ -->\n<title>Kontakt - POLONARKO<\/title>\n<meta name=\"robots\" content=\"index, follow, max-snippet:-1, max-image-preview:large, max-video-preview:-1\" \/>\n<link rel=\"canonical\" href=\"https:\/\/shop.polonarko.com\/de\/kontakt\/\" \/>\n<meta property=\"og:locale\" content=\"de_DE\" \/>\n<meta property=\"og:type\" content=\"article\" \/>\n<meta property=\"og:title\" content=\"Kontakt - POLONARKO\" \/>\n<meta property=\"og:description\" content=\"FAQ &#8211; FRAGEN UND ANTWORTEN WIE SIEHT DAS ERSTATTUNGSVERFAHREN AUS? SIE K\u00d6NNEN INNERHALB VON 14 ARBEITSTAGEN NACH DEM KAUF DES\" \/>\n<meta property=\"og:url\" content=\"https:\/\/shop.polonarko.com\/de\/kontakt\/\" \/>\n<meta property=\"og:site_name\" content=\"POLONARKO\" \/>\n<meta property=\"article:modified_time\" content=\"2024-10-10T12:35:35+00:00\" \/>\n<meta name=\"twitter:card\" content=\"summary_large_image\" \/>\n<meta name=\"twitter:label1\" content=\"Gesch\u00e4tzte Lesezeit\" \/>\n\t<meta name=\"twitter:data1\" content=\"1\u00a0Minute\" \/>\n<script type=\"application\/ld+json\" class=\"yoast-schema-graph\">{\"@context\":\"https:\/\/schema.org\",\"@graph\":[{\"@type\":\"WebPage\",\"@id\":\"https:\/\/shop.polonarko.com\/de\/kontakt\/\",\"url\":\"https:\/\/shop.polonarko.com\/de\/kontakt\/\",\"name\":\"Kontakt - POLONARKO\",\"isPartOf\":{\"@id\":\"https:\/\/shop.polonarko.com\/de\/#website\"},\"datePublished\":\"2021-10-12T14:27:24+00:00\",\"dateModified\":\"2024-10-10T12:35:35+00:00\",\"breadcrumb\":{\"@id\":\"https:\/\/shop.polonarko.com\/de\/kontakt\/#breadcrumb\"},\"inLanguage\":\"de\",\"potentialAction\":[{\"@type\":\"ReadAction\",\"target\":[\"https:\/\/shop.polonarko.com\/de\/kontakt\/\"]}]},{\"@type\":\"BreadcrumbList\",\"@id\":\"https:\/\/shop.polonarko.com\/de\/kontakt\/#breadcrumb\",\"itemListElement\":[{\"@type\":\"ListItem\",\"position\":1,\"name\":\"Strona g\u0142\u00f3wna\",\"item\":\"https:\/\/shop.polonarko.com\/de\/\"},{\"@type\":\"ListItem\",\"position\":2,\"name\":\"Kontakt\"}]},{\"@type\":\"WebSite\",\"@id\":\"https:\/\/shop.polonarko.com\/de\/#website\",\"url\":\"https:\/\/shop.polonarko.com\/de\/\",\"name\":\"POLONARKO\",\"description\":\"POLONARKO IST KLEIDUNG, KULTUR, REBELLION, MUSIK, GRAFFITI. POLONARKO IST FUDAMENT. GEHEN SIE AUF DIE WEBSITE UND MELDEN SIE SICH F\u00dcR DIE GEMEINSCHAFT AN. \",\"publisher\":{\"@id\":\"https:\/\/shop.polonarko.com\/de\/#organization\"},\"potentialAction\":[{\"@type\":\"SearchAction\",\"target\":{\"@type\":\"EntryPoint\",\"urlTemplate\":\"https:\/\/shop.polonarko.com\/de\/?s={search_term_string}\"},\"query-input\":{\"@type\":\"PropertyValueSpecification\",\"valueRequired\":true,\"valueName\":\"search_term_string\"}}],\"inLanguage\":\"de\"},{\"@type\":\"Organization\",\"@id\":\"https:\/\/shop.polonarko.com\/de\/#organization\",\"name\":\"POLONARKO\",\"url\":\"https:\/\/shop.polonarko.com\/de\/\",\"logo\":{\"@type\":\"ImageObject\",\"inLanguage\":\"de\",\"@id\":\"https:\/\/shop.polonarko.com\/de\/#\/schema\/logo\/image\/\",\"url\":\"https:\/\/shop.polonarko.com\/wp-content\/uploads\/2024\/08\/cropped-logo-e1726125761427.webp\",\"contentUrl\":\"https:\/\/shop.polonarko.com\/wp-content\/uploads\/2024\/08\/cropped-logo-e1726125761427.webp\",\"width\":512,\"height\":512,\"caption\":\"POLONARKO\"},\"image\":{\"@id\":\"https:\/\/shop.polonarko.com\/de\/#\/schema\/logo\/image\/\"},\"sameAs\":[\"https:\/\/www.instagram.com\/polonarkoclothing\/\",\"https:\/\/www.tiktok.com\/@polonarkoclothing\"]}]}<\/script>\n<!-- \/ Yoast SEO plugin. -->","yoast_head_json":{"title":"Kontakt - POLONARKO","robots":{"index":"index","follow":"follow","max-snippet":"max-snippet:-1","max-image-preview":"max-image-preview:large","max-video-preview":"max-video-preview:-1"},"canonical":"https:\/\/shop.polonarko.com\/de\/kontakt\/","og_locale":"de_DE","og_type":"article","og_title":"Kontakt - POLONARKO","og_description":"FAQ &#8211; FRAGEN UND ANTWORTEN WIE SIEHT DAS ERSTATTUNGSVERFAHREN AUS? SIE K\u00d6NNEN INNERHALB VON 14 ARBEITSTAGEN NACH DEM KAUF DES","og_url":"https:\/\/shop.polonarko.com\/de\/kontakt\/","og_site_name":"POLONARKO","article_modified_time":"2024-10-10T12:35:35+00:00","twitter_card":"summary_large_image","twitter_misc":{"Gesch\u00e4tzte Lesezeit":"1\u00a0Minute"},"schema":{"@context":"https:\/\/schema.org","@graph":[{"@type":"WebPage","@id":"https:\/\/shop.polonarko.com\/de\/kontakt\/","url":"https:\/\/shop.polonarko.com\/de\/kontakt\/","name":"Kontakt - POLONARKO","isPartOf":{"@id":"https:\/\/shop.polonarko.com\/de\/#website"},"datePublished":"2021-10-12T14:27:24+00:00","dateModified":"2024-10-10T12:35:35+00:00","breadcrumb":{"@id":"https:\/\/shop.polonarko.com\/de\/kontakt\/#breadcrumb"},"inLanguage":"de","potentialAction":[{"@type":"ReadAction","target":["https:\/\/shop.polonarko.com\/de\/kontakt\/"]}]},{"@type":"BreadcrumbList","@id":"https:\/\/shop.polonarko.com\/de\/kontakt\/#breadcrumb","itemListElement":[{"@type":"ListItem","position":1,"name":"Strona g\u0142\u00f3wna","item":"https:\/\/shop.polonarko.com\/de\/"},{"@type":"ListItem","position":2,"name":"Kontakt"}]},{"@type":"WebSite","@id":"https:\/\/shop.polonarko.com\/de\/#website","url":"https:\/\/shop.polonarko.com\/de\/","name":"POLONARKO","description":"POLONARKO IST KLEIDUNG, KULTUR, REBELLION, MUSIK, GRAFFITI. POLONARKO IST FUDAMENT. GEHEN SIE AUF DIE WEBSITE UND MELDEN SIE SICH F\u00dcR DIE GEMEINSCHAFT AN. ","publisher":{"@id":"https:\/\/shop.polonarko.com\/de\/#organization"},"potentialAction":[{"@type":"SearchAction","target":{"@type":"EntryPoint","urlTemplate":"https:\/\/shop.polonarko.com\/de\/?s={search_term_string}"},"query-input":{"@type":"PropertyValueSpecification","valueRequired":true,"valueName":"search_term_string"}}],"inLanguage":"de"},{"@type":"Organization","@id":"https:\/\/shop.polonarko.com\/de\/#organization","name":"POLONARKO","url":"https:\/\/shop.polonarko.com\/de\/","logo":{"@type":"ImageObject","inLanguage":"de","@id":"https:\/\/shop.polonarko.com\/de\/#\/schema\/logo\/image\/","url":"https:\/\/shop.polonarko.com\/wp-content\/uploads\/2024\/08\/cropped-logo-e1726125761427.webp","contentUrl":"https:\/\/shop.polonarko.com\/wp-content\/uploads\/2024\/08\/cropped-logo-e1726125761427.webp","width":512,"height":512,"caption":"POLONARKO"},"image":{"@id":"https:\/\/shop.polonarko.com\/de\/#\/schema\/logo\/image\/"},"sameAs":["https:\/\/www.instagram.com\/polonarkoclothing\/","https:\/\/www.tiktok.com\/@polonarkoclothing"]}]}},"jetpack_sharing_enabled":true,"_links":{"self":[{"href":"https:\/\/shop.polonarko.com\/de\/wp-json\/wp\/v2\/pages\/17592","targetHints":{"allow":["GET"]}}],"collection":[{"href":"https:\/\/shop.polonarko.com\/de\/wp-json\/wp\/v2\/pages"}],"about":[{"href":"https:\/\/shop.polonarko.com\/de\/wp-json\/wp\/v2\/types\/page"}],"author":[{"embeddable":true,"href":"https:\/\/shop.polonarko.com\/de\/wp-json\/wp\/v2\/users\/1"}],"replies":[{"embeddable":true,"href":"https:\/\/shop.polonarko.com\/de\/wp-json\/wp\/v2\/comments?post=17592"}],"version-history":[{"count":1,"href":"https:\/\/shop.polonarko.com\/de\/wp-json\/wp\/v2\/pages\/17592\/revisions"}],"predecessor-version":[{"id":17593,"href":"https:\/\/shop.polonarko.com\/de\/wp-json\/wp\/v2\/pages\/17592\/revisions\/17593"}],"wp:attachment":[{"href":"https:\/\/shop.polonarko.com\/de\/wp-json\/wp\/v2\/media?parent=17592"}],"curies":[{"name":"wp","href":"https:\/\/api.w.org\/{rel}","templated":true}]}}