{"id":17556,"date":"2024-09-21T13:27:37","date_gmt":"2024-09-21T11:27:37","guid":{"rendered":"https:\/\/shop.polonarko.com\/ruecktrittsformular\/"},"modified":"2024-10-09T15:20:30","modified_gmt":"2024-10-09T13:20:30","slug":"ruecktrittsformular","status":"publish","type":"page","link":"https:\/\/shop.polonarko.com\/de\/ruecktrittsformular\/","title":{"rendered":"R\u00dcCKTRITTSFORMULAR"},"content":{"rendered":"\t\t<div data-elementor-type=\"wp-page\" data-elementor-id=\"17556\" class=\"elementor elementor-17556 elementor-13\">\n\t\t\t\t<div class=\"elementor-element elementor-element-a123270 e-flex e-con-boxed wd-section-disabled e-con e-parent\" data-id=\"a123270\" data-element_type=\"container\">\n\t\t\t\t\t<div class=\"e-con-inner\">\n\t\t\t\t<div class=\"elementor-element elementor-element-3f3caf0 elementor-widget elementor-widget-wd_title\" data-id=\"3f3caf0\" data-element_type=\"widget\" data-widget_type=\"wd_title.default\">\n\t\t\t\t<div class=\"elementor-widget-container\">\n\t\t\t\t\t<div class=\"title-wrapper set-mb-s reset-last-child wd-title-color-default wd-title-style-default wd-title-size-default text-center\">\n\n\t\t\t\n\t\t\t<div class=\"liner-continer\">\n\t\t\t\t<h4 class=\"woodmart-title-container title wd-fontsize-l\">R\u00dcCKTRITTSFORMULAR<\/h4> \n\t\t\t\t\t\t\t<\/div>\n\n\t\t\t\t\t<\/div>\n\t\t\t\t<\/div>\n\t\t\t\t<\/div>\n\t\t\t\t<div class=\"elementor-element elementor-element-74c81b55 text-center color-scheme-inherit elementor-widget elementor-widget-text-editor\" data-id=\"74c81b55\" data-element_type=\"widget\" data-widget_type=\"text-editor.default\">\n\t\t\t\t<div class=\"elementor-widget-container\">\n\t\t\t\t\t\t\t<p><strong>1. DAS WIDERRUFSRECHT<\/strong><\/p>\n<p>Sie haben das Recht, innerhalb von 14 Tagen nach Erhalt der Ware ohne Angabe von Gr\u00fcnden vom Vertrag zur\u00fcckzutreten. Bitte beachten Sie, dass das Produkt keine Gebrauchsspuren aufweisen darf, die Verpackung und das Produkt m\u00fcssen vollst\u00e4ndig sein und d\u00fcrfen keine Gebrauchsspuren aufweisen. Die Etiketten m\u00fcssen an ihrem Platz bleiben. Sie k\u00f6nnen das Produkt mit dem R\u00fccksendeformular zur\u00fccksenden, das auf dieser Seite beigef\u00fcgt ist. Die Versandkosten f\u00fcr die R\u00fccksendung sind von Ihnen zu tragen.    <\/p>\n<p><strong>2. WERBUNG<\/strong><\/p>\n<p>Sie k\u00f6nnen das Produkt per E-Mail reklamieren: <strong>polonarkoclothing@gmail.com<\/strong> oder per Post an die folgende Adresse: <strong>Powsta\u0144c\u00f3w \u015al\u0105skich 116\/56, 53-333 Wroc\u0142aw.<\/strong> Wir empfehlen Ihnen, sich \u00fcber das Kontaktformular oder per E-Mail mit uns in Verbindung zu setzen.<\/p>\n<p>Die Beschwerdemeldung sollte Folgendes enthalten:<\/p>\n<ol>\n<li>Name<\/li>\n<li>Anschrift f\u00fcr den Schriftverkehr<\/li>\n<li>E-Mail Adresse<\/li>\n<li>Art der beanspruchten Waren<\/li>\n<li>Genaue Beschreibung des Fehlers, Datum der Feststellung und Fotos<\/li>\n<li>Datum des Kaufs der Waren<\/li>\n<li>Kundenwunsch<\/li>\n<li>Art und Weise, wie der Kunde \u00fcber die Bearbeitung der Beschwerde informiert wird (E-Mail\/traditionelle Post\/SMS)<\/li>\n<\/ol>\n<p><strong>3. R\u00dcCKSENDUNG<\/strong><\/p>\n<p>Die R\u00fccksendung sollte per Kurier an die Adresse Kokosowa 13\/1, 53-333 Wroc\u0142aw oder direkt an Paczkomaty InPost &#8211; WRO297M in der Wojanowska Stra\u00dfe 5, Wroc\u0142aw erfolgen. Die Kosten f\u00fcr die R\u00fccksendung sind vom Kunden zu tragen.  <\/p>\n<p><strong>4. R\u00dcCKGABE VON MITTELN<\/strong><\/p>\n<p>Sobald die Beschwerde oder der Widerruf erfolgreich war, wird das Geld innerhalb von 14 Werktagen zur\u00fcckerstattet. Die Erstattung erfolgt durch den Betreiber des Zahlungsportals, das der Kunde beim Kauf des Produkts verwendet hat. <\/p>\n\t\t\t\t\t\t<\/div>\n\t\t\t\t<\/div>\n\t\t\t\t\t<\/div>\n\t\t\t\t<\/div>\n\t\t<div class=\"elementor-element elementor-element-96ffe70 e-flex e-con-boxed wd-section-disabled e-con e-parent\" data-id=\"96ffe70\" data-element_type=\"container\">\n\t\t\t\t\t<div class=\"e-con-inner\">\n\t\t\t\t<div class=\"elementor-element elementor-element-116569f elementor-widget elementor-widget-wd_title\" data-id=\"116569f\" data-element_type=\"widget\" data-widget_type=\"wd_title.default\">\n\t\t\t\t<div class=\"elementor-widget-container\">\n\t\t\t\t\t<div class=\"title-wrapper set-mb-s reset-last-child wd-title-color-default wd-title-style-default wd-title-size-default text-left\">\n\n\t\t\t\n\t\t\t<div class=\"liner-continer\">\n\t\t\t\t<h4 class=\"woodmart-title-container title wd-fontsize-l\">DOWNLOADS<\/h4> \n\t\t\t\t\t\t\t<\/div>\n\n\t\t\t\t\t<\/div>\n\t\t\t\t<\/div>\n\t\t\t\t<\/div>\n\t\t\t\t\t<\/div>\n\t\t\t\t<\/div>\n\t\t<div class=\"elementor-element elementor-element-1d9efbc e-flex e-con-boxed wd-section-disabled e-con e-parent\" data-id=\"1d9efbc\" data-element_type=\"container\">\n\t\t\t\t\t<div class=\"e-con-inner\">\n\t\t\t\t<div class=\"elementor-element elementor-element-3f0ae77 elementor-widget elementor-widget-wd_button\" data-id=\"3f0ae77\" data-element_type=\"widget\" data-widget_type=\"wd_button.default\">\n\t\t\t\t<div class=\"elementor-widget-container\">\n\t\t\t\t\t<div class=\"wd-button-wrapper text-left\" >\n\t\t\t<a class=\"btn btn-style-3d btn-style-rectangle btn-size-default btn-color-black btn-icon-pos-right\"  href=\"https:\/\/shop.polonarko.com\/download\/16174\/?tmstv=1728386307\">\n\t\t\t\t<span class=\"wd-btn-text\" data-elementor-setting-key=\"text\">\n\t\t\t\t\tR\u00dcCKTRITTSFORMULAR\t\t\t\t<\/span>\n\n\t\t\t\t\t\t\t<\/a>\n\t\t<\/div>\n\t\t\t\t<\/div>\n\t\t\t\t<\/div>\n\t\t\t\t\t<\/div>\n\t\t\t\t<\/div>\n\t\t\t\t<\/div>\n\t\t","protected":false},"excerpt":{"rendered":"<p>R\u00dcCKTRITTSFORMULAR 1. DAS WIDERRUFSRECHT Sie haben das Recht, innerhalb von 14 Tagen nach Erhalt der Ware ohne Angabe von Gr\u00fcnden<\/p>\n","protected":false},"author":1,"featured_media":0,"parent":0,"menu_order":0,"comment_status":"closed","ping_status":"closed","template":"","meta":{"footnotes":""},"class_list":["post-17556","page","type-page","status-publish","hentry"],"yoast_head":"<!-- This site is optimized with the Yoast SEO plugin v24.6 - https:\/\/yoast.com\/wordpress\/plugins\/seo\/ -->\n<title>R\u00dcCKTRITTSFORMULAR - POLONARKO<\/title>\n<meta name=\"robots\" content=\"index, follow, max-snippet:-1, max-image-preview:large, max-video-preview:-1\" \/>\n<link rel=\"canonical\" href=\"https:\/\/shop.polonarko.com\/de\/ruecktrittsformular\/\" \/>\n<meta property=\"og:locale\" content=\"de_DE\" \/>\n<meta property=\"og:type\" content=\"article\" \/>\n<meta property=\"og:title\" content=\"R\u00dcCKTRITTSFORMULAR - POLONARKO\" \/>\n<meta property=\"og:description\" content=\"R\u00dcCKTRITTSFORMULAR 1. DAS WIDERRUFSRECHT Sie haben das Recht, innerhalb von 14 Tagen nach Erhalt der Ware ohne Angabe von Gr\u00fcnden\" \/>\n<meta property=\"og:url\" content=\"https:\/\/shop.polonarko.com\/de\/ruecktrittsformular\/\" \/>\n<meta property=\"og:site_name\" content=\"POLONARKO\" \/>\n<meta property=\"article:modified_time\" content=\"2024-10-09T13:20:30+00:00\" \/>\n<meta name=\"twitter:card\" content=\"summary_large_image\" \/>\n<meta name=\"twitter:label1\" content=\"Gesch\u00e4tzte Lesezeit\" \/>\n\t<meta name=\"twitter:data1\" content=\"1\u00a0Minute\" \/>\n<script type=\"application\/ld+json\" class=\"yoast-schema-graph\">{\"@context\":\"https:\/\/schema.org\",\"@graph\":[{\"@type\":\"WebPage\",\"@id\":\"https:\/\/shop.polonarko.com\/de\/ruecktrittsformular\/\",\"url\":\"https:\/\/shop.polonarko.com\/de\/ruecktrittsformular\/\",\"name\":\"R\u00dcCKTRITTSFORMULAR - POLONARKO\",\"isPartOf\":{\"@id\":\"https:\/\/shop.polonarko.com\/de\/#website\"},\"datePublished\":\"2024-09-21T11:27:37+00:00\",\"dateModified\":\"2024-10-09T13:20:30+00:00\",\"breadcrumb\":{\"@id\":\"https:\/\/shop.polonarko.com\/de\/ruecktrittsformular\/#breadcrumb\"},\"inLanguage\":\"de\",\"potentialAction\":[{\"@type\":\"ReadAction\",\"target\":[\"https:\/\/shop.polonarko.com\/de\/ruecktrittsformular\/\"]}]},{\"@type\":\"BreadcrumbList\",\"@id\":\"https:\/\/shop.polonarko.com\/de\/ruecktrittsformular\/#breadcrumb\",\"itemListElement\":[{\"@type\":\"ListItem\",\"position\":1,\"name\":\"Strona g\u0142\u00f3wna\",\"item\":\"https:\/\/shop.polonarko.com\/de\/\"},{\"@type\":\"ListItem\",\"position\":2,\"name\":\"R\u00dcCKTRITTSFORMULAR\"}]},{\"@type\":\"WebSite\",\"@id\":\"https:\/\/shop.polonarko.com\/de\/#website\",\"url\":\"https:\/\/shop.polonarko.com\/de\/\",\"name\":\"POLONARKO\",\"description\":\"POLONARKO IST KLEIDUNG, KULTUR, REBELLION, MUSIK, GRAFFITI. POLONARKO IST FUDAMENT. GEHEN SIE AUF DIE WEBSITE UND MELDEN SIE SICH F\u00dcR DIE GEMEINSCHAFT AN. \",\"publisher\":{\"@id\":\"https:\/\/shop.polonarko.com\/de\/#organization\"},\"potentialAction\":[{\"@type\":\"SearchAction\",\"target\":{\"@type\":\"EntryPoint\",\"urlTemplate\":\"https:\/\/shop.polonarko.com\/de\/?s={search_term_string}\"},\"query-input\":{\"@type\":\"PropertyValueSpecification\",\"valueRequired\":true,\"valueName\":\"search_term_string\"}}],\"inLanguage\":\"de\"},{\"@type\":\"Organization\",\"@id\":\"https:\/\/shop.polonarko.com\/de\/#organization\",\"name\":\"POLONARKO\",\"url\":\"https:\/\/shop.polonarko.com\/de\/\",\"logo\":{\"@type\":\"ImageObject\",\"inLanguage\":\"de\",\"@id\":\"https:\/\/shop.polonarko.com\/de\/#\/schema\/logo\/image\/\",\"url\":\"https:\/\/shop.polonarko.com\/wp-content\/uploads\/2024\/08\/cropped-logo-e1726125761427.webp\",\"contentUrl\":\"https:\/\/shop.polonarko.com\/wp-content\/uploads\/2024\/08\/cropped-logo-e1726125761427.webp\",\"width\":512,\"height\":512,\"caption\":\"POLONARKO\"},\"image\":{\"@id\":\"https:\/\/shop.polonarko.com\/de\/#\/schema\/logo\/image\/\"},\"sameAs\":[\"https:\/\/www.instagram.com\/polonarkoclothing\/\",\"https:\/\/www.tiktok.com\/@polonarkoclothing\"]}]}<\/script>\n<!-- \/ Yoast SEO plugin. -->","yoast_head_json":{"title":"R\u00dcCKTRITTSFORMULAR - POLONARKO","robots":{"index":"index","follow":"follow","max-snippet":"max-snippet:-1","max-image-preview":"max-image-preview:large","max-video-preview":"max-video-preview:-1"},"canonical":"https:\/\/shop.polonarko.com\/de\/ruecktrittsformular\/","og_locale":"de_DE","og_type":"article","og_title":"R\u00dcCKTRITTSFORMULAR - POLONARKO","og_description":"R\u00dcCKTRITTSFORMULAR 1. DAS WIDERRUFSRECHT Sie haben das Recht, innerhalb von 14 Tagen nach Erhalt der Ware ohne Angabe von Gr\u00fcnden","og_url":"https:\/\/shop.polonarko.com\/de\/ruecktrittsformular\/","og_site_name":"POLONARKO","article_modified_time":"2024-10-09T13:20:30+00:00","twitter_card":"summary_large_image","twitter_misc":{"Gesch\u00e4tzte Lesezeit":"1\u00a0Minute"},"schema":{"@context":"https:\/\/schema.org","@graph":[{"@type":"WebPage","@id":"https:\/\/shop.polonarko.com\/de\/ruecktrittsformular\/","url":"https:\/\/shop.polonarko.com\/de\/ruecktrittsformular\/","name":"R\u00dcCKTRITTSFORMULAR - POLONARKO","isPartOf":{"@id":"https:\/\/shop.polonarko.com\/de\/#website"},"datePublished":"2024-09-21T11:27:37+00:00","dateModified":"2024-10-09T13:20:30+00:00","breadcrumb":{"@id":"https:\/\/shop.polonarko.com\/de\/ruecktrittsformular\/#breadcrumb"},"inLanguage":"de","potentialAction":[{"@type":"ReadAction","target":["https:\/\/shop.polonarko.com\/de\/ruecktrittsformular\/"]}]},{"@type":"BreadcrumbList","@id":"https:\/\/shop.polonarko.com\/de\/ruecktrittsformular\/#breadcrumb","itemListElement":[{"@type":"ListItem","position":1,"name":"Strona g\u0142\u00f3wna","item":"https:\/\/shop.polonarko.com\/de\/"},{"@type":"ListItem","position":2,"name":"R\u00dcCKTRITTSFORMULAR"}]},{"@type":"WebSite","@id":"https:\/\/shop.polonarko.com\/de\/#website","url":"https:\/\/shop.polonarko.com\/de\/","name":"POLONARKO","description":"POLONARKO IST KLEIDUNG, KULTUR, REBELLION, MUSIK, GRAFFITI. POLONARKO IST FUDAMENT. GEHEN SIE AUF DIE WEBSITE UND MELDEN SIE SICH F\u00dcR DIE GEMEINSCHAFT AN. ","publisher":{"@id":"https:\/\/shop.polonarko.com\/de\/#organization"},"potentialAction":[{"@type":"SearchAction","target":{"@type":"EntryPoint","urlTemplate":"https:\/\/shop.polonarko.com\/de\/?s={search_term_string}"},"query-input":{"@type":"PropertyValueSpecification","valueRequired":true,"valueName":"search_term_string"}}],"inLanguage":"de"},{"@type":"Organization","@id":"https:\/\/shop.polonarko.com\/de\/#organization","name":"POLONARKO","url":"https:\/\/shop.polonarko.com\/de\/","logo":{"@type":"ImageObject","inLanguage":"de","@id":"https:\/\/shop.polonarko.com\/de\/#\/schema\/logo\/image\/","url":"https:\/\/shop.polonarko.com\/wp-content\/uploads\/2024\/08\/cropped-logo-e1726125761427.webp","contentUrl":"https:\/\/shop.polonarko.com\/wp-content\/uploads\/2024\/08\/cropped-logo-e1726125761427.webp","width":512,"height":512,"caption":"POLONARKO"},"image":{"@id":"https:\/\/shop.polonarko.com\/de\/#\/schema\/logo\/image\/"},"sameAs":["https:\/\/www.instagram.com\/polonarkoclothing\/","https:\/\/www.tiktok.com\/@polonarkoclothing"]}]}},"jetpack_sharing_enabled":true,"_links":{"self":[{"href":"https:\/\/shop.polonarko.com\/de\/wp-json\/wp\/v2\/pages\/17556","targetHints":{"allow":["GET"]}}],"collection":[{"href":"https:\/\/shop.polonarko.com\/de\/wp-json\/wp\/v2\/pages"}],"about":[{"href":"https:\/\/shop.polonarko.com\/de\/wp-json\/wp\/v2\/types\/page"}],"author":[{"embeddable":true,"href":"https:\/\/shop.polonarko.com\/de\/wp-json\/wp\/v2\/users\/1"}],"replies":[{"embeddable":true,"href":"https:\/\/shop.polonarko.com\/de\/wp-json\/wp\/v2\/comments?post=17556"}],"version-history":[{"count":1,"href":"https:\/\/shop.polonarko.com\/de\/wp-json\/wp\/v2\/pages\/17556\/revisions"}],"predecessor-version":[{"id":17557,"href":"https:\/\/shop.polonarko.com\/de\/wp-json\/wp\/v2\/pages\/17556\/revisions\/17557"}],"wp:attachment":[{"href":"https:\/\/shop.polonarko.com\/de\/wp-json\/wp\/v2\/media?parent=17556"}],"curies":[{"name":"wp","href":"https:\/\/api.w.org\/{rel}","templated":true}]}}