{"id":17548,"date":"2024-08-29T20:07:43","date_gmt":"2024-08-29T18:07:43","guid":{"rendered":"https:\/\/shop.polonarko.com\/datenschutzpolitik\/"},"modified":"2024-10-09T14:31:49","modified_gmt":"2024-10-09T12:31:49","slug":"datenschutzpolitik","status":"publish","type":"page","link":"https:\/\/shop.polonarko.com\/de\/datenschutzpolitik\/","title":{"rendered":"DATENSCHUTZPOLITIK"},"content":{"rendered":"\t\t<div data-elementor-type=\"wp-page\" data-elementor-id=\"17548\" class=\"elementor elementor-17548 elementor-3\">\n\t\t\t\t<div class=\"elementor-element elementor-element-21156297 e-flex e-con-boxed wd-section-disabled e-con e-parent\" data-id=\"21156297\" data-element_type=\"container\">\n\t\t\t\t\t<div class=\"e-con-inner\">\n\t\t\t\t<div class=\"elementor-element elementor-element-5890fe4 elementor-widget elementor-widget-wd_title\" data-id=\"5890fe4\" data-element_type=\"widget\" data-widget_type=\"wd_title.default\">\n\t\t\t\t<div class=\"elementor-widget-container\">\n\t\t\t\t\t<div class=\"title-wrapper set-mb-s reset-last-child wd-title-color-default wd-title-style-default wd-title-size-default text-center\">\n\n\t\t\t\n\t\t\t<div class=\"liner-continer\">\n\t\t\t\t<h4 class=\"woodmart-title-container title wd-fontsize-l\">DATENSCHUTZPOLITIK<\/h4> \n\t\t\t\t\t\t\t<\/div>\n\n\t\t\t\t\t<\/div>\n\t\t\t\t<\/div>\n\t\t\t\t<\/div>\n\t\t\t\t<div class=\"elementor-element elementor-element-a88e6ef elementor-widget elementor-widget-wd_text_block\" data-id=\"a88e6ef\" data-element_type=\"widget\" data-widget_type=\"wd_text_block.default\">\n\t\t\t\t<div class=\"elementor-widget-container\">\n\t\t\t\t\t<div class=\"wd-text-block reset-last-child text-left\">\n\t\t\t\n\t\t\t<p class=\"MsoNormal\"><strong><span lang=\"PL\">1. ALLGEMEINE INFORMATIONEN<\/span><\/strong><\/p>\n<p class=\"MsoNormal\"><span lang=\"PL\">Diese Richtlinie gilt f\u00fcr die Website, die unter der folgenden URL betrieben wird: shop.polonarko.com<\/span><\/p>\n<p class=\"MsoNormal\"><span lang=\"PL\">Der Betreiber des Dienstes und Verwalter der personenbezogenen Daten ist: <strong>NGBRANDING Nikodem Wierchlewski Powsta\u0144c\u00f3w \u015al\u0105skich 116\/56, 53-333 Wroc\u0142aw, NIP: 8993002651,<\/strong> <\/span><span lang=\"PL\"><strong>REGON: 529527901.<\/strong><\/span><\/p>\n<p class=\"MsoNormal\"><span lang=\"PL\">E-Mail-Kontaktadresse des Betreibers: <strong>polonarkoclothing@gmail.com<\/strong><\/span><\/p>\n<p class=\"MsoNormal\"><span lang=\"PL\">Der Betreiber ist der Verwalter Ihrer pers\u00f6nlichen Daten in Bezug auf die Daten, die Sie freiwillig auf der Website angeben.<\/span><\/p>\n<p class=\"MsoNormal\"><span lang=\"PL\">Der Dienst verwendet personenbezogene Daten f\u00fcr die folgenden Zwecke:<\/span><\/p>\n<ul>\n<li class=\"MsoNormal\">Marketing-Ziele<\/li>\n<li class=\"MsoNormal\"><span lang=\"PL\">Bearbeitung von Anfragen \u00fcber das Formular<\/span><\/li>\n<li class=\"MsoNormal\"><span lang=\"PL\">Vorbereitung, Verpackung, Versand von Waren<\/span><\/li>\n<li class=\"MsoNormal\"><span lang=\"PL\">Erbringung der gew\u00fcnschten Dienstleistungen<\/span><\/li>\n<li class=\"MsoNormal\"><span lang=\"PL\">Forderungseinzug<\/span><\/li>\n<li class=\"MsoNormal\"><span lang=\"PL\">Pr\u00e4sentation eines Angebots oder einer Information<\/span><\/li>\n<\/ul>\n<p class=\"MsoNormal\"><span lang=\"PL\">Der Dienst f\u00fchrt Funktionen aus, um Informationen \u00fcber die Nutzer und ihr Verhalten auf folgende Weise zu erhalten:<\/span><\/p>\n<ul>\n<li><span lang=\"PL\">Durch die freiwillig in die Formulare eingegebenen Daten, die in die Systeme des Betreibers eingegeben werden<br><\/span><\/li>\n<li><span lang=\"PL\">Durch die Speicherung von Cookies (sog. \u201eCookies\u201c) auf den Endger\u00e4ten.<\/span><\/li>\n<\/ul>\n<p class=\"MsoNormal\"><strong><span lang=\"PL\">2. DIE VOM BETREIBER ANGEWANDTEN AUSGEW\u00c4HLTEN DATENSCHUTZMETHODEN<\/span><\/strong><\/p>\n<p class=\"MsoNormal\"><span lang=\"PL\">Die Login- und Personendaten-Eingabeseiten sind in der \u00dcbertragungsschicht gesch\u00fctzt (SSL-Zertifikat). Dadurch wird sichergestellt, dass die auf der Website eingegebenen pers\u00f6nlichen Daten und Anmeldedaten auf dem Computer des Benutzers verschl\u00fcsselt werden und nur auf dem Zielserver gelesen werden k\u00f6nnen. <\/span><\/p>\n<p class=\"MsoNormal\"><span lang=\"PL\">Die in der Datenbank gespeicherten personenbezogenen Daten werden so verschl\u00fcsselt, dass nur derjenige, der den Operator-Schl\u00fcssel besitzt, sie lesen kann. Auf diese Weise sind die Daten gesch\u00fctzt, falls die Datenbank vom Server gestohlen wird. <\/span><\/p>\n<p class=\"MsoNormal\"><span lang=\"PL\">Benutzerpassw\u00f6rter werden in Hash-Form gespeichert. Die Hash-Funktion arbeitet in einer Einbahnstra\u00dfe - es ist nicht m\u00f6glich, sie umzukehren, was heute der moderne Standard f\u00fcr die Speicherung von Benutzerpassw\u00f6rtern ist. <\/span><\/p>\n<p class=\"MsoNormal\"><span lang=\"PL\">Der Betreiber \u00e4ndert in regelm\u00e4\u00dfigen Abst\u00e4nden seine administrativen Passw\u00f6rter.<\/span><\/p>\n<p class=\"MsoNormal\"><span lang=\"PL\">Ein wichtiges Element des Datenschutzes ist die regelm\u00e4\u00dfige Aktualisierung der gesamten Software, die der Betreiber zur Verarbeitung personenbezogener Daten einsetzt, d.h. insbesondere die regelm\u00e4\u00dfige Aktualisierung der Softwarekomponenten.<\/span><\/p>\n<p class=\"MsoNormal\"><strong><span lang=\"PL\">3. HOSTING<\/span><\/strong><\/p>\n<p class=\"MsoNormal\"><span lang=\"PL\">Die Website wird auf den Servern des Betreibers gehostet (technisch gewartet): ovhcloud.com<\/span><\/p>\n<p class=\"MsoNormal\"><span lang=\"PL\">Das Hosting-Unternehmen f\u00fchrt auf Serverebene Protokolle, um die technische Zuverl\u00e4ssigkeit zu gew\u00e4hrleisten. Die Protokolle k\u00f6nnen Folgendes enthalten: <\/span><\/p>\n<ul>\n<li class=\"MsoNormal\"><span lang=\"PL\">Ressourcen, die durch einen URL-Bezeichner angegeben werden (Adressen der angeforderten Ressourcen - Seiten, Dateien),<\/span><\/li>\n<li class=\"MsoNormal\"><span lang=\"PL\">der Zeitpunkt der Untersuchung,<\/span><\/li>\n<li class=\"MsoNormal\"><span lang=\"PL\">Zeitpunkt der \u00dcbermittlung der Antwort,<\/span><\/li>\n<li class=\"MsoNormal\"><span lang=\"PL\">der Name der Client-Station - Identifizierung \u00fcber das HTTP-Protokoll,<\/span><\/li>\n<li class=\"MsoNormal\"><span lang=\"PL\">Informationen \u00fcber Fehler, die w\u00e4hrend der Ausf\u00fchrung der HTTP-Transaktion aufgetreten sind,<\/span><\/li>\n<li class=\"MsoNormal\"><span lang=\"PL\">Informationen \u00fcber Fehler, die w\u00e4hrend der Ausf\u00fchrung der HTTP-Transaktion aufgetreten sind,<\/span><\/li>\n<li class=\"MsoNormal\"><span lang=\"PL\">Informationen \u00fcber den Browser des Benutzers,<\/span><\/li>\n<li class=\"MsoNormal\"><span lang=\"PL\">Informationen zur IP-Adresse,<\/span><\/li>\n<li class=\"MsoNormal\"><span lang=\"PL\">diagnostische Informationen im Zusammenhang mit dem Prozess der Selbstbestellung von Dienstleistungen \u00fcber Registrierstellen auf der Website,<\/span><\/li>\n<li class=\"MsoNormal\"><span lang=\"PL\">Informationen im Zusammenhang mit der Bearbeitung von E-Mails, die an den Betreiber gerichtet sind und von ihm versandt werden.<\/span><\/li>\n<\/ul>\n<p class=\"MsoNormal\"><strong><span lang=\"PL\">4. IHRE RECHTE UND ZUS\u00c4TZLICHE INFORMATIONEN \u00dcBER DIE VERWENDUNG DER DATEN<\/span><\/strong><\/p>\n<p class=\"MsoNormal\"><span lang=\"PL\">In bestimmten Situationen hat der Verwalter das Recht, Ihre personenbezogenen Daten an andere Empf\u00e4nger zu \u00fcbermitteln, wenn dies f\u00fcr die Erf\u00fcllung eines mit Ihnen geschlossenen Vertrags oder f\u00fcr die Erf\u00fcllung der dem Verwalter obliegenden Verpflichtungen erforderlich ist. <\/span>Dies gilt f\u00fcr diese Publikumsgruppen:<\/p>\n<ul>\n<li class=\"MsoNormal\">Hosting-Unternehmen auf delegierter Basis<\/li>\n<li class=\"MsoNormal\">Kuriere<\/li>\n<li class=\"MsoNormal\">Postunternehmen<\/li>\n<li class=\"MsoNormal\">Banken<\/li>\n<li class=\"MsoNormal\">Zahlungsdienstleister<\/li>\n<li class=\"MsoNormal\">autorisiertes Personal und Mitarbeiter, die die Daten zur Erf\u00fcllung des Zwecks der Website verwenden<\/li>\n<li class=\"MsoNormal\">Unternehmen, die dem Verwalter Marketingdienstleistungen anbieten<\/li>\n<\/ul>\n<p class=\"MsoNormal\">Ihre personenbezogenen Daten werden vom Verwalter nur so lange verarbeitet, wie es f\u00fcr die Durchf\u00fchrung der damit verbundenen T\u00e4tigkeiten erforderlich ist, die in gesonderten Vorschriften festgelegt sind (z. B. zur Buchf\u00fchrung). Im Hinblick auf Marketingdaten werden die Daten nicht l\u00e4nger als 3 Jahre verarbeitet. <\/p>\n<p class=\"MsoNormal\">Sie haben das Recht, sich an den Verwalter zu wenden:<\/p>\n<ul>\n<li class=\"MsoNormal\">Zugang zu den Sie betreffenden personenbezogenen Daten,<\/li>\n<li class=\"MsoNormal\">ihre Berichtigung,<\/li>\n<li class=\"MsoNormal\">L\u00f6schungen,<\/li>\n<li class=\"MsoNormal\">Einschr\u00e4nkung der Verarbeitung und Daten\u00fcbertragbarkeit.<\/li>\n<\/ul>\n<p class=\"MsoNormal\">Sie haben das Recht, in Bezug auf die in Absatz 3.2 genannte Verarbeitung Widerspruch gegen die Verarbeitung personenbezogener Daten zur Wahrung der berechtigten Interessen des f\u00fcr die Verarbeitung Verantwortlichen, einschlie\u00dflich des Profilings, einzulegen, wobei das Widerspruchsrecht nicht ausge\u00fcbt werden kann, wenn berechtigte Gr\u00fcnde f\u00fcr die Verarbeitung vorliegen, die Ihre Interessen, Rechte und Freiheiten \u00fcberwiegen, insbesondere die Feststellung, Geltendmachung oder Verteidigung von Anspr\u00fcchen.<\/p>\n<p class=\"MsoNormal\">Gegen die Handlungen des Administrators kann beim Pr\u00e4sidenten des Amtes f\u00fcr den Schutz personenbezogener Daten, ul. Stawki 2, 00-193 Warschau, Beschwerde eingelegt werden. <\/p>\n<p class=\"MsoNormal\">Die Angabe von personenbezogenen Daten ist freiwillig, aber f\u00fcr den Betrieb des Dienstes erforderlich.<\/p>\n<p class=\"MsoNormal\">Eine automatisierte Entscheidungsfindung, einschlie\u00dflich Profiling, kann in Bezug auf Sie zum Zweck der Erbringung von Dienstleistungen im Rahmen des geschlossenen Vertrags und zum Zweck der Direktwerbung durch den Verwalter erfolgen.<\/p>\n<p class=\"MsoNormal\">Personenbezogene Daten werden nicht aus Drittl\u00e4ndern im Sinne der Datenschutzgesetzgebung \u00fcbermittelt. Das bedeutet, dass wir sie nicht in L\u00e4nder au\u00dferhalb der Europ\u00e4ischen Union \u00fcbermitteln. <\/p>\n<p class=\"MsoNormal\"><strong>5. INFORMATIONEN IN DEN FORMULAREN<\/strong><\/p>\n<p class=\"MsoNormal\">Der Dienst sammelt Informationen, die der Nutzer freiwillig zur Verf\u00fcgung stellt, einschlie\u00dflich personenbezogener Daten, sofern diese zur Verf\u00fcgung gestellt werden.<\/p>\n<p class=\"MsoNormal\">Der Dienst kann Informationen \u00fcber die Verbindungsparameter (Zeitstempel, IP-Adresse) speichern.<\/p>\n<p class=\"MsoNormal\">Die Website kann in einigen F\u00e4llen Informationen speichern, um die Daten im Formular mit der E-Mail-Adresse des Benutzers, der das Formular ausf\u00fcllt, zu verkn\u00fcpfen. In diesem Fall erscheint die E-Mail-Adresse des Nutzers innerhalb der URL der Seite, die das Formular enth\u00e4lt. <\/p>\n<p class=\"MsoNormal\">Die im Formular angegebenen Daten werden zu dem Zweck verarbeitet, der sich aus der Funktion des jeweiligen Formulars ergibt, z. B. zur Bearbeitung einer Serviceanfrage oder eines Verkaufskontakts, zur Registrierung von Dienstleistungen usw. Aus dem Kontext und der Beschreibung des Formulars geht jeweils klar hervor, wof\u00fcr es verwendet wird. <\/p>\n<p class=\"MsoNormal\"><strong>6. ADMINISTRATORPROTOKOLLE<\/strong><\/p>\n<p class=\"MsoNormal\">Informationen \u00fcber das Nutzerverhalten auf der Website k\u00f6nnen protokolliert werden. Diese Daten werden f\u00fcr die Verwaltung der Website verwendet. <\/p>\n<p class=\"MsoNormal\"><strong>7. Relevante Marketingtechniken<\/strong><\/p>\n<p class=\"MsoNormal\">Der Betreiber nutzt die statistische Auswertung des Website-Verkehrs \u00fcber Google Analytics (Google Inc., mit Sitz in den USA). Der Betreiber \u00fcbermittelt keine personenbezogenen Daten an den Betreiber dieses Dienstes, sondern nur anonymisierte Informationen. Der Dienst basiert auf der Verwendung von Cookies auf dem Endger\u00e4t des Nutzers. Was die vom Google-Werbenetzwerk gesammelten Informationen \u00fcber die Nutzerpr\u00e4ferenzen betrifft, so kann der Nutzer die aus den Cookies resultierenden Informationen mit Hilfe des folgenden Tools einsehen und bearbeiten: https:\/\/www.google.com\/ads\/preferences\/.   <\/p>\n<p class=\"MsoNormal\">Der Betreiber verwendet Remarketing-Techniken, um Werbebotschaften auf das Verhalten des Nutzers auf der Website abzustimmen, was den Anschein erwecken kann, dass die pers\u00f6nlichen Daten des Nutzers verwendet werden, um den Nutzer zu verfolgen, aber in der Praxis werden keine pers\u00f6nlichen Daten vom Betreiber an die Werbebetreiber \u00fcbertragen. Eine technische Voraussetzung f\u00fcr solche Aktivit\u00e4ten ist, dass Cookies aktiviert sind. <\/p>\n<p class=\"MsoNormal\">Der Betreiber verwendet das Facebook-Pixel. Diese Technologie stellt sicher, dass Facebook (Facebook Inc., USA) wei\u00df, dass eine dort registrierte Person die Website nutzt. Der Betreiber \u00fcbermittelt keine zus\u00e4tzlichen personenbezogenen Daten an Facebook. Der Dienst basiert auf der Verwendung von Cookies auf dem Endger\u00e4t des Nutzers.   <\/p>\n<p class=\"MsoNormal\"><strong>8. INFORMATIONEN \u00dcBER COOKIES<\/strong><\/p>\n<p class=\"MsoNormal\">Die Website verwendet Cookies.<\/p>\n<p class=\"MsoNormal\">Cookies (sog. \u201eKekse\u201c) sind IT-Daten, insbesondere Textdateien, die auf dem Endger\u00e4t des Dienstnutzers gespeichert werden und f\u00fcr die Nutzung der Website bestimmt sind. Cookies enthalten in der Regel den Namen der Website, von der sie stammen, die Zeit, in der sie auf dem Endger\u00e4t gespeichert werden, und eine eindeutige Nummer. <\/p>\n<p class=\"MsoNormal\">Die Stelle, die Cookies auf dem Endger\u00e4t des Nutzers platziert und auf sie zugreift, ist der Betreiber des Dienstes.<\/p>\n<p class=\"MsoNormal\">Cookies werden f\u00fcr folgende Zwecke verwendet:<\/p>\n<p class=\"MsoNormal\">Aufrechterhaltung einer Sitzung des Website-Benutzers (nach dem Einloggen), dank derer der Benutzer sein Login und sein Passwort nicht auf jeder Unterseite der Website erneut eingeben muss;<\/p>\n<p class=\"MsoNormal\">um die oben unter \u201eWesentliche Marketingtechniken\u201c genannten Ziele zu erreichen;<\/p>\n<p class=\"MsoNormal\">Die Website verwendet zwei Haupttypen von Cookies: \u201eSession\u201c (Sitzungscookies) und \u201apermanente\u2018 (dauerhafte Cookies). \u201eSitzungs-Cookies\u201c sind tempor\u00e4re Dateien, die auf dem Endger\u00e4t des Nutzers gespeichert werden, bis dieser sich abmeldet, die Website verl\u00e4sst oder die Software (Webbrowser) ausschaltet. \u201eDauerhafte\u201c Cookies werden auf dem Endger\u00e4t des Nutzers f\u00fcr die in den Cookie-Parametern angegebene Zeit oder bis zu ihrer L\u00f6schung durch den Nutzer gespeichert.  <\/p>\n<p class=\"MsoNormal\">Die Web-Browsing-Software (Webbrowser) erlaubt in der Regel standardm\u00e4\u00dfig die Speicherung von Cookies auf dem Endger\u00e4t des Nutzers. Die Nutzer der Website k\u00f6nnen ihre diesbez\u00fcglichen Einstellungen \u00e4ndern. Der Internet-Browser bietet die M\u00f6glichkeit, Cookies zu l\u00f6schen. Es ist auch m\u00f6glich, Cookies automatisch zu blockieren. Einzelheiten entnehmen Sie bitte der Hilfe oder Dokumentation Ihres Internet-Browsers.   <\/p>\n<p class=\"MsoNormal\">Einschr\u00e4nkungen bei der Verwendung von Cookies k\u00f6nnen einige der auf der Website verf\u00fcgbaren Funktionen beeintr\u00e4chtigen.<\/p>\n<p class=\"MsoNormal\">Die im Endger\u00e4t des Nutzers des Dienstes platzierten Cookies k\u00f6nnen auch von Einrichtungen verwendet werden, die mit dem Betreiber des Dienstes zusammenarbeiten, insbesondere von Unternehmen: Google (Google Inc. mit Sitz in den USA), Facebook (Facebook Inc. mit Sitz in den USA), Twitter (Twitter Inc. mit Sitz in den USA).<\/p>\n<p class=\"MsoNormal\"><strong>9. UMGANG MIT COOKIES - WIE KANN DIE ZUSTIMMUNG IN DER PRAXIS GENUTZT UND WIDERRUFEN WERDEN?<\/strong><\/p>\n<p class=\"MsoNormal\">Wenn Sie keine Cookies erhalten m\u00f6chten, k\u00f6nnen Sie Ihre Browsereinstellungen \u00e4ndern. Wir weisen darauf hin, dass die Deaktivierung von Cookies, die f\u00fcr Authentifizierungsprozesse, die Sicherheit und die Beibehaltung von Benutzerpr\u00e4ferenzen unerl\u00e4sslich sind, die Nutzung der Websites erschweren und in extremen F\u00e4llen unm\u00f6glich machen kann <\/p>\n<p class=\"MsoNormal\">Um Ihre Cookie-Einstellungen zu verwalten, w\u00e4hlen Sie den von Ihnen verwendeten Webbrowser aus der nachstehenden Liste aus und folgen Sie den Anweisungen:<\/p>\n<p class=\"MsoNormal\"><strong>Edge<\/strong><\/p>\n<p class=\"MsoNormal\"><strong>Internet Explorer<\/strong><\/p>\n<p class=\"MsoNormal\"><strong>Chrome<\/strong><\/p>\n<p class=\"MsoNormal\"><strong>Safari<\/strong><\/p>\n<p class=\"MsoNormal\"><strong>Firefox<\/strong><\/p>\n<p class=\"MsoNormal\"><strong>Opera<\/strong><\/p>\n<p class=\"MsoNormal\"><strong>Mobile Ger\u00e4te:<\/strong><\/p>\n<p class=\"MsoNormal\"><strong>Android<\/strong><\/p>\n<p class=\"MsoNormal\"><strong>Safari (iOS)<\/strong><\/p>\n<p class=\"MsoNormal\"><strong>Windows Phone<\/strong><\/p>\n<p class=\"MsoNormal\">&nbsp;<\/p>\n\t\t\t\t\t<\/div>\n\t\t\t\t<\/div>\n\t\t\t\t<\/div>\n\t\t\t\t\t<\/div>\n\t\t\t\t<\/div>\n\t\t\t\t<\/div>\n\t\t","protected":false},"excerpt":{"rendered":"<p>DATENSCHUTZPOLITIK 1. ALLGEMEINE INFORMATIONEN Diese Richtlinie gilt f\u00fcr die Website, die unter der folgenden URL betrieben wird: shop.polonarko.com Der Betreiber<\/p>\n","protected":false},"author":1,"featured_media":0,"parent":0,"menu_order":0,"comment_status":"closed","ping_status":"open","template":"","meta":{"footnotes":""},"class_list":["post-17548","page","type-page","status-publish","hentry"],"yoast_head":"<!-- This site is optimized with the Yoast SEO plugin v24.6 - https:\/\/yoast.com\/wordpress\/plugins\/seo\/ -->\n<title>DATENSCHUTZPOLITIK - POLONARKO<\/title>\n<meta name=\"robots\" content=\"index, follow, max-snippet:-1, max-image-preview:large, max-video-preview:-1\" \/>\n<link rel=\"canonical\" href=\"https:\/\/shop.polonarko.com\/de\/datenschutzpolitik\/\" \/>\n<meta property=\"og:locale\" content=\"de_DE\" \/>\n<meta property=\"og:type\" content=\"article\" \/>\n<meta property=\"og:title\" content=\"DATENSCHUTZPOLITIK - POLONARKO\" \/>\n<meta property=\"og:description\" content=\"DATENSCHUTZPOLITIK 1. ALLGEMEINE INFORMATIONEN Diese Richtlinie gilt f\u00fcr die Website, die unter der folgenden URL betrieben wird: shop.polonarko.com Der Betreiber\" \/>\n<meta property=\"og:url\" content=\"https:\/\/shop.polonarko.com\/de\/datenschutzpolitik\/\" \/>\n<meta property=\"og:site_name\" content=\"POLONARKO\" \/>\n<meta property=\"article:modified_time\" content=\"2024-10-09T12:31:49+00:00\" \/>\n<meta name=\"twitter:card\" content=\"summary_large_image\" \/>\n<meta name=\"twitter:label1\" content=\"Gesch\u00e4tzte Lesezeit\" \/>\n\t<meta name=\"twitter:data1\" content=\"8\u00a0Minuten\" \/>\n<script type=\"application\/ld+json\" class=\"yoast-schema-graph\">{\"@context\":\"https:\/\/schema.org\",\"@graph\":[{\"@type\":\"WebPage\",\"@id\":\"https:\/\/shop.polonarko.com\/de\/datenschutzpolitik\/\",\"url\":\"https:\/\/shop.polonarko.com\/de\/datenschutzpolitik\/\",\"name\":\"DATENSCHUTZPOLITIK - POLONARKO\",\"isPartOf\":{\"@id\":\"https:\/\/shop.polonarko.com\/de\/#website\"},\"datePublished\":\"2024-08-29T18:07:43+00:00\",\"dateModified\":\"2024-10-09T12:31:49+00:00\",\"breadcrumb\":{\"@id\":\"https:\/\/shop.polonarko.com\/de\/datenschutzpolitik\/#breadcrumb\"},\"inLanguage\":\"de\",\"potentialAction\":[{\"@type\":\"ReadAction\",\"target\":[\"https:\/\/shop.polonarko.com\/de\/datenschutzpolitik\/\"]}]},{\"@type\":\"BreadcrumbList\",\"@id\":\"https:\/\/shop.polonarko.com\/de\/datenschutzpolitik\/#breadcrumb\",\"itemListElement\":[{\"@type\":\"ListItem\",\"position\":1,\"name\":\"Strona g\u0142\u00f3wna\",\"item\":\"https:\/\/shop.polonarko.com\/de\/\"},{\"@type\":\"ListItem\",\"position\":2,\"name\":\"DATENSCHUTZPOLITIK\"}]},{\"@type\":\"WebSite\",\"@id\":\"https:\/\/shop.polonarko.com\/de\/#website\",\"url\":\"https:\/\/shop.polonarko.com\/de\/\",\"name\":\"POLONARKO\",\"description\":\"POLONARKO IST KLEIDUNG, KULTUR, REBELLION, MUSIK, GRAFFITI. POLONARKO IST FUDAMENT. GEHEN SIE AUF DIE WEBSITE UND MELDEN SIE SICH F\u00dcR DIE GEMEINSCHAFT AN. \",\"publisher\":{\"@id\":\"https:\/\/shop.polonarko.com\/de\/#organization\"},\"potentialAction\":[{\"@type\":\"SearchAction\",\"target\":{\"@type\":\"EntryPoint\",\"urlTemplate\":\"https:\/\/shop.polonarko.com\/de\/?s={search_term_string}\"},\"query-input\":{\"@type\":\"PropertyValueSpecification\",\"valueRequired\":true,\"valueName\":\"search_term_string\"}}],\"inLanguage\":\"de\"},{\"@type\":\"Organization\",\"@id\":\"https:\/\/shop.polonarko.com\/de\/#organization\",\"name\":\"POLONARKO\",\"url\":\"https:\/\/shop.polonarko.com\/de\/\",\"logo\":{\"@type\":\"ImageObject\",\"inLanguage\":\"de\",\"@id\":\"https:\/\/shop.polonarko.com\/de\/#\/schema\/logo\/image\/\",\"url\":\"https:\/\/shop.polonarko.com\/wp-content\/uploads\/2024\/08\/cropped-logo-e1726125761427.webp\",\"contentUrl\":\"https:\/\/shop.polonarko.com\/wp-content\/uploads\/2024\/08\/cropped-logo-e1726125761427.webp\",\"width\":512,\"height\":512,\"caption\":\"POLONARKO\"},\"image\":{\"@id\":\"https:\/\/shop.polonarko.com\/de\/#\/schema\/logo\/image\/\"},\"sameAs\":[\"https:\/\/www.instagram.com\/polonarkoclothing\/\",\"https:\/\/www.tiktok.com\/@polonarkoclothing\"]}]}<\/script>\n<!-- \/ Yoast SEO plugin. -->","yoast_head_json":{"title":"DATENSCHUTZPOLITIK - POLONARKO","robots":{"index":"index","follow":"follow","max-snippet":"max-snippet:-1","max-image-preview":"max-image-preview:large","max-video-preview":"max-video-preview:-1"},"canonical":"https:\/\/shop.polonarko.com\/de\/datenschutzpolitik\/","og_locale":"de_DE","og_type":"article","og_title":"DATENSCHUTZPOLITIK - POLONARKO","og_description":"DATENSCHUTZPOLITIK 1. ALLGEMEINE INFORMATIONEN Diese Richtlinie gilt f\u00fcr die Website, die unter der folgenden URL betrieben wird: shop.polonarko.com Der Betreiber","og_url":"https:\/\/shop.polonarko.com\/de\/datenschutzpolitik\/","og_site_name":"POLONARKO","article_modified_time":"2024-10-09T12:31:49+00:00","twitter_card":"summary_large_image","twitter_misc":{"Gesch\u00e4tzte Lesezeit":"8\u00a0Minuten"},"schema":{"@context":"https:\/\/schema.org","@graph":[{"@type":"WebPage","@id":"https:\/\/shop.polonarko.com\/de\/datenschutzpolitik\/","url":"https:\/\/shop.polonarko.com\/de\/datenschutzpolitik\/","name":"DATENSCHUTZPOLITIK - POLONARKO","isPartOf":{"@id":"https:\/\/shop.polonarko.com\/de\/#website"},"datePublished":"2024-08-29T18:07:43+00:00","dateModified":"2024-10-09T12:31:49+00:00","breadcrumb":{"@id":"https:\/\/shop.polonarko.com\/de\/datenschutzpolitik\/#breadcrumb"},"inLanguage":"de","potentialAction":[{"@type":"ReadAction","target":["https:\/\/shop.polonarko.com\/de\/datenschutzpolitik\/"]}]},{"@type":"BreadcrumbList","@id":"https:\/\/shop.polonarko.com\/de\/datenschutzpolitik\/#breadcrumb","itemListElement":[{"@type":"ListItem","position":1,"name":"Strona g\u0142\u00f3wna","item":"https:\/\/shop.polonarko.com\/de\/"},{"@type":"ListItem","position":2,"name":"DATENSCHUTZPOLITIK"}]},{"@type":"WebSite","@id":"https:\/\/shop.polonarko.com\/de\/#website","url":"https:\/\/shop.polonarko.com\/de\/","name":"POLONARKO","description":"POLONARKO IST KLEIDUNG, KULTUR, REBELLION, MUSIK, GRAFFITI. POLONARKO IST FUDAMENT. GEHEN SIE AUF DIE WEBSITE UND MELDEN SIE SICH F\u00dcR DIE GEMEINSCHAFT AN. ","publisher":{"@id":"https:\/\/shop.polonarko.com\/de\/#organization"},"potentialAction":[{"@type":"SearchAction","target":{"@type":"EntryPoint","urlTemplate":"https:\/\/shop.polonarko.com\/de\/?s={search_term_string}"},"query-input":{"@type":"PropertyValueSpecification","valueRequired":true,"valueName":"search_term_string"}}],"inLanguage":"de"},{"@type":"Organization","@id":"https:\/\/shop.polonarko.com\/de\/#organization","name":"POLONARKO","url":"https:\/\/shop.polonarko.com\/de\/","logo":{"@type":"ImageObject","inLanguage":"de","@id":"https:\/\/shop.polonarko.com\/de\/#\/schema\/logo\/image\/","url":"https:\/\/shop.polonarko.com\/wp-content\/uploads\/2024\/08\/cropped-logo-e1726125761427.webp","contentUrl":"https:\/\/shop.polonarko.com\/wp-content\/uploads\/2024\/08\/cropped-logo-e1726125761427.webp","width":512,"height":512,"caption":"POLONARKO"},"image":{"@id":"https:\/\/shop.polonarko.com\/de\/#\/schema\/logo\/image\/"},"sameAs":["https:\/\/www.instagram.com\/polonarkoclothing\/","https:\/\/www.tiktok.com\/@polonarkoclothing"]}]}},"jetpack_sharing_enabled":true,"_links":{"self":[{"href":"https:\/\/shop.polonarko.com\/de\/wp-json\/wp\/v2\/pages\/17548","targetHints":{"allow":["GET"]}}],"collection":[{"href":"https:\/\/shop.polonarko.com\/de\/wp-json\/wp\/v2\/pages"}],"about":[{"href":"https:\/\/shop.polonarko.com\/de\/wp-json\/wp\/v2\/types\/page"}],"author":[{"embeddable":true,"href":"https:\/\/shop.polonarko.com\/de\/wp-json\/wp\/v2\/users\/1"}],"replies":[{"embeddable":true,"href":"https:\/\/shop.polonarko.com\/de\/wp-json\/wp\/v2\/comments?post=17548"}],"version-history":[{"count":1,"href":"https:\/\/shop.polonarko.com\/de\/wp-json\/wp\/v2\/pages\/17548\/revisions"}],"predecessor-version":[{"id":17549,"href":"https:\/\/shop.polonarko.com\/de\/wp-json\/wp\/v2\/pages\/17548\/revisions\/17549"}],"wp:attachment":[{"href":"https:\/\/shop.polonarko.com\/de\/wp-json\/wp\/v2\/media?parent=17548"}],"curies":[{"name":"wp","href":"https:\/\/api.w.org\/{rel}","templated":true}]}}